{"id":52,"date":"2015-03-29T23:03:48","date_gmt":"2015-03-29T23:03:48","guid":{"rendered":"http:\/\/www.riformaremilano.polimi.it\/?page_id=52"},"modified":"2016-02-01T08:59:21","modified_gmt":"2016-02-01T08:59:21","slug":"materiali-2014","status":"publish","type":"page","link":"https:\/\/www.riformaremilano.polimi.it\/?page_id=52","title":{"rendered":"Corsi e Laboratori 2014"},"content":{"rendered":"<p><strong>1. <a href=\"http:\/\/www.riformaremilano.polimi.it\/?p=120\">CASERMA RUBATTIN<\/a><\/strong><a href=\"http:\/\/www.riformaremilano.polimi.it\/?p=120\"><strong>O<\/strong><\/a> &#8211; RECINTO INTERDETTO<\/p>\n<p style=\"padding-left: 30px;\"><a href=\"http:\/\/www.riformaremilano.polimi.it\/?page_id=428\">Laboratorio di Progettazione Architettonica 3<\/a><br \/>\nDocenti: Roberto Ravegnani Morosini, Micaela Pesatori<br \/>\nStudenti:\u00a0Ramona Bassanini, Giulia Baruzzi, Mario Baldantoni, Alberto Bettin, Valerio Bottalico, Giorgio Pizzi, Francesco Biral, Francesco Cappelletti, Marcos Romero, Anna Cavenago, Arianna Di Pasquale, Francesco Pino, Paolo Besana, Virginia Lina, Gaia L. Masera, Rossella Ravasio, Marta Romussi, Luca Nobili, Marco Ognibene, Chiara Paderi, Matteo Negri, Marco Visentini<\/p>\n<p style=\"padding-left: 30px;\"><a href=\"http:\/\/www.riformaremilano.polimi.it\/?page_id=430\">Laboratorio di Progettazione Urbanistica<\/a><br \/>\nDocenti: Laura Montedoro, Vincenzo Gaglio, Paolo Mazzoleni<br \/>\nStudenti:\u00a0Giulia Agostini, Maria Vittoria Carrozzo, Irene Cristofori, Francesco Capuzzo, Pietro Manara, Enrico Miglietta, Giovanni Casalini, Ambra Chiesa, Giorgia Cedro, Pietro Gualazzi, Federico Guarini, Valentina Mometto<\/p>\n<p style=\"padding-left: 30px;\"><a href=\"http:\/\/www.riformaremilano.polimi.it\/?page_id=432\">Laboratorio di Progettazione Architettonica e Urbana 1<\/a><br \/>\nDocenti: Marco Lucchini, Anna Moretti<br \/>\nStudenti: Filippo Amoretti, Clara Angioletti, Gaia Bellini, Elisa Boschi, Lisa Bricarello, Giulia Galimberti, Marta Grisolia, Martina Lorenzini, Federico Olivari, Beatrice Quetti, Barbara Savoldelli, Benedetta Sciaraffa<\/p>\n<p style=\"padding-left: 30px;\"><a href=\"http:\/\/www.riformaremilano.polimi.it\/?page_id=434\">Architectural Design Studio 2<\/a><br \/>\nDocenti: Fabrizio Leoni, Andrea De Matteis, Cesare Ventura<br \/>\nStudenti:\u00a0Mauro Cecchini, Marta Dell\u2019Ovo, Helena Doss, Irene Fam\u00e0, Aleksandra Franz, Jair Galvan, Shan Ganyu, Ma Huan, Karina Krilova Roxana Mazilu, Kathryn McKenzie, Wang Meng, Parisa Rafipour, Pelin Seven, Li Shang, Wang Siyin, Alessandro Tatti, Bianca Maria Teti, Hu Yalin, Guo Yanxiao, Zhu Yimiao, Zhuang Yu<\/p>\n<p style=\"padding-left: 30px;\"><a href=\"http:\/\/www.riformaremilano.polimi.it\/?page_id=436\">Laboratorio di Progettazione Architettonica e Urbana<\/a><br \/>\nDocenti: Raffaele Pugliese, Laura Pogliani<br \/>\nStudenti:\u00a0Stefano Ardig\u00f2, Maicol Barcella, \u00a0Edoardo Colombo, Fabio Di Nardo, Francesca Di Silvestre, Davide R. Ferrari,\u00a0Ilaria Gambino,\u00a0Federico Michieli, Nicolle Oliari, Alberto Pievani,\u00a0Andrea Visconti<\/p>\n<p style=\"padding-left: 30px;\"><a href=\"http:\/\/www.riformaremilano.polimi.it\/?page_id=438\">Laboratorio di Progettazione Architettonica 1<\/a><br \/>\nDocenti: Fabio Alessandro Fusco, Stefano Antonelli<br \/>\nStudenti:\u00a0Paolo Conte, Sara Corrado, Edoardo Croce, Margherita De Nardis, Carlo Ferrari, Gabriele Garitta, Arianna Lucca, Tommaso Mennuni, Elia Perego, Carolina Scarnati, Dimitri Serighelli, Pietro Servalli, Martina Terragni, Marta Trainini, Samuele Vago,\u00a0Amarda Velcani<\/p>\n<p><strong>2. <a href=\"http:\/\/www.riformaremilano.polimi.it\/?p=87\">EX MACELLO<\/a><\/strong> &#8211; GRANDI ATTREZZATURE IN ROVINA<\/p>\n<p style=\"padding-left: 30px;\"><a href=\"http:\/\/www.riformaremilano.polimi.it\/?page_id=449\">Town Planning Design Workshop<\/a><br \/>\nDocenti: Corinna Morandi, Federico Jappelli, Lina Scavuzzo<br \/>\nStudenti:\u00a0Marta Bacuzzi, Miroslav Cvjetkkovic,\u00a0Inkoom Ekow Aseda, Giulia Pagliara,\u00a0Atak Selim,\u00a0Polina Kanatouri,\u00a0Kitai Akihiro,\u00a0Grigorius Petropoulos, Margarita Petrova<\/p>\n<p style=\"padding-left: 30px;\"><a href=\"http:\/\/www.riformaremilano.polimi.it\/?page_id=451\">Laboratorio di Progettazione Architettonica 1<\/a><br \/>\nDocenti: Roberto Spagnolo, Barbara Coppetti, Giancarlo Allen<br \/>\nStudenti:\u00a0Serena Castelli, Laura Cettolin, Elena Cavagnera, Simona D\u2019Apolito, Francesca Orlandi, Riccardo Zocche, Irene Curatolo, Beatrice Chiapponi, Markus Klotzner, Gerda Villgrater<\/p>\n<p style=\"padding-left: 30px;\"><a href=\"http:\/\/www.riformaremilano.polimi.it\/?page_id=453\">Multi-Scale Architectural Design Studio<\/a><br \/>\nDocenti: Guya Bertelli, Andrea Cammarata, Sandro Rolla<br \/>\nStudenti:\u00a0Ivanka Ivanova, Krasimir Krumov,\u00a0Beatrice Bigi, Benedetta De Mitri, Alessandro Ferrari<\/p>\n<p style=\"padding-left: 30px;\"><a href=\"http:\/\/www.riformaremilano.polimi.it\/?page_id=455\">Laboratorio di Progettazione e Costruzione dell\u2019Architettura<\/a><br \/>\nDocenti: Emilio Battisti, Francesca Battisti, Roberta Contrino,\u00a0Gabriele Angelo Nizzi, Paolo Oliaro, Luca Sgambi<br \/>\nStudenti:\u00a0Lorenzo Castellani Lovati, Lorenzo Cristoforetti, Salvatore Peluso, Polina Lazorkina<\/p>\n<p style=\"padding-left: 30px;\"><a href=\"%20http:\/\/www.riformaremilano.polimi.it\/?page_id=1680\">Tesi di Laurea Magistrale\u00a0&#8211;\u00a0Chiara Loris<\/a><br \/>\nRelatore:\u00a0Emilio Battisti<\/p>\n<p style=\"padding-left: 30px;\"><a href=\"http:\/\/www.riformaremilano.polimi.it\/?page_id=1683\">Tesi di Laurea Magistrale\u00a0&#8211;\u00a0Lorenzo Cristoforetti, Salvatore Peluso<\/a><br \/>\nRelatore: Francesca Battisti, Emilio Battisti<\/p>\n<p style=\"padding-left: 30px;\"><a href=\"%20http:\/\/www.riformaremilano.polimi.it\/?page_id=1688\">Tesi di Laurea Magistrale\u00a0&#8211;\u00a0Gabriele Bertoglio, Marcello\u00a0Ghidini<\/a><br \/>\nRelatore: Corinna Morandi<\/p>\n<p><strong>3. <a href=\"http:\/\/www.riformaremilano.polimi.it\/?p=117\">PORTO DI MARE<\/a><\/strong> &#8211; MARGINE RAREFATTO<\/p>\n<p style=\"padding-left: 30px;\"><a href=\"http:\/\/www.riformaremilano.polimi.it\/?page_id=459\">Laboratorio di Progettazione Urbanistica<\/a><br \/>\nDocenti: Stefano Stabilini, Fiorella Felloni<br \/>\nStudenti:\u00a0Miriam Bianchi, Gianluca Bosi,\u00a0Elisa Cardinali,\u00a0Michela Valenti,\u00a0Chiara Caminati,\u00a0 Letizia Mozzi, Maria Rosaria Tancini,\u00a0Simone Belvedere,\u00a0Mattia Croci,\u00a0Francesco Santulli<\/p>\n<p style=\"padding-left: 30px;\"><a href=\"http:\/\/www.riformaremilano.polimi.it\/?page_id=461\">Multi-Scale Architectural Design Studio<\/a><br \/>\nDocenti: Herv\u00e9 Dubois, Ioanni Del Sante, Gianluca Vita<br \/>\nStudenti:\u00a0Laura Borgognoni, Riccardo Brusamonti, Anh Tuan Nguyen, Duong Vuong Thuy,\u00a0Amanda Padilla, Eleni Triantafyllidi, Jorge Latorre, Karina Zhyvotovska, Lesley Bou Nassif,\u00a0Aboulghasemi Sasan, Chavosh Anahid, Ha Duc Cuong, Reza Katayoun, Tran Ngoc Ban<\/p>\n<p style=\"padding-left: 30px;\"><a href=\"http:\/\/www.riformaremilano.polimi.it\/?page_id=1703\">Tesi di Laurea Magistrale\u00a0&#8211;\u00a0Caterina Di Felice<\/a><br \/>\nRelatore:\u00a0Marco Bovati<\/p>\n<p><strong>4. <a href=\"http:\/\/www.riformaremilano.polimi.it\/?p=114\">VIA MECENATE &#8211; VIA DEI PESTAGALLI<\/a><\/strong> &#8211; DECADENZA E MUTAZIONE<\/p>\n<p style=\"padding-left: 30px;\"><a href=\"http:\/\/www.riformaremilano.polimi.it\/?page_id=465\">Town Planning Design Workshop<\/a><br \/>\nDocenti: Corinna Morandi, Federico Jappelli, Lina Scavuzzo<br \/>\nStudenti: Eugenia Bolla, Stefano Lardera, Teresa Pontini, Maria Cecilia Stoppani, Elisa Borghi, Gunerkan Utkan, Johanna Sophia Lehmann, Rachev Encho Dimitrov,\u00a0Wen Hsien Huang, Sandy Jiyoon Kim, Tatiana Kulikova, Egor Grositskiy, Aleksandre Andghuladze, Pedro Santos<\/p>\n<p style=\"padding-left: 30px;\"><a href=\"http:\/\/www.riformaremilano.polimi.it\/?page_id=468\">Laboratorio di Progettazione Architettonica 2<\/a><br \/>\nDocenti: Lorenzo Consalez, Paolo Piumatti<br \/>\nStudenti:\u00a0Maele De Carli, Federica Fontanini, Ambra Orlandelli, Erica Rascon\u00e0, Linda Rotondaro,\u00a0Luca Sala, Nicola Botti, Paola Seminati, Giovanni Damoli, Ilaria Dolcetti, Matteo Joseph da Lisca<\/p>\n<p style=\"padding-left: 30px;\"><a href=\"http:\/\/www.riformaremilano.polimi.it\/?page_id=470\">Tesi di Laurea Magistrale<\/a><br \/>\nRelatore: Barbara Coppetti<\/p>\n<p><strong>5. <a href=\"http:\/\/www.riformaremilano.polimi.it\/?p=106\">EX CINEMA MAESTOSO<\/a><\/strong> &#8211; OBSOLESCENZA DELLA SCENA URBANA<\/p>\n<p style=\"padding-left: 30px;\"><a href=\"http:\/\/www.riformaremilano.polimi.it\/?page_id=475\">Laboratorio di Progettazione Architettonica 2<\/a><br \/>\nDocenti: Barbara Coppetti, Gianni Savarro<br \/>\nStudenti:\u00a0Octavio Julian Blanco, Attilio Bonelli, Francesco Garbujo, Gioele Giudici, Laura Grandis, Anna Greppi, Anna Noris, Giulia Pezzera, Davide Rampinelli, Denny Vitali, Marta Zanardi, Ileana Zulli<\/p>\n<p style=\"padding-left: 30px;\"><a href=\"http:\/\/www.riformaremilano.polimi.it\/?page_id=477\">Laboratorio di Progettazione Architettonica 3<\/a><br \/>\nDocenti: Alessandro Rocca, Matteo Aimini, Silvia Dalzero<br \/>\nStudenti:\u00a0Nicol\u00f2 Panzeri,\u00a0Andrea Pecis,\u00a0Michela Florio,\u00a0Beatrice Colombo, Marta Ornago,\u00a0Leonardo Ronchi, Andrea Verzini<\/p>\n<p style=\"padding-left: 30px;\"><a href=\"http:\/\/www.riformaremilano.polimi.it\/?page_id=480\">Laboratorio di Progettazione Architettonica 3<\/a><br \/>\nDocenti: Luigi Trentin, Katia Accossato<br \/>\nStudenti:\u00a0Camilla Bellani, Federica Bettin, Giulio Colucci, Andrea Filippo Cremonesi, Paolo De Capitani, Daniele Dalbosco, Matteo Rapini, Carmine Rizzuti<\/p>\n<p style=\"padding-left: 30px;\"><a href=\"http:\/\/www.riformaremilano.polimi.it\/?page_id=484\">Laboratorio di Progettazione Architettonica 1<\/a><br \/>\nDocenti: Camillo Magni, Paolo Carli, Andrea De Matteis<br \/>\nStudenti:\u00a0Elena Sofia Calabr\u00f2, Flavia Calia, Pietro Gualazzi, Giovanni Casalini, Eleonora Riccioni, Carlo Turuani<\/p>\n<p style=\"padding-left: 30px;\"><a href=\"http:\/\/www.riformaremilano.polimi.it\/?page_id=572\">Laboratorio di Progettazione Architettonica 1<\/a><br \/>\nDocenti: Orsina Simona Pierini, Eleonora Salsa,\u00a0Alessandro Isastia<br \/>\nStudenti:\u00a0Carolina Zanin, Tania Braca, Giuditta Nacamulli, Camilla Marini, Harold Enrique Huerto Cardenas, Michele Sardini, Elisa Carretti, Manuela Maria Cruz Torres<\/p>\n<p style=\"padding-left: 30px;\"><a href=\"http:\/\/www.riformaremilano.polimi.it\/?page_id=1485\" target=\"_blank\">Tesi di Laurea Magistrale\u00a0&#8211;\u00a0Francesca Berni<\/a><br \/>\nRelatore: Ilaria Valente<\/p>\n<p style=\"padding-left: 30px;\"><a href=\"http:\/\/www.riformaremilano.polimi.it\/?page_id=1491\" target=\"_blank\">Tesi di Laurea Magistrale\u00a0&#8211;\u00a0Antonio Cinquegrana, Silvia Diodato, Silvia Pozzi<\/a><br \/>\nRelatore:\u00a0Roberto Rizzi<\/p>\n<p style=\"padding-left: 30px;\"><a href=\"http:\/\/www.riformaremilano.polimi.it\/?page_id=1495\" target=\"_blank\">Tesi di Laurea Magistrale\u00a0&#8211;\u00a0Stefania Colombo, Francesca Tognocchi, Stefania Ubiglia<\/a><br \/>\nRelatore:\u00a0Roberto Rizzi<\/p>\n<p style=\"padding-left: 30px;\"><a href=\"http:\/\/www.riformaremilano.polimi.it\/?page_id=1500\" target=\"_blank\">Tesi di Laurea Magistrale\u00a0&#8211;\u00a0Davide Grattieri, Clelia Mandaglio, Riccardo Veronesi Brunner<\/a><br \/>\nRelatore:\u00a0Roberto Rizzi<\/p>\n<p style=\"padding-left: 30px;\"><a href=\"http:\/\/www.riformaremilano.polimi.it\/?page_id=1504\" target=\"_blank\">Tesi di Laurea Magistrale\u00a0&#8211;\u00a0Mattia Marin<\/a><br \/>\nRelatore:\u00a0Alessandro Rocca<\/p>\n<p><strong>6. <a href=\"http:\/\/www.riformaremilano.polimi.it\/?p=103\">CORSO XXII MARZO<\/a><\/strong> &#8211; TASSELLI DI DEGRADO<\/p>\n<p style=\"padding-left: 30px;\"><a href=\"http:\/\/www.riformaremilano.polimi.it\/?page_id=497\">Laboratorio di Progettazione Architettonica 2<\/a><br \/>\nDocenti: Ilaria Valente, Andrea Oldani, Stefano Diene<br \/>\nStudenti:\u00a0Pietro Frapoli, Camilla Galloni, Ester Ippolito, Luca Perani, \u00a0Stefano Calzone<\/p>\n<p style=\"padding-left: 30px;\"><a href=\"http:\/\/www.riformaremilano.polimi.it\/?page_id=499\">Laboratorio di Progettazione Architettonica 2<\/a><br \/>\nDocenti: Nikos Ktenas, Cristiana Achille<br \/>\nStudenti:\u00a0Giacomo Boscolo Sassariolo, Giuseppe Capalbo, Michela Caserini, Nicola Casonetto, Lorenzo Castelbuono, Nicola Clivati, Marco De Donno, Lorenzo Ducoli, Raffaele Luzio, Giovanni Mazzanti<\/p>\n<p style=\"padding-left: 30px;\"><a href=\"http:\/\/www.riformaremilano.polimi.it\/?page_id=501\">Laboratorio di Rappresentazione<\/a><br \/>\nDocenti: Lucia Krasovec Lucas, Maria Paola Marabotto<br \/>\nStudenti:\u00a0Riccardo Stazione, Marta Stecca, Giulia Stefanina, Claudia Storelli, Martina Storer, Olimpia Strada, Jessica Stravato, Cesare Taetti, Anna Cecilia Tamburini, Alessandro Tantini, Othman Tarmoun, Alessandro Tarolli, Giorgia Tasca, Tommaso Tellarini, Ilaria Testa, Federica Tesoro, Mattia Tettoni, Stefano Titta, Valentina Tinivella, Domenico Tirrito, Stefano Togni, Anna Tollot, Marica Torresani, Giulia Tosarello, Alberto Trapuzzano Molinaro, Arianna Travaglini, Mariatisbe Triaca, Rocco Trussoni, Chiara Tunesi, Gianfranco Turco, Angela Turra, Giulia Urani, Elisa Urbanetto, Giulia Vago, Camilla Elisabetta Valenti, Marco Valerio, Eleonora Valle, Federica Valneri, Federica Varenna, Vavassori, Riccardo Vavassori, Federico Velludo, Giulia Venco, Caterina Vendramini, Francesca Venini, Elisabetta Ventilii, Galatea Venturelli, Roberto Verona, Beatrice Vignati, Matilde Villa, Lorenzo Visentini, Alessandro Giovanni Voltan, , Elloni Vulin, Harrison Wagor, Iveta Yancheva, Marina Zagato, Matteo Zanelotti, Manuel Zangirolami, Tommaso Zanini, Alessia Zanzottera, Lara Zentilomo, Davide Zito, Elena Zocchi, Martina Zucchetti, Micol Zucchini, Ezio Zupelli<\/p>\n<p style=\"padding-left: 30px;\"><a href=\"http:\/\/www.riformaremilano.polimi.it\/?page_id=503\">Laboratorio di Progettazione Architettonica 2<\/a><br \/>\nDocenti: Mariella Brenna, Carmen Carbone<br \/>\nStudenti:\u00a0Alessandro Cosa, Matheus Domenghini Albano, Beatrice Durante, Vittorio Degli Innocenti, Rebecca Felline, Lisa Frison, Chiara Gargan, Giuglia Germagnoli, Francesca Girolami, Francesca Tiberi, Aranzazu Vicencio Huerta<\/p>\n<p style=\"padding-left: 30px;\"><a href=\"http:\/\/www.riformaremilano.polimi.it\/?page_id=505\">Laboratorio di Progettazione dell\u2019Architettura 2<\/a><br \/>\nDocenti: Giovanni Tomaso Muzio<br \/>\nStudenti:\u00a0Eugenio Bruno, Emilio Ellena, Stefano Giani, Alessio Luzzi, Francesco Pasi, Rosa Rapacciuolo, Valentina Riverso, Matteo Tronci<\/p>\n<p style=\"padding-left: 30px;\"><a href=\"http:\/\/www.riformaremilano.polimi.it\/?page_id=414\">Laboratorio di Progettazione Architettonica 1<\/a><br \/>\nDocenti: Cristina Bergo, Cristina Fiordimela, Angelo Gualandi<br \/>\nStudenti:\u00a0Giovanni D\u2019Odorico Borsoni, Ilaria Furbetta, Joaquin Miguel Estrada Tapia, Stefano Evangelista,\u00a0Marianna Frangipane, Francesca Gardini, Angela Doglio, Alessia Esposito,\u00a0Camilla Galmozzi, Matteo Gawlak, Elena Floridia, Valentina Galiulo<\/p>\n<p style=\"padding-left: 30px;\"><a href=\"http:\/\/www.riformaremilano.polimi.it\/?page_id=507\">Laboratorio Tematico Opzionale<\/a><br \/>\nDocenti: Mariella Brenna, Enrico Gianni, Andrea Roscini<br \/>\nStudenti:\u00a0Matteo Morelli, Andrea Pagano, Mattia Pigozzo, Gian Claudio Scarafini, Virginia Sellari, Valeria Virdis, Giorgio Cerrato<\/p>\n<p style=\"padding-left: 30px;\"><a href=\"http:\/\/www.riformaremilano.polimi.it\/?page_id=509\">Laboratorio di Costruzione dell\u2019Architettura<\/a><br \/>\nDocenti: Anna Delera, Giovanni Tomaso Muzio<br \/>\nStudenti:\u00a0Silvia Barni, Martina Biava, Federico Lombardoni,\u00a0Cecilia Ferrero, Anna Greppi, Silvia Spreafico<\/p>\n<p style=\"padding-left: 30px;\"><a href=\"http:\/\/www.riformaremilano.polimi.it\/?page_id=512\">Laboratorio di Costruzione dell\u2019Architettura<\/a><br \/>\nDocenti: Alessandra Zanelli, Carol Monticelli<br \/>\nStudenti:\u00a0Sara Locatelli, Martina Manca, Ivan Pezzotta,\u00a0Camilla Malinverni, Sara Mangini, Linda Prevacini,\u00a0Nicolas Toro Ovalle, Sofia Victoria Peviani, Emanuele Carlo Vitali<\/p>\n<p style=\"padding-left: 30px;\"><a href=\"http:\/\/www.riformaremilano.polimi.it\/?page_id=515\">Laboratorio di Costruzione dell\u2019Architettura 1<\/a><br \/>\nDocenti: Oliviero Tronconi, Jessica Astolfi, Liala Baiardi<br \/>\nStudenti:\u00a0Irene Annoni, Martina Bosco, Simone Botticini, Nicola Botti, Giulia Camozzi, Greta Cavestri,\u00a0Valentina Roj, Gianmaria Spedicato, Carlotta Testa, Ruben Toninelli, Gianluca Pistani, Linda Rotondaro, Mattia Santamaria, Samuele Tessera<\/p>\n<p style=\"padding-left: 30px;\"><a href=\"http:\/\/www.riformaremilano.polimi.it\/?page_id=517\">Laboratorio di Progettazione Architettonica 1<\/a><br \/>\nDocenti: Simona Gabrielli, Chiara Lamparelli, Massimiliano\u00a0Nocchi<br \/>\nStudenti:\u00a0Antonello Livrano, Lorenzo Lombardo, Franceso Losi, Federica Marchi, Paola Marzorati, Alessandro Mazza, Elisa Lotti, Roxana Cristina Lungu, Elena Maggi, Stella Marcuzzi, Cristina Marzullo, Salvatore Messina, Ilaria Mazzola, Nicholas Marini, Martina Martegani,\u00a0Tommaso Malandrini, Federico Marchini, William Marnini, Tamara Makishima, Teresa Malchiodi Albedi, Silvia Mangili, Edoardo Marcandelli, Giovanni Massari, Marta Messina, Laura Luisoni, Federico Paolo Marchesi, Marco Madonnini, Roberto Maino, Nicola Mazza, Francesca Lo Bue, Luca Manzoni, Maria Luisa Masotti, Francesca Longoni, Virginia Lucchetta, Beatrice Maineri,\u00a0Edoardo Macellari, Silvia Manfredi, Marco Marangoni, Fabrizio Lissoni, Ambra Lofrano, Irene Lucca, Junmei Liu, Sarah Jane Macatangay, Sharon Marotta, Riccardo Lupo, Damiano Malandrino, Giacomo Marino, Iacopo Manini, Oscar Marini, Andrea Matozzo, Mario Loffredo, Giovanni Mandelli, Carlo Mazzeri, Gianmarco Lopiccolo, Miriam Mariconti, Marina Ruggero<\/p>\n<p style=\"padding-left: 30px;\"><a href=\"http:\/\/www.riformaremilano.polimi.it\/?page_id=519\">Laboratorio di Progettazione Architettonica 1<\/a><br \/>\nDocenti: Orsina Simona Pierini, Eleonora Salsa, Alessandro Isastia<br \/>\nStudenti:\u00a0Nicol\u00f2 Cornelli, Denise Galli, Herve Matondo, Lorenzo Micucci, Nicol\u00f2 Bianchi, Federica Far\u00e9<\/p>\n<p style=\"padding-left: 30px;\"><a href=\"http:\/\/www.riformaremilano.polimi.it\/?page_id=523\">Tesi di Laurea Magistrale\u00a0&#8211; Benedetta Omarchi<\/a><br \/>\nRelatore: Ilaria Valente<\/p>\n<p style=\"padding-left: 30px;\"><a href=\"http:\/\/www.riformaremilano.polimi.it\/?page_id=1514\" target=\"_blank\">Tesi di Laurea Magistrale\u00a0&#8211;\u00a0Filippo Calzolari<\/a><br \/>\nRelatore: Ilaria Valente<\/p>\n<p style=\"padding-left: 30px;\"><a href=\"http:\/\/www.riformaremilano.polimi.it\/?page_id=1518\" target=\"_blank\">Tesi di Laurea Magistrale\u00a0&#8211; Camilla Galloni, Ester Ippolito<\/a><br \/>\nRelatore: Andrea Oldani<\/p>\n<p><strong>7. <a href=\"http:\/\/www.riformaremilano.polimi.it\/?p=83\">TORRE GALFA<\/a><\/strong> &#8211; DISMESSO D&#8217;AUTORE<\/p>\n<p style=\"padding-left: 30px;\"><a href=\"http:\/\/www.riformaremilano.polimi.it\/?page_id=529\">Laboratorio di Progettazione Tematico<\/a><br \/>\nDocenti: Davide Del Curto, Massimiliano Nocchi, Gianpaolo\u00a0Rosati<br \/>\nStudenti:\u00a0Leonardo Gatti, Giovanni Grignani, Vincenzo Meoli, Andrea Podini, Giulia Cantaluppi, Andrea Graglia, Antonella Abate, Benedetta Lavarelli, Myrna Gaigher, Francesca Salsi, Chiara Spinelli, Chara Stanga, Nicolo Avanzini, Marta Gavardi, Elisa Pedron, Federica Roverato, Luca Zoccatelli, Federica Battaglia, Marco Cattivelli, Manuela Fachin, Tommas Moscatelli, Ilaria Rimondi, Marco Botta, Chiara Bresciani, Valentina Brunetti, Chiara Di Girolamo, Erika Domenica Sisti, Stefano Castoldi, Giorgia Negri, Marta Ruggeri, Alice Russo, Davide Zanoni, Farnia Ferrari, Janko Mauri, Luca Mazzoni, Giulia Pace, Nicole Rat, Alessandra Verzeroli<\/p>\n<p style=\"padding-left: 30px;\"><a href=\"http:\/\/www.riformaremilano.polimi.it\/?page_id=531\">Temporiuso<\/a><br \/>\nDocente: Isabella Inti<br \/>\nStudente:\u00a0Matteo Persichino<\/p>\n<p><strong>8. <a href=\"http:\/\/www.riformaremilano.polimi.it\/?p=97\">VIA LAMARMOR<\/a><\/strong><a href=\"http:\/\/www.riformaremilano.polimi.it\/?p=97\"><strong>A &#8211; VIA ORTI<\/strong><\/a> &#8211; INTERNO URBANO ABBANDONATO<\/p>\n<p style=\"padding-left: 30px;\"><a href=\"http:\/\/www.riformaremilano.polimi.it\/?page_id=536\">Laboratorio di Progettazione Architettonica 1<\/a><br \/>\nDocenti: Orsina Simona Pierini, Eleonora Salsa, Alessandro Isastia<br \/>\nStudenti:\u00a0Nicolas Baglioni, Luca Mazzucchelli, Valentina Grigato, Teodora\u00a0Yordanova, Federica Rigon, Sergio Prezzati<\/p>\n<p style=\"padding-left: 30px;\"><a href=\"http:\/\/www.riformaremilano.polimi.it\/?page_id=1533\" target=\"_blank\">Tesi di Laurea Magistrale\u00a0&#8211;\u00a0Mauro Davide Savino<\/a><br \/>\nRelatore:\u00a0Orsina Simona Pierini<\/p>\n<p style=\"padding-left: 30px;\"><a href=\"http:\/\/www.riformaremilano.polimi.it\/?page_id=1536\" target=\"_blank\">Tesi di Laurea Magistrale\u00a0&#8211;\u00a0Stefano Calzone<\/a><br \/>\nRelatore:\u00a0Stefano Diene<\/p>\n<p><strong>9. <a href=\"http:\/\/www.riformaremilano.polimi.it\/?p=100\">CASE BIANCHE<\/a><\/strong> &#8211; SOTTOSTANDARD AMBIENTALE<\/p>\n<p style=\"padding-left: 30px;\"><a href=\"http:\/\/www.riformaremilano.polimi.it\/?page_id=491\">Laboratorio di Progettazione Architettonica 3<\/a><br \/>\nDocenti: Francesco Panero, Pier Alberto Ferr\u00e8<br \/>\nStudenti:\u00a0Andrea Brambilla, Federica Cadamuro, Matteo Grometto, Federico\u00a0Iannarone, Matteo Lomaglio, Maria Letizia Mazzoni, Rossella Milani,\u00a0Giulia Milone, Luca Penati, Andrea Pugliese, Alessandro Ramponi,\u00a0Emanuele Scaramellini, Andrea Seghezzi, Andrea Suardi, Giorgia\u00a0Tavecchio, Anna Paula Vieira, Susanna Vissani, Michela Zangandri,\u00a0Oriana Zoni<\/p>\n<p><strong>10. <a href=\"http:\/\/www.riformaremilano.polimi.it\/?p=94\">VIA MONNERET DE VILLARD<\/a><\/strong> &#8211; RESIDUI INFRASTRUTTURALI<\/p>\n<p style=\"padding-left: 30px;\"><a href=\"http:\/\/www.riformaremilano.polimi.it\/?page_id=539\">Laboratorio di Progettazione Architettonica 2<\/a><br \/>\nDocenti: Raffaello Cecchi, Luigi Bertazzoni, Elena Porqueddu<br \/>\nStudenti:\u00a0Enrica Fugazzola, Giulia Frassineti, Filippo Foschi,\u00a0Gianluca\u00a0Buzzi, Tommaso Oliosi, Bianca Santolini<\/p>\n<p><strong>11. <a href=\"http:\/\/www.riformaremilano.polimi.it\/?p=125\">RIPA DI PORTA TICINESE<\/a><\/strong> &#8211; FRAMMENTI APERTI E COSTRUITI<\/p>\n<p style=\"padding-left: 30px;\"><a href=\"http:\/\/www.riformaremilano.polimi.it\/?page_id=543\">Laboratorio di Progettazione Architettonica 1<\/a><br \/>\nDocenti: Vittorio Prina, Elena Cao, Paolo Golinelli\u00a0con Antonio Piva<br \/>\nStudenti:\u00a0Riccardo Ruggeri, Marta Stecca, Giulia Stefanina, Claudia Storelli,\u00a0Alice Rossi, Marta Santalucia, Marco Savino,\u00a0Marco Rizzo, Marco Rossit, Davide Ruggiero<\/p>\n<p style=\"padding-left: 30px;\"><a href=\"http:\/\/www.riformaremilano.polimi.it\/?page_id=545\">Architectural Design Studio 1<\/a><br \/>\nDocenti: Matteo Poli, Roy Nash, Riccardo Mazzoni<br \/>\nStudenti:\u00a0Anna Chistopolova, Marianna Katenko, David Diaz Bustamante,\u00a0Eugenia Bolla, Stefano Lardera, Cecilia Stoppani, Ivailo Alexandrov, Alessandra Giron Osorio, Martina Mitrovic, Greta Stefanova,\u00a0Aleksandre Andghuladze, Aleksandra Gojnic, Kristina Balkanova, Dragana Solaja, Anita Lagator,\u00a0Danilo Beronja, Jiyoon Kim, Luka Milovanovic,\u00a0Svetlana Normantovich, Han Mengyao, Wang Yu<\/p>\n<p><strong>12. <a href=\"http:\/\/www.riformaremilano.polimi.it\/?p=129\">GARAGE SAN REMO<\/a><\/strong> &#8211; DISCONTINUITA&#8217; NEL TESSUTO URBANO<\/p>\n<p style=\"padding-left: 30px;\"><a href=\"http:\/\/www.riformaremilano.polimi.it\/?page_id=549\">Architectural Design Studio 1<\/a><br \/>\nDocenti: Cino Zucchi, Matilde Cassani, Paola Sturla<br \/>\nStudenti:\u00a0Alberto Geroldi, Nicoletta Grillo, Giulia Chiatante, Clara Donetti,\u00a0Sacha Kanah<\/p>\n<p><strong>ALTRI PROGETTI<\/strong><\/p>\n<p style=\"padding-left: 30px;\"><a href=\"http:\/\/www.riformaremilano.polimi.it\/?page_id=1161\" target=\"_blank\">Abandoned Welfare Spaces Milano<\/a><br \/>\nDocenti:\u00a0Massimo Bricocoli, Giovanni H\u00e4nninen<br \/>\nStudenti:\u00a0Xueying Bai, Albina Davletshina, XiaoXiao Deng, Andrea Ferreri,\u00a0Taotao Fu, Stephanie Garcia Martinez, Christoph Kirchberger, Miroslav Kis,\u00a0Dorota Kotz, Caroline Lehnigk, Stefano Marongiu, Sarah Nietiedt, Huiran Pang,\u00a0Antri Pantelide, Andrea Perreau, Carlotta Pichler, Eva Victoria Ronco Kostallas,\u00a0Linda Shmiedel, Qu Shuaishuai, Qiao Sun, Delphine Tordjman, Lucie Villais,\u00a0Zheng Zeng, Yuanyi Zhang, Marta Valverde<\/p>\n<p style=\"padding-left: 30px;\"><a href=\"http:\/\/bellali.polimi-cooperation.org\/\" target=\"_blank\">Bella L\u00ec 2015<\/a><br \/>\nDocenti:\u00a0Gennaro Postiglione, Enrico Scaramellini<\/p>\n<p style=\"padding-left: 30px;\"><a href=\"http:\/\/www.riformaremilano.polimi.it\/?page_id=1349\" target=\"_blank\">Re-cycling Slums<\/a><br \/>\nDocenti:\u00a0Lorenzo Degli Esposti<br \/>\nStudenti: Paolo Giuseppe Maria Albiero, Barbara Basile, Davide Biselli, Alessandro Bruscaglione, Paolo Conte, Sara Corrado, Edoardo Croce, Margherita De Nardis, Nastaran Eidani, Carlo Ferrari, Allahabadi Tahereh Forghani, Sara Franchino, Elia Giampellegrini, Marco Lago, Massimiliano Limonta, Jingyao Liu, Alessandro Lodigiani, Arianna Lucca, Sara Maani, Pietro Manara, Samuele Manera, Susanna Masci, Tommaso Mennuni, Giorgio Modica, Ceren Ozsahin, Elia Perego, Francesca Pucci Daniele, Valentina Romano, Anna Sardi, Lorenzo Savasta, Carolina Scarnati, Dimitri Serighelli, Pietro Servalli, Martina Terragni, Marco Todisco, Marta Trainini, Samuele Vago, Amarda Velcani, Damiano Vidotto, Gabriele Vitale, Michiko Yamada, Qian Yu, Simone Zanni, Umberto Zanotti Cavazzoni<\/p>\n","protected":false},"excerpt":{"rendered":"<p>1. CASERMA RUBATTINO &#8211; RECINTO INTERDETTO Laboratorio di Progettazione Architettonica 3 Docenti: Roberto Ravegnani Morosini,&#8230;<\/p>\n","protected":false},"author":2,"featured_media":0,"parent":0,"menu_order":0,"comment_status":"closed","ping_status":"closed","template":"","meta":{"footnotes":""},"class_list":["post-52","page","type-page","status-publish","hentry"],"_links":{"self":[{"href":"https:\/\/www.riformaremilano.polimi.it\/index.php?rest_route=\/wp\/v2\/pages\/52","targetHints":{"allow":["GET"]}}],"collection":[{"href":"https:\/\/www.riformaremilano.polimi.it\/index.php?rest_route=\/wp\/v2\/pages"}],"about":[{"href":"https:\/\/www.riformaremilano.polimi.it\/index.php?rest_route=\/wp\/v2\/types\/page"}],"author":[{"embeddable":true,"href":"https:\/\/www.riformaremilano.polimi.it\/index.php?rest_route=\/wp\/v2\/users\/2"}],"replies":[{"embeddable":true,"href":"https:\/\/www.riformaremilano.polimi.it\/index.php?rest_route=%2Fwp%2Fv2%2Fcomments&post=52"}],"version-history":[{"count":57,"href":"https:\/\/www.riformaremilano.polimi.it\/index.php?rest_route=\/wp\/v2\/pages\/52\/revisions"}],"predecessor-version":[{"id":1706,"href":"https:\/\/www.riformaremilano.polimi.it\/index.php?rest_route=\/wp\/v2\/pages\/52\/revisions\/1706"}],"wp:attachment":[{"href":"https:\/\/www.riformaremilano.polimi.it\/index.php?rest_route=%2Fwp%2Fv2%2Fmedia&parent=52"}],"curies":[{"name":"wp","href":"https:\/\/api.w.org\/{rel}","templated":true}]}}