{"id":3828,"date":"2020-05-22T00:32:00","date_gmt":"2020-05-22T00:32:00","guid":{"rendered":"http:\/\/www.riformaremilano.polimi.it\/?page_id=3828"},"modified":"2020-05-22T00:32:00","modified_gmt":"2020-05-22T00:32:00","slug":"laboratorio-di-progetto-e-costruzione-dellarchitettura-bassi-manfredi-perdomi","status":"publish","type":"page","link":"https:\/\/www.riformaremilano.polimi.it\/?page_id=3828","title":{"rendered":"Laboratorio di Progetto e Costruzione dell&#8217;Architettura | Bassi, Manfredi, Perdomi"},"content":{"rendered":"<p><strong>Laboratorio di Progetto e Costruzione dell&#8217;Architettura<\/strong><\/p>\n<p><a href=\"https:\/\/www11.ceda.polimi.it\/schedaincarico\/schedaincarico\/controller\/scheda_pubblica\/SchedaPublic.do?&amp;evn_default=evento&amp;c_classe=697924&amp;__pj0=0&amp;__pj1=82e17c9f4431cd3ca1164e735e92e56c\" target=\"_blank\" rel=\"noopener noreferrer\">Bassi Andrea\u00a0,\u00a0Manfredi Monica\u00a0,\u00a0Perdomi Alberto<\/a><\/p>\n<p>ITA\/<\/p>\n<p><u>A partire dallo spazio pubblico.<\/u><\/p>\n<p>LabTI, Laboratorio Tutti Insieme, \u00e8 il nome dato al laboratorio che sottolinea come gli studenti avessero il compito di lavorare insieme sulla istruzione dei temi di progetto e sulla analisi del luogo, per costruire un patrimonio di conoscenze da condividere, e fare invece progetti distinti per gruppo e coerenti con principi comuni di miglioramento delle qualit\u00e0 ambientali e sociali. Insieme ai problemi costruttivi gli studenti hanno affrontato problemi di sostenibilit\u00e0, e insieme ai temi dell\u2019abitare collettivo e della rigenerazione urbana hanno considerato una valutazione dell\u2019investimento economico basata su una analisi multicriteria.<\/p>\n<p>Le aree S.1 e B.1 sono state messe a sistema includendo l\u2019area tra esse compresa oggi gestita da Italia Nostra e chiamata Porto di Mare. Ogni gruppo ha dunque proposto una soluzione di progetto compatibile e coerente con quelle degli altri gruppi e componibile in un collage di proposte integrate che immaginano un possibile rinnovamento di questo ambito della periferia. L\u2019area e i temi di studio preliminare relativi alla sostenibilit\u00e0 del progetto sono stati assegnati mentre nessuna forma dell\u2019architettura e dello spazio pubblico \u00e8 stata concepita a priori. Lo spazio pubblico inteso come infrastruttura ambientale prende a tema della propria con\ufb01gurazione \ufb01sica la gestione della quantit\u00e0 e qualit\u00e0 dell\u2019acqua, la decontaminazione dei suoli inquinati, l\u2019incremento della biodiversit\u00e0, la produzione di biomassa per produzione di energia, il rallentamento della velocit\u00e0 dei mezzi privati, il potenziamento della mobilit\u00e0 lenta, l\u2019incremento della dotazione vegetale per la riduzione della CO2, il miglioramento della qualit\u00e0 dell\u2019aria, la creazione di microclimi urbani per la produzione di confort e per la riduzione dei consumi energetici nelle architetture.<\/p>\n<p>Lo spazio pubblico come infrastruttura sociale prende a tema della propria con\ufb01gurazione \ufb01sica la costruzione di housing sociale integrato a funzioni collettive e pubbliche e l\u2019offerta di luoghi all\u2019aperto infrastrutturati in modo da consentire diversi usi possibili e nuovi modi di abitare proponendo il ribaltamento delle centralit\u00e0 urbane verso gli ambiti vasti e aperti delle periferie. L\u2019housing sociale, viene ripensato in funzione della richiesta abitativa di emergenza sperimentando ipotesi di soluzione con spinti caratteri di provvisoriet\u00e0. L\u2019architettura stessa ne comunica la temporaneit\u00e0 diventando un contenitore che crea condizioni di confort ambientale adeguato, come \u201cmacchine\u201d che si orientano e deformano in soluzioni tecniche e geometrie per le migliori prestazioni energetiche e funzionali, ospitando sorte di <em>campeggi al coperto<\/em> dove gli spazi privati si riducono al minimo e si incrementano invece le funzioni comuni e i servizi collettivi, e proponendo insieme una offerta abitativa per diverse categorie sociali. Allo stesso tempo l\u2019architettura cos\u00ec ibridata gioca sul piano della costruzione di spazi urbani per uso collettivo offrendo opportunit\u00e0 di spazi all\u2019aperto scoperti e coperti di grande scala, riconoscibili e variamente utilizzabili. Le piste ciclabili sono intese come infrastrutture di recupero del territorio e di connessione e superamento delle barriere infrastrutturali esistenti diventando una sorta di mappa, una guida alla visita e conoscenza dello stesso territorio. Cascine, tracciati storici, spazi abbandonati \u201cdisponibili\u201d sono visti come risorse \u201cdisposte\u201d, per dimensione e opportunit\u00e0, ad accogliere sperimentazioni di nuovi modi di abitare.<\/p>\n<p>L\u2019incremento della biodiversit\u00e0 e il biorisanamento dei suoli vengono integrati alla costruzione dei luoghi da abitare. Le case e le capanne per il birdwatching, ad esempio, mostrano ambiguamente e provocatoriamente lo stesso sistema costruttivo e la stessa estetica. La progettazione del paesaggio assume in s\u00e9 dunque non unicamente un carattere estetico legato alla percezione di immagini catturate dallo sguardo e ripercorse dalla memoria, ma da forma ai luoghi, trasformandoli in senso geogra\ufb01co, con obbiettivi strutturali di gestione e recupero delle risorse sino a portare a tema architettonico l\u2019intervenire su problematiche di valore ecologico, ambientale e sociale.<\/p>\n<p>ENG\/<\/p>\n<p><u>Starting from the public space.<\/u><\/p>\n<p>LabTI, Laboratorio Tutti Insieme (Laboratory All Together), is the name given to the laboratory which underlines how the students had the task of working together on data collection and information about project topics and on analysis of the site in order to form a heritage of knowledge to be shared, for then make separate projects by group and consistent with common principles of improvement of environmental and social qualities. Together with the constructive problems, the students faced sustainability issues, and together with the themes of collective living and urban regeneration have considered an assessment of economic investment based on a multi-criteria analysis.<\/p>\n<p>Areas S.1 and B.1 have been put into a system including the area between them now managed by Italia Nostra and called Porto di Mare. Each group therefore proposed a design solution compatible and coherent with those of the other groups and composable in a collage of integrated proposals that imagine a possible renewal of this area of the periphery. The area and the preliminary study themes relating to the sustainability of the project have been assigned while no form of architecture and public space has been conceived in advance. Public space intended as an environmental infrastructure takes the theme of its physical con\ufb01guration in management of quantity and quality of water, decontamination of polluted soils, increase in biodiversity, production of biomass for energy, slowdown of speed of private vehicles, enhancement of slow mobility, increase in plants resources for reduction of CO2, improvement of air quality, creation of urban microclimates for production of comfort and for reduction of energy consumption in architecture.<\/p>\n<p>Public space as a social infrastructure takes the theme of its physical con\ufb01guration in the construction of social housing integrated with collective and public functions and in the offer of open spaces infrastructured so as to allow different possible uses and new ways of living proposing the reversal of the urban centralities towards the vast and open areas of the periphery. Social housing is rethought in function of the emergency housing demand experimenting hypotheses of solution with a strong provveisoriety character. The architecture itself communicates its temporary nature by becoming a container that creates conditions of adequate environmental comfort, such as\u201cmachines\u201d which are oriented and deformed in technical and geometry solutions for the best energy and functional performance, hosting a sort of <em>indoor campsites<\/em> where private spaces are reduced to a minimum and instead common functions and collective services are increased, and proposing also a housing offer for different social categories. At the same time this hybrid architecture builds urban spaces for collective use by offering opportunities of open spaces uncovered and covered on a large scale, recognizable and variously usable. The cycle paths are intended as infrastructures for recovering the territory and for connecting and overcoming the existing infrastructural barriers, becoming a sort of map, a guide to territory visit and knowledge. Farmsteads, historical tracks and abandoned &#8220;available&#8221; spaces are seen as resources &#8220;arranged&#8221;, by size and opportunity, to welcome experimentations of new ways of living.<\/p>\n<p>Increase in biodiversity and soil bio-remediation are integrated into the construction of places where we live. The houses and huts for birdwatching show, for example, ambiguously o and provocatively the same constructive system and the same aesthetic. Landscape design therefore, assumes in itself not only an aesthetic character linked to the perception of images captured by the gaze and retraced by the memory, but gives shape to places, transforming them in a geographical sense, with structural objectives for the management and recovery of resources up to lead to architectural theme the intervention on issues of ecological, environmental and social value.<\/p>\n<p align=\"justify\"><strong><a href=\"http:\/\/www.riformaremilano.polimi.it\/?p=2782\" target=\"_blank\" rel=\"noopener noreferrer\">B.1<\/a>, <a href=\"http:\/\/www.riformaremilano.polimi.it\/?p=2807\">S.1<\/a>,\u00a0<\/strong><\/p>\n<p align=\"justify\"><a href=\"http:\/\/www.riformaremilano.polimi.it\/wp-content\/uploads\/2020\/05\/MMANFREDI_B1-Porto-di-Mare-S1-Cascina-San-Bernardo-Cascina-Grangia-Ferrovia_LORTO-BOTANICO-DI-PORTO-DI-MARE_-ST.-BOEGGIO-FORNASIER-ONGARO-ZUCCHINI.jpg\"><img loading=\"lazy\" decoding=\"async\" class=\"alignleft wp-image-3834 size-full\" src=\"http:\/\/www.riformaremilano.polimi.it\/wp-content\/uploads\/2020\/05\/MMANFREDI_B1-Porto-di-Mare-S1-Cascina-San-Bernardo-Cascina-Grangia-Ferrovia_LORTO-BOTANICO-DI-PORTO-DI-MARE_-ST.-BOEGGIO-FORNASIER-ONGARO-ZUCCHINI.jpg\" alt=\"\" width=\"3312\" height=\"2339\" srcset=\"https:\/\/www.riformaremilano.polimi.it\/wp-content\/uploads\/2020\/05\/MMANFREDI_B1-Porto-di-Mare-S1-Cascina-San-Bernardo-Cascina-Grangia-Ferrovia_LORTO-BOTANICO-DI-PORTO-DI-MARE_-ST.-BOEGGIO-FORNASIER-ONGARO-ZUCCHINI.jpg 3312w, https:\/\/www.riformaremilano.polimi.it\/wp-content\/uploads\/2020\/05\/MMANFREDI_B1-Porto-di-Mare-S1-Cascina-San-Bernardo-Cascina-Grangia-Ferrovia_LORTO-BOTANICO-DI-PORTO-DI-MARE_-ST.-BOEGGIO-FORNASIER-ONGARO-ZUCCHINI-300x212.jpg 300w, https:\/\/www.riformaremilano.polimi.it\/wp-content\/uploads\/2020\/05\/MMANFREDI_B1-Porto-di-Mare-S1-Cascina-San-Bernardo-Cascina-Grangia-Ferrovia_LORTO-BOTANICO-DI-PORTO-DI-MARE_-ST.-BOEGGIO-FORNASIER-ONGARO-ZUCCHINI-768x542.jpg 768w, https:\/\/www.riformaremilano.polimi.it\/wp-content\/uploads\/2020\/05\/MMANFREDI_B1-Porto-di-Mare-S1-Cascina-San-Bernardo-Cascina-Grangia-Ferrovia_LORTO-BOTANICO-DI-PORTO-DI-MARE_-ST.-BOEGGIO-FORNASIER-ONGARO-ZUCCHINI-1024x723.jpg 1024w\" sizes=\"auto, (max-width: 3312px) 100vw, 3312px\" \/><\/a><\/p>\n<p align=\"justify\">Studenti: Francesca Beggio, Sara Fornasier, Valentina Ongaro, Micol Zucchini<\/p>\n<p align=\"justify\"><a href=\"http:\/\/www.riformaremilano.polimi.it\/wp-content\/uploads\/2020\/05\/MMANFREDI_B1-Porto-di-Mare-S1-Cascina-San-Bernardo-Cascina-Grangia-Ferrovia_SUPERCYCLEMI_-ST.-DELLATORRE-INVIDIATO-RAFFAELI-TOVAGLIERI.jpg\"><img loading=\"lazy\" decoding=\"async\" class=\"alignleft size-full wp-image-3835\" src=\"http:\/\/www.riformaremilano.polimi.it\/wp-content\/uploads\/2020\/05\/MMANFREDI_B1-Porto-di-Mare-S1-Cascina-San-Bernardo-Cascina-Grangia-Ferrovia_SUPERCYCLEMI_-ST.-DELLATORRE-INVIDIATO-RAFFAELI-TOVAGLIERI.jpg\" alt=\"\" width=\"5055\" height=\"3596\" srcset=\"https:\/\/www.riformaremilano.polimi.it\/wp-content\/uploads\/2020\/05\/MMANFREDI_B1-Porto-di-Mare-S1-Cascina-San-Bernardo-Cascina-Grangia-Ferrovia_SUPERCYCLEMI_-ST.-DELLATORRE-INVIDIATO-RAFFAELI-TOVAGLIERI.jpg 5055w, https:\/\/www.riformaremilano.polimi.it\/wp-content\/uploads\/2020\/05\/MMANFREDI_B1-Porto-di-Mare-S1-Cascina-San-Bernardo-Cascina-Grangia-Ferrovia_SUPERCYCLEMI_-ST.-DELLATORRE-INVIDIATO-RAFFAELI-TOVAGLIERI-300x213.jpg 300w, https:\/\/www.riformaremilano.polimi.it\/wp-content\/uploads\/2020\/05\/MMANFREDI_B1-Porto-di-Mare-S1-Cascina-San-Bernardo-Cascina-Grangia-Ferrovia_SUPERCYCLEMI_-ST.-DELLATORRE-INVIDIATO-RAFFAELI-TOVAGLIERI-768x546.jpg 768w, https:\/\/www.riformaremilano.polimi.it\/wp-content\/uploads\/2020\/05\/MMANFREDI_B1-Porto-di-Mare-S1-Cascina-San-Bernardo-Cascina-Grangia-Ferrovia_SUPERCYCLEMI_-ST.-DELLATORRE-INVIDIATO-RAFFAELI-TOVAGLIERI-1024x728.jpg 1024w\" sizes=\"auto, (max-width: 5055px) 100vw, 5055px\" \/><\/a><\/p>\n<p align=\"justify\">Studenti: S. Dellatorre, A. Invidiato, G. Raffaeli, F. Tovaglieri<\/p>\n<p align=\"justify\"><a href=\"http:\/\/www.riformaremilano.polimi.it\/wp-content\/uploads\/2020\/05\/MMANFREDI_B1-Porto-di-Mare-S1-Cascina-San-Bernardo-Cascina-Grangia-Ferrovia_SPERIMENTANDO-PORTO-DI-MARE_ST.-ADDABBO-SARTOR-VALERIO-VILLA-XU.jpg\"><img loading=\"lazy\" decoding=\"async\" class=\"alignleft size-full wp-image-3840\" src=\"http:\/\/www.riformaremilano.polimi.it\/wp-content\/uploads\/2020\/05\/MMANFREDI_B1-Porto-di-Mare-S1-Cascina-San-Bernardo-Cascina-Grangia-Ferrovia_SPERIMENTANDO-PORTO-DI-MARE_ST.-ADDABBO-SARTOR-VALERIO-VILLA-XU.jpg\" alt=\"\" width=\"4966\" height=\"3508\" srcset=\"https:\/\/www.riformaremilano.polimi.it\/wp-content\/uploads\/2020\/05\/MMANFREDI_B1-Porto-di-Mare-S1-Cascina-San-Bernardo-Cascina-Grangia-Ferrovia_SPERIMENTANDO-PORTO-DI-MARE_ST.-ADDABBO-SARTOR-VALERIO-VILLA-XU.jpg 4966w, https:\/\/www.riformaremilano.polimi.it\/wp-content\/uploads\/2020\/05\/MMANFREDI_B1-Porto-di-Mare-S1-Cascina-San-Bernardo-Cascina-Grangia-Ferrovia_SPERIMENTANDO-PORTO-DI-MARE_ST.-ADDABBO-SARTOR-VALERIO-VILLA-XU-300x212.jpg 300w, https:\/\/www.riformaremilano.polimi.it\/wp-content\/uploads\/2020\/05\/MMANFREDI_B1-Porto-di-Mare-S1-Cascina-San-Bernardo-Cascina-Grangia-Ferrovia_SPERIMENTANDO-PORTO-DI-MARE_ST.-ADDABBO-SARTOR-VALERIO-VILLA-XU-768x543.jpg 768w, https:\/\/www.riformaremilano.polimi.it\/wp-content\/uploads\/2020\/05\/MMANFREDI_B1-Porto-di-Mare-S1-Cascina-San-Bernardo-Cascina-Grangia-Ferrovia_SPERIMENTANDO-PORTO-DI-MARE_ST.-ADDABBO-SARTOR-VALERIO-VILLA-XU-1024x723.jpg 1024w\" sizes=\"auto, (max-width: 4966px) 100vw, 4966px\" \/><\/a><\/p>\n<p align=\"justify\">Studenti: Marianna Addabo, Tommaso Sartor, Enrico Valerio, Beatrice Villa, Xiao Xu<\/p>\n<p align=\"justify\"><a href=\"http:\/\/www.riformaremilano.polimi.it\/wp-content\/uploads\/2020\/05\/MMANFREDI_B1-Porto-di-Mare-S1-Cascina-San-Bernardo-Cascina-Grangia-Ferrovia_IDROPAESAGGIO-PER-PORTO-DI-MARE_ST.-ANELLO-BRIANTI-LONGONI-PREDA-1.jpg\"><img loading=\"lazy\" decoding=\"async\" class=\"alignleft size-full wp-image-3841\" src=\"http:\/\/www.riformaremilano.polimi.it\/wp-content\/uploads\/2020\/05\/MMANFREDI_B1-Porto-di-Mare-S1-Cascina-San-Bernardo-Cascina-Grangia-Ferrovia_IDROPAESAGGIO-PER-PORTO-DI-MARE_ST.-ANELLO-BRIANTI-LONGONI-PREDA-1.jpg\" alt=\"\" width=\"4966\" height=\"3507\" srcset=\"https:\/\/www.riformaremilano.polimi.it\/wp-content\/uploads\/2020\/05\/MMANFREDI_B1-Porto-di-Mare-S1-Cascina-San-Bernardo-Cascina-Grangia-Ferrovia_IDROPAESAGGIO-PER-PORTO-DI-MARE_ST.-ANELLO-BRIANTI-LONGONI-PREDA-1.jpg 4966w, https:\/\/www.riformaremilano.polimi.it\/wp-content\/uploads\/2020\/05\/MMANFREDI_B1-Porto-di-Mare-S1-Cascina-San-Bernardo-Cascina-Grangia-Ferrovia_IDROPAESAGGIO-PER-PORTO-DI-MARE_ST.-ANELLO-BRIANTI-LONGONI-PREDA-1-300x212.jpg 300w, https:\/\/www.riformaremilano.polimi.it\/wp-content\/uploads\/2020\/05\/MMANFREDI_B1-Porto-di-Mare-S1-Cascina-San-Bernardo-Cascina-Grangia-Ferrovia_IDROPAESAGGIO-PER-PORTO-DI-MARE_ST.-ANELLO-BRIANTI-LONGONI-PREDA-1-768x542.jpg 768w, https:\/\/www.riformaremilano.polimi.it\/wp-content\/uploads\/2020\/05\/MMANFREDI_B1-Porto-di-Mare-S1-Cascina-San-Bernardo-Cascina-Grangia-Ferrovia_IDROPAESAGGIO-PER-PORTO-DI-MARE_ST.-ANELLO-BRIANTI-LONGONI-PREDA-1-1024x723.jpg 1024w\" sizes=\"auto, (max-width: 4966px) 100vw, 4966px\" \/><\/a><\/p>\n<p align=\"justify\">Studenti: Lorena Anello, Silvia Brianti, Francesca Longoni, Maela Preda<\/p>\n<p align=\"justify\"><a href=\"http:\/\/www.riformaremilano.polimi.it\/wp-content\/uploads\/2020\/05\/MMANFREDI_B1-Porto-di-Mare-S1-Cascina-San-Bernardo-Cascina-Grangia-Ferrovia_HOUSING-RING-THE-SAFETY-ISLAND_ST.-BANFI-BONARDI-CARONNO-RINALDI.jpg\"><img loading=\"lazy\" decoding=\"async\" class=\"alignleft size-full wp-image-3842\" src=\"http:\/\/www.riformaremilano.polimi.it\/wp-content\/uploads\/2020\/05\/MMANFREDI_B1-Porto-di-Mare-S1-Cascina-San-Bernardo-Cascina-Grangia-Ferrovia_HOUSING-RING-THE-SAFETY-ISLAND_ST.-BANFI-BONARDI-CARONNO-RINALDI.jpg\" alt=\"\" width=\"4966\" height=\"3508\" srcset=\"https:\/\/www.riformaremilano.polimi.it\/wp-content\/uploads\/2020\/05\/MMANFREDI_B1-Porto-di-Mare-S1-Cascina-San-Bernardo-Cascina-Grangia-Ferrovia_HOUSING-RING-THE-SAFETY-ISLAND_ST.-BANFI-BONARDI-CARONNO-RINALDI.jpg 4966w, https:\/\/www.riformaremilano.polimi.it\/wp-content\/uploads\/2020\/05\/MMANFREDI_B1-Porto-di-Mare-S1-Cascina-San-Bernardo-Cascina-Grangia-Ferrovia_HOUSING-RING-THE-SAFETY-ISLAND_ST.-BANFI-BONARDI-CARONNO-RINALDI-300x212.jpg 300w, https:\/\/www.riformaremilano.polimi.it\/wp-content\/uploads\/2020\/05\/MMANFREDI_B1-Porto-di-Mare-S1-Cascina-San-Bernardo-Cascina-Grangia-Ferrovia_HOUSING-RING-THE-SAFETY-ISLAND_ST.-BANFI-BONARDI-CARONNO-RINALDI-768x543.jpg 768w, https:\/\/www.riformaremilano.polimi.it\/wp-content\/uploads\/2020\/05\/MMANFREDI_B1-Porto-di-Mare-S1-Cascina-San-Bernardo-Cascina-Grangia-Ferrovia_HOUSING-RING-THE-SAFETY-ISLAND_ST.-BANFI-BONARDI-CARONNO-RINALDI-1024x723.jpg 1024w\" sizes=\"auto, (max-width: 4966px) 100vw, 4966px\" \/><\/a><\/p>\n<p align=\"justify\">Studenti: Deborah Banfi, Clelia Maria Bonardi, Annamaria Caronna, Lorenzo Rinaldi<\/p>\n<p align=\"justify\"><a href=\"http:\/\/www.riformaremilano.polimi.it\/wp-content\/uploads\/2020\/05\/MMANFREDI_B1-Porto-di-Mare-S1-Cascina-San-Bernardo-Cascina-Grangia-Ferrovia_CYCLE-WAY-PortaMi-al-Parco_-ST.-ANZIL-DANDREA-DI-MEO-VAN-WIJK.jpg\"><img loading=\"lazy\" decoding=\"async\" class=\"alignleft size-full wp-image-3843\" src=\"http:\/\/www.riformaremilano.polimi.it\/wp-content\/uploads\/2020\/05\/MMANFREDI_B1-Porto-di-Mare-S1-Cascina-San-Bernardo-Cascina-Grangia-Ferrovia_CYCLE-WAY-PortaMi-al-Parco_-ST.-ANZIL-DANDREA-DI-MEO-VAN-WIJK.jpg\" alt=\"\" width=\"4966\" height=\"3507\" srcset=\"https:\/\/www.riformaremilano.polimi.it\/wp-content\/uploads\/2020\/05\/MMANFREDI_B1-Porto-di-Mare-S1-Cascina-San-Bernardo-Cascina-Grangia-Ferrovia_CYCLE-WAY-PortaMi-al-Parco_-ST.-ANZIL-DANDREA-DI-MEO-VAN-WIJK.jpg 4966w, https:\/\/www.riformaremilano.polimi.it\/wp-content\/uploads\/2020\/05\/MMANFREDI_B1-Porto-di-Mare-S1-Cascina-San-Bernardo-Cascina-Grangia-Ferrovia_CYCLE-WAY-PortaMi-al-Parco_-ST.-ANZIL-DANDREA-DI-MEO-VAN-WIJK-300x212.jpg 300w, https:\/\/www.riformaremilano.polimi.it\/wp-content\/uploads\/2020\/05\/MMANFREDI_B1-Porto-di-Mare-S1-Cascina-San-Bernardo-Cascina-Grangia-Ferrovia_CYCLE-WAY-PortaMi-al-Parco_-ST.-ANZIL-DANDREA-DI-MEO-VAN-WIJK-768x542.jpg 768w, https:\/\/www.riformaremilano.polimi.it\/wp-content\/uploads\/2020\/05\/MMANFREDI_B1-Porto-di-Mare-S1-Cascina-San-Bernardo-Cascina-Grangia-Ferrovia_CYCLE-WAY-PortaMi-al-Parco_-ST.-ANZIL-DANDREA-DI-MEO-VAN-WIJK-1024x723.jpg 1024w\" sizes=\"auto, (max-width: 4966px) 100vw, 4966px\" \/><\/a><\/p>\n<p align=\"justify\">Studenti: Jessica Anzil, Francesca D&#8217;Andrea di Pescopagano, Federica Di Meo, Beatrice Van Wijk<\/p>\n<p align=\"justify\"><a href=\"http:\/\/www.riformaremilano.polimi.it\/wp-content\/uploads\/2020\/05\/MMANFREDI_B1-Porto-di-Mare-S1-Cascina-San-Bernardo-Cascina-Grangia-Ferrovia_BIOPARCO_-ST.-BOLOGNESI-BREGOLI-DE-BENEDETTI-MARTINI-TOGNI.jpg\"><img loading=\"lazy\" decoding=\"async\" class=\"alignleft size-full wp-image-3844\" src=\"http:\/\/www.riformaremilano.polimi.it\/wp-content\/uploads\/2020\/05\/MMANFREDI_B1-Porto-di-Mare-S1-Cascina-San-Bernardo-Cascina-Grangia-Ferrovia_BIOPARCO_-ST.-BOLOGNESI-BREGOLI-DE-BENEDETTI-MARTINI-TOGNI.jpg\" alt=\"\" width=\"4966\" height=\"3507\" srcset=\"https:\/\/www.riformaremilano.polimi.it\/wp-content\/uploads\/2020\/05\/MMANFREDI_B1-Porto-di-Mare-S1-Cascina-San-Bernardo-Cascina-Grangia-Ferrovia_BIOPARCO_-ST.-BOLOGNESI-BREGOLI-DE-BENEDETTI-MARTINI-TOGNI.jpg 4966w, https:\/\/www.riformaremilano.polimi.it\/wp-content\/uploads\/2020\/05\/MMANFREDI_B1-Porto-di-Mare-S1-Cascina-San-Bernardo-Cascina-Grangia-Ferrovia_BIOPARCO_-ST.-BOLOGNESI-BREGOLI-DE-BENEDETTI-MARTINI-TOGNI-300x212.jpg 300w, https:\/\/www.riformaremilano.polimi.it\/wp-content\/uploads\/2020\/05\/MMANFREDI_B1-Porto-di-Mare-S1-Cascina-San-Bernardo-Cascina-Grangia-Ferrovia_BIOPARCO_-ST.-BOLOGNESI-BREGOLI-DE-BENEDETTI-MARTINI-TOGNI-768x542.jpg 768w, https:\/\/www.riformaremilano.polimi.it\/wp-content\/uploads\/2020\/05\/MMANFREDI_B1-Porto-di-Mare-S1-Cascina-San-Bernardo-Cascina-Grangia-Ferrovia_BIOPARCO_-ST.-BOLOGNESI-BREGOLI-DE-BENEDETTI-MARTINI-TOGNI-1024x723.jpg 1024w\" sizes=\"auto, (max-width: 4966px) 100vw, 4966px\" \/><\/a><\/p>\n<p align=\"justify\">Studenti: Camilla Bolognesi, Davide Bregoli, Giulia De Benedetti, Oliviero Martini, Stefano Togni<\/p>\n<p align=\"justify\"><a href=\"http:\/\/www.riformaremilano.polimi.it\/wp-content\/uploads\/2020\/05\/MMANFREDI_B1-Porto-di-Mare-S1-Cascina-San-Bernardo-Cascina-Grangia-Ferrovia_-ColtivaMI-un-p-ORTO-per-tutti_-ST.-DROLSHAGEN-VANAZZI.jpg\"><img loading=\"lazy\" decoding=\"async\" class=\"alignleft size-full wp-image-3845\" src=\"http:\/\/www.riformaremilano.polimi.it\/wp-content\/uploads\/2020\/05\/MMANFREDI_B1-Porto-di-Mare-S1-Cascina-San-Bernardo-Cascina-Grangia-Ferrovia_-ColtivaMI-un-p-ORTO-per-tutti_-ST.-DROLSHAGEN-VANAZZI.jpg\" alt=\"\" width=\"4966\" height=\"3507\" srcset=\"https:\/\/www.riformaremilano.polimi.it\/wp-content\/uploads\/2020\/05\/MMANFREDI_B1-Porto-di-Mare-S1-Cascina-San-Bernardo-Cascina-Grangia-Ferrovia_-ColtivaMI-un-p-ORTO-per-tutti_-ST.-DROLSHAGEN-VANAZZI.jpg 4966w, https:\/\/www.riformaremilano.polimi.it\/wp-content\/uploads\/2020\/05\/MMANFREDI_B1-Porto-di-Mare-S1-Cascina-San-Bernardo-Cascina-Grangia-Ferrovia_-ColtivaMI-un-p-ORTO-per-tutti_-ST.-DROLSHAGEN-VANAZZI-300x212.jpg 300w, https:\/\/www.riformaremilano.polimi.it\/wp-content\/uploads\/2020\/05\/MMANFREDI_B1-Porto-di-Mare-S1-Cascina-San-Bernardo-Cascina-Grangia-Ferrovia_-ColtivaMI-un-p-ORTO-per-tutti_-ST.-DROLSHAGEN-VANAZZI-768x542.jpg 768w, https:\/\/www.riformaremilano.polimi.it\/wp-content\/uploads\/2020\/05\/MMANFREDI_B1-Porto-di-Mare-S1-Cascina-San-Bernardo-Cascina-Grangia-Ferrovia_-ColtivaMI-un-p-ORTO-per-tutti_-ST.-DROLSHAGEN-VANAZZI-1024x723.jpg 1024w\" sizes=\"auto, (max-width: 4966px) 100vw, 4966px\" \/><\/a><\/p>\n<p align=\"justify\">Studenti: Giovanna Senise Drolshagen, Laura Vanazzi<\/p>\n<p align=\"justify\">\n","protected":false},"excerpt":{"rendered":"<p>Laboratorio di Progetto e Costruzione dell&#8217;Architettura Bassi Andrea\u00a0,\u00a0Manfredi Monica\u00a0,\u00a0Perdomi Alberto ITA\/ A partire dallo spazio&#8230;<\/p>\n","protected":false},"author":2,"featured_media":0,"parent":0,"menu_order":0,"comment_status":"closed","ping_status":"closed","template":"","meta":{"footnotes":""},"class_list":["post-3828","page","type-page","status-publish","hentry"],"_links":{"self":[{"href":"https:\/\/www.riformaremilano.polimi.it\/index.php?rest_route=\/wp\/v2\/pages\/3828","targetHints":{"allow":["GET"]}}],"collection":[{"href":"https:\/\/www.riformaremilano.polimi.it\/index.php?rest_route=\/wp\/v2\/pages"}],"about":[{"href":"https:\/\/www.riformaremilano.polimi.it\/index.php?rest_route=\/wp\/v2\/types\/page"}],"author":[{"embeddable":true,"href":"https:\/\/www.riformaremilano.polimi.it\/index.php?rest_route=\/wp\/v2\/users\/2"}],"replies":[{"embeddable":true,"href":"https:\/\/www.riformaremilano.polimi.it\/index.php?rest_route=%2Fwp%2Fv2%2Fcomments&post=3828"}],"version-history":[{"count":9,"href":"https:\/\/www.riformaremilano.polimi.it\/index.php?rest_route=\/wp\/v2\/pages\/3828\/revisions"}],"predecessor-version":[{"id":3847,"href":"https:\/\/www.riformaremilano.polimi.it\/index.php?rest_route=\/wp\/v2\/pages\/3828\/revisions\/3847"}],"wp:attachment":[{"href":"https:\/\/www.riformaremilano.polimi.it\/index.php?rest_route=%2Fwp%2Fv2%2Fmedia&parent=3828"}],"curies":[{"name":"wp","href":"https:\/\/api.w.org\/{rel}","templated":true}]}}