{"id":3664,"date":"2019-04-30T08:38:11","date_gmt":"2019-04-30T08:38:11","guid":{"rendered":"http:\/\/www.riformaremilano.polimi.it\/?page_id=3664"},"modified":"2019-05-14T14:09:18","modified_gmt":"2019-05-14T14:09:18","slug":"laboratorio-di-progettazione-architettonica-filippo-orsini-davide-ferrari-giulia-fini","status":"publish","type":"page","link":"https:\/\/www.riformaremilano.polimi.it\/?page_id=3664","title":{"rendered":"Laboratorio di Progettazione Architettonica | Filippo Orsini, Davide Ferrari, Giulia Fini"},"content":{"rendered":"<p><strong>Laboratorio di Progettazione Architettonica<\/strong><br \/>\n<a href=\"https:\/\/www11.ceda.polimi.it\/schedaincarico\/schedaincarico\/controller\/scheda_pubblica\/SchedaPublic.do?&amp;evn_default=evento&amp;c_classe=687857&amp;__pj0=0&amp;__pj1=31e9cb0a93f082dbb9a6438cdc0822db\" target=\"_blank\" rel=\"noopener noreferrer\">Docenti: Filippo Orsini, Davide Ferrari, Giulia Fini<\/a><\/p>\n<p>[IT]<\/p>\n<p align=\"justify\">\u201cPerch\u00e9 non \u00e8 appunto lo spazio pubblico ci\u00f2 che permette all\u2019architettura di trovare significato?\u201d E\u2019 soprattutto a questa domanda, tratta da <em>Lo spazio urbano nell\u2019era dell\u2019individualismo <\/em>di Jacques Lucan, che gli studenti di questo corso, tramite le loro proposte progettuali, hanno cercato di rispondere. La trasformazione degli spazi aperti, infatti, \u201c\u00e8 l\u2019unica categoria della grammatica dei fatti urbani ad avere ancora la possibilit\u00e0 di elevarsi a vettore della trasformazione e della riforma di un territorio devastato\u201d (Lucan) e in questa trasformazione lo spazio costruito gioca un ruolo fondamentale, \u201cperch\u00e9 l\u2019architettura \u00e8 sempre ricostruzione\u201d (Zermani) o &#8220;un ri-trattamento della materia esistente&#8221; (Nouvel) anche quando si tratta di realizzare qualcosa di completamente nuovo. Lo spazio pubblico, \u201cnell\u2019era elettronica&#8221;, \u00e8 &#8220;spazio in movimento; non \u00e8 lo spazio della citt\u00e0, ma la citt\u00e0 stessa\u201d (Acconci), ed \u00e8 \u201csempre meno spazio di rappresentazione e sempre pi\u00f9 rappresentazione dello spazio\u201d (Lefebvre); quindi gli edifici che si relazionano con esso non possono che essere ibridi, ossia in grado, con la loro complessit\u00e0, di far fronte ad istanze progettuali ed economiche, con soluzioni che si trovano pi\u00f9 nella funzione e nella storia che non nello stile e nella teoria.<br \/>\nPartendo da queste premesse, gli studenti hanno sviluppato progetti integrati di rigenerazione nel settore nord-est di Milano, compreso fra viale Monza, via Padova, il quartiere Adriano e via Palmanova, integrando le conoscenze e competenze in progettazione architettonica, in progettazione urbanistica e in caratteri tipologici e morfologici dell\u2019architettura, acquisite dai diversi docenti attraverso lezioni e attivit\u00e0 laboratoriali. Inizialmente i singoli progetti hanno trovato la loro rappresentazione formale nel masterplan \u201cuno strumento-processo capace di porsi come garanzia tra le previsioni urbanistiche e lo sviluppo architettonico, tra fase attuativa e realizzativa, tra piano e progetto\u201d (Ardielli). In seguito, allontanandosi o avvicinandosi, di volta in volta, alle diverse pratiche e categorie spaziali della transizione, ogni progetto \u00e8 sceso alla scala architettonica, con la volont\u00e0 di realizzare edifici che non fossero n\u00e9 muti fondali ininfluenti sulla qualit\u00e0 urbana dello spazio pubblico, n\u00e9 rumorose eccezioni indifferenti al contesto, ignare della storia e insofferenti alla regola.<\/p>\n<p align=\"justify\"><a href=\"http:\/\/www.riformaremilano.polimi.it\/?p=2825\" target=\"_blank\" rel=\"noopener noreferrer\">A.1 _ VIA ADRIANO<\/a><\/p>\n<p align=\"justify\"><a href=\"http:\/\/www.riformaremilano.polimi.it\/wp-content\/uploads\/2019\/05\/00_Manifesto.jpg\"><img loading=\"lazy\" decoding=\"async\" class=\"aligncenter wp-image-3731 size-full\" src=\"http:\/\/www.riformaremilano.polimi.it\/wp-content\/uploads\/2019\/05\/00_Manifesto.jpg\" alt=\"\" width=\"2339\" height=\"3311\" srcset=\"https:\/\/www.riformaremilano.polimi.it\/wp-content\/uploads\/2019\/05\/00_Manifesto.jpg 2339w, https:\/\/www.riformaremilano.polimi.it\/wp-content\/uploads\/2019\/05\/00_Manifesto-212x300.jpg 212w, https:\/\/www.riformaremilano.polimi.it\/wp-content\/uploads\/2019\/05\/00_Manifesto-768x1087.jpg 768w, https:\/\/www.riformaremilano.polimi.it\/wp-content\/uploads\/2019\/05\/00_Manifesto-723x1024.jpg 723w\" sizes=\"auto, (max-width: 2339px) 100vw, 2339px\" \/><\/a>Tav.1<\/p>\n<p align=\"justify\"><a href=\"http:\/\/www.riformaremilano.polimi.it\/wp-content\/uploads\/2019\/05\/1_02_PT-1.200.jpg\"><img loading=\"lazy\" decoding=\"async\" class=\"aligncenter wp-image-3732 size-full\" src=\"http:\/\/www.riformaremilano.polimi.it\/wp-content\/uploads\/2019\/05\/1_02_PT-1.200.jpg\" alt=\"\" width=\"4681\" height=\"3311\" srcset=\"https:\/\/www.riformaremilano.polimi.it\/wp-content\/uploads\/2019\/05\/1_02_PT-1.200.jpg 4681w, https:\/\/www.riformaremilano.polimi.it\/wp-content\/uploads\/2019\/05\/1_02_PT-1.200-300x212.jpg 300w, https:\/\/www.riformaremilano.polimi.it\/wp-content\/uploads\/2019\/05\/1_02_PT-1.200-768x543.jpg 768w, https:\/\/www.riformaremilano.polimi.it\/wp-content\/uploads\/2019\/05\/1_02_PT-1.200-1024x724.jpg 1024w\" sizes=\"auto, (max-width: 4681px) 100vw, 4681px\" \/><\/a>Tav.2<\/p>\n<p align=\"justify\">Studenti: Bianca Magi, Leonardo Innocenzi<\/p>\n<p align=\"justify\"><a href=\"http:\/\/www.riformaremilano.polimi.it\/wp-content\/uploads\/2019\/05\/2_1.jpg\"><img loading=\"lazy\" decoding=\"async\" class=\"aligncenter wp-image-3733 size-full\" src=\"http:\/\/www.riformaremilano.polimi.it\/wp-content\/uploads\/2019\/05\/2_1.jpg\" alt=\"\" width=\"3311\" height=\"2339\" srcset=\"https:\/\/www.riformaremilano.polimi.it\/wp-content\/uploads\/2019\/05\/2_1.jpg 3311w, https:\/\/www.riformaremilano.polimi.it\/wp-content\/uploads\/2019\/05\/2_1-300x212.jpg 300w, https:\/\/www.riformaremilano.polimi.it\/wp-content\/uploads\/2019\/05\/2_1-768x543.jpg 768w, https:\/\/www.riformaremilano.polimi.it\/wp-content\/uploads\/2019\/05\/2_1-1024x723.jpg 1024w\" sizes=\"auto, (max-width: 3311px) 100vw, 3311px\" \/><\/a>Tav.1<\/p>\n<p align=\"justify\"><a href=\"http:\/\/www.riformaremilano.polimi.it\/wp-content\/uploads\/2019\/05\/3_2.jpg\"><img loading=\"lazy\" decoding=\"async\" class=\"aligncenter wp-image-3734 size-full\" src=\"http:\/\/www.riformaremilano.polimi.it\/wp-content\/uploads\/2019\/05\/3_2.jpg\" alt=\"\" width=\"3311\" height=\"2339\" srcset=\"https:\/\/www.riformaremilano.polimi.it\/wp-content\/uploads\/2019\/05\/3_2.jpg 3311w, https:\/\/www.riformaremilano.polimi.it\/wp-content\/uploads\/2019\/05\/3_2-300x212.jpg 300w, https:\/\/www.riformaremilano.polimi.it\/wp-content\/uploads\/2019\/05\/3_2-768x543.jpg 768w, https:\/\/www.riformaremilano.polimi.it\/wp-content\/uploads\/2019\/05\/3_2-1024x723.jpg 1024w\" sizes=\"auto, (max-width: 3311px) 100vw, 3311px\" \/><\/a>Tav.2<\/p>\n<p align=\"justify\">Studenti: Riccardo Rapparini, Giuliana Sirna<\/p>\n<p align=\"justify\"><a href=\"http:\/\/www.riformaremilano.polimi.it\/wp-content\/uploads\/2019\/05\/5_A1_Assonometria_Planometrica_1_200.jpg\"><img loading=\"lazy\" decoding=\"async\" class=\"aligncenter wp-image-3735 size-full\" src=\"http:\/\/www.riformaremilano.polimi.it\/wp-content\/uploads\/2019\/05\/5_A1_Assonometria_Planometrica_1_200.jpg\" alt=\"\" width=\"3311\" height=\"2339\" srcset=\"https:\/\/www.riformaremilano.polimi.it\/wp-content\/uploads\/2019\/05\/5_A1_Assonometria_Planometrica_1_200.jpg 3311w, https:\/\/www.riformaremilano.polimi.it\/wp-content\/uploads\/2019\/05\/5_A1_Assonometria_Planometrica_1_200-300x212.jpg 300w, https:\/\/www.riformaremilano.polimi.it\/wp-content\/uploads\/2019\/05\/5_A1_Assonometria_Planometrica_1_200-768x543.jpg 768w, https:\/\/www.riformaremilano.polimi.it\/wp-content\/uploads\/2019\/05\/5_A1_Assonometria_Planometrica_1_200-1024x723.jpg 1024w\" sizes=\"auto, (max-width: 3311px) 100vw, 3311px\" \/><\/a>Tav.1<\/p>\n<p align=\"justify\"><a href=\"http:\/\/www.riformaremilano.polimi.it\/wp-content\/uploads\/2019\/05\/6_A1_Cultural_Hub_2.jpg\"><img loading=\"lazy\" decoding=\"async\" class=\"aligncenter wp-image-3736 size-full\" src=\"http:\/\/www.riformaremilano.polimi.it\/wp-content\/uploads\/2019\/05\/6_A1_Cultural_Hub_2.jpg\" alt=\"\" width=\"3311\" height=\"2339\" srcset=\"https:\/\/www.riformaremilano.polimi.it\/wp-content\/uploads\/2019\/05\/6_A1_Cultural_Hub_2.jpg 3311w, https:\/\/www.riformaremilano.polimi.it\/wp-content\/uploads\/2019\/05\/6_A1_Cultural_Hub_2-300x212.jpg 300w, https:\/\/www.riformaremilano.polimi.it\/wp-content\/uploads\/2019\/05\/6_A1_Cultural_Hub_2-768x543.jpg 768w, https:\/\/www.riformaremilano.polimi.it\/wp-content\/uploads\/2019\/05\/6_A1_Cultural_Hub_2-1024x723.jpg 1024w\" sizes=\"auto, (max-width: 3311px) 100vw, 3311px\" \/><\/a>Tav.2<\/p>\n<p align=\"justify\">Studenti: Giulia Rizzi, Michelangelo Sicari<\/p>\n<p align=\"justify\"><a href=\"http:\/\/www.riformaremilano.polimi.it\/wp-content\/uploads\/2019\/05\/7_wonder-TAVOLE-jpg.jpg\"><img loading=\"lazy\" decoding=\"async\" class=\"aligncenter wp-image-3737 size-full\" src=\"http:\/\/www.riformaremilano.polimi.it\/wp-content\/uploads\/2019\/05\/7_wonder-TAVOLE-jpg.jpg\" alt=\"\" width=\"3390\" height=\"2575\" srcset=\"https:\/\/www.riformaremilano.polimi.it\/wp-content\/uploads\/2019\/05\/7_wonder-TAVOLE-jpg.jpg 3390w, https:\/\/www.riformaremilano.polimi.it\/wp-content\/uploads\/2019\/05\/7_wonder-TAVOLE-jpg-300x228.jpg 300w, https:\/\/www.riformaremilano.polimi.it\/wp-content\/uploads\/2019\/05\/7_wonder-TAVOLE-jpg-768x583.jpg 768w, https:\/\/www.riformaremilano.polimi.it\/wp-content\/uploads\/2019\/05\/7_wonder-TAVOLE-jpg-1024x778.jpg 1024w\" sizes=\"auto, (max-width: 3390px) 100vw, 3390px\" \/><\/a>Tav.1<\/p>\n<p align=\"justify\"><a href=\"http:\/\/www.riformaremilano.polimi.it\/wp-content\/uploads\/2019\/05\/8_wonder-TAVOLE-jpg6.jpg\"><img loading=\"lazy\" decoding=\"async\" class=\"aligncenter wp-image-3738 size-full\" src=\"http:\/\/www.riformaremilano.polimi.it\/wp-content\/uploads\/2019\/05\/8_wonder-TAVOLE-jpg6.jpg\" alt=\"\" width=\"3390\" height=\"2575\" srcset=\"https:\/\/www.riformaremilano.polimi.it\/wp-content\/uploads\/2019\/05\/8_wonder-TAVOLE-jpg6.jpg 3390w, https:\/\/www.riformaremilano.polimi.it\/wp-content\/uploads\/2019\/05\/8_wonder-TAVOLE-jpg6-300x228.jpg 300w, https:\/\/www.riformaremilano.polimi.it\/wp-content\/uploads\/2019\/05\/8_wonder-TAVOLE-jpg6-768x583.jpg 768w, https:\/\/www.riformaremilano.polimi.it\/wp-content\/uploads\/2019\/05\/8_wonder-TAVOLE-jpg6-1024x778.jpg 1024w\" sizes=\"auto, (max-width: 3390px) 100vw, 3390px\" \/><\/a>tav.2<\/p>\n<p align=\"justify\">Studenti: Nadine Bou Kheir, Alessia Petra Epifano<\/p>\n<p align=\"justify\"><a href=\"http:\/\/www.riformaremilano.polimi.it\/wp-content\/uploads\/2019\/05\/9_T7-_ORTOgh1.jpg\"><img loading=\"lazy\" decoding=\"async\" class=\"aligncenter wp-image-3739 size-full\" src=\"http:\/\/www.riformaremilano.polimi.it\/wp-content\/uploads\/2019\/05\/9_T7-_ORTOgh1.jpg\" alt=\"\" width=\"4756\" height=\"6701\" \/><\/a>Tav.1<\/p>\n<p align=\"justify\"><a href=\"http:\/\/www.riformaremilano.polimi.it\/wp-content\/uploads\/2019\/05\/10_T7.1-_ORTOlab.jpg\"><img loading=\"lazy\" decoding=\"async\" class=\"aligncenter wp-image-3740 size-full\" src=\"http:\/\/www.riformaremilano.polimi.it\/wp-content\/uploads\/2019\/05\/10_T7.1-_ORTOlab.jpg\" alt=\"\" width=\"4756\" height=\"6701\" \/><\/a>Tav.2<\/p>\n<p align=\"justify\"><a href=\"http:\/\/www.riformaremilano.polimi.it\/wp-content\/uploads\/2019\/05\/11_T7.2-_ORTOeve.jpg\"><img loading=\"lazy\" decoding=\"async\" class=\"aligncenter wp-image-3741 size-full\" src=\"http:\/\/www.riformaremilano.polimi.it\/wp-content\/uploads\/2019\/05\/11_T7.2-_ORTOeve.jpg\" alt=\"\" width=\"4756\" height=\"6701\" \/><\/a>Tav.3<\/p>\n<p align=\"justify\">Studenti: Edoardo Caizzi, Camilla Caldera, Alice Calini<\/p>\n<p align=\"justify\"><a href=\"http:\/\/www.riformaremilano.polimi.it\/wp-content\/uploads\/2019\/05\/Barera_1_A1-Sezioni-Prospetto-200-Vertical.jpg\"><img loading=\"lazy\" decoding=\"async\" class=\"aligncenter wp-image-3757 size-full\" src=\"http:\/\/www.riformaremilano.polimi.it\/wp-content\/uploads\/2019\/05\/Barera_1_A1-Sezioni-Prospetto-200-Vertical.jpg\" alt=\"\" width=\"3368\" height=\"4768\" srcset=\"https:\/\/www.riformaremilano.polimi.it\/wp-content\/uploads\/2019\/05\/Barera_1_A1-Sezioni-Prospetto-200-Vertical.jpg 3368w, https:\/\/www.riformaremilano.polimi.it\/wp-content\/uploads\/2019\/05\/Barera_1_A1-Sezioni-Prospetto-200-Vertical-212x300.jpg 212w, https:\/\/www.riformaremilano.polimi.it\/wp-content\/uploads\/2019\/05\/Barera_1_A1-Sezioni-Prospetto-200-Vertical-768x1087.jpg 768w, https:\/\/www.riformaremilano.polimi.it\/wp-content\/uploads\/2019\/05\/Barera_1_A1-Sezioni-Prospetto-200-Vertical-723x1024.jpg 723w\" sizes=\"auto, (max-width: 3368px) 100vw, 3368px\" \/><\/a>Tav.1<\/p>\n<p align=\"justify\"><a href=\"http:\/\/www.riformaremilano.polimi.it\/wp-content\/uploads\/2019\/05\/Barera_2_A1-Prospetto-200-Vertical.jpg\"><img loading=\"lazy\" decoding=\"async\" class=\"aligncenter wp-image-3758 size-full\" src=\"http:\/\/www.riformaremilano.polimi.it\/wp-content\/uploads\/2019\/05\/Barera_2_A1-Prospetto-200-Vertical.jpg\" alt=\"\" width=\"3368\" height=\"4768\" srcset=\"https:\/\/www.riformaremilano.polimi.it\/wp-content\/uploads\/2019\/05\/Barera_2_A1-Prospetto-200-Vertical.jpg 3368w, https:\/\/www.riformaremilano.polimi.it\/wp-content\/uploads\/2019\/05\/Barera_2_A1-Prospetto-200-Vertical-212x300.jpg 212w, https:\/\/www.riformaremilano.polimi.it\/wp-content\/uploads\/2019\/05\/Barera_2_A1-Prospetto-200-Vertical-768x1087.jpg 768w, https:\/\/www.riformaremilano.polimi.it\/wp-content\/uploads\/2019\/05\/Barera_2_A1-Prospetto-200-Vertical-723x1024.jpg 723w\" sizes=\"auto, (max-width: 3368px) 100vw, 3368px\" \/><\/a>Tav.2<\/p>\n<p align=\"justify\"><a href=\"http:\/\/www.riformaremilano.polimi.it\/wp-content\/uploads\/2019\/05\/Barera_3_90x150-Sezione-100-Vertical.jpg\"><img loading=\"lazy\" decoding=\"async\" class=\"aligncenter wp-image-3759 size-full\" src=\"http:\/\/www.riformaremilano.polimi.it\/wp-content\/uploads\/2019\/05\/Barera_3_90x150-Sezione-100-Vertical.jpg\" alt=\"\" width=\"5102\" height=\"8504\" \/><\/a><\/p>\n<p align=\"justify\">Tav.3<\/p>\n<p align=\"justify\"><a href=\"http:\/\/www.riformaremilano.polimi.it\/wp-content\/uploads\/2019\/05\/Barera_4_A1-45X45-Sezione-50-Vertical.jpg\"><img loading=\"lazy\" decoding=\"async\" class=\"aligncenter wp-image-3760 size-full\" src=\"http:\/\/www.riformaremilano.polimi.it\/wp-content\/uploads\/2019\/05\/Barera_4_A1-45X45-Sezione-50-Vertical.jpg\" alt=\"\" width=\"2551\" height=\"2551\" srcset=\"https:\/\/www.riformaremilano.polimi.it\/wp-content\/uploads\/2019\/05\/Barera_4_A1-45X45-Sezione-50-Vertical.jpg 2551w, https:\/\/www.riformaremilano.polimi.it\/wp-content\/uploads\/2019\/05\/Barera_4_A1-45X45-Sezione-50-Vertical-80x80.jpg 80w, https:\/\/www.riformaremilano.polimi.it\/wp-content\/uploads\/2019\/05\/Barera_4_A1-45X45-Sezione-50-Vertical-300x300.jpg 300w, https:\/\/www.riformaremilano.polimi.it\/wp-content\/uploads\/2019\/05\/Barera_4_A1-45X45-Sezione-50-Vertical-768x768.jpg 768w, https:\/\/www.riformaremilano.polimi.it\/wp-content\/uploads\/2019\/05\/Barera_4_A1-45X45-Sezione-50-Vertical-1024x1024.jpg 1024w\" sizes=\"auto, (max-width: 2551px) 100vw, 2551px\" \/><\/a><\/p>\n<p align=\"justify\">TAv.4<\/p>\n<p align=\"justify\">Studenti: Elisa Aguzzi, Sara Barera<\/p>\n","protected":false},"excerpt":{"rendered":"<p>Laboratorio di Progettazione Architettonica Docenti: Filippo Orsini, Davide Ferrari, Giulia Fini [IT] \u201cPerch\u00e9 non \u00e8&#8230;<\/p>\n","protected":false},"author":5,"featured_media":0,"parent":0,"menu_order":0,"comment_status":"closed","ping_status":"closed","template":"","meta":{"footnotes":""},"class_list":["post-3664","page","type-page","status-publish","hentry"],"_links":{"self":[{"href":"https:\/\/www.riformaremilano.polimi.it\/index.php?rest_route=\/wp\/v2\/pages\/3664","targetHints":{"allow":["GET"]}}],"collection":[{"href":"https:\/\/www.riformaremilano.polimi.it\/index.php?rest_route=\/wp\/v2\/pages"}],"about":[{"href":"https:\/\/www.riformaremilano.polimi.it\/index.php?rest_route=\/wp\/v2\/types\/page"}],"author":[{"embeddable":true,"href":"https:\/\/www.riformaremilano.polimi.it\/index.php?rest_route=\/wp\/v2\/users\/5"}],"replies":[{"embeddable":true,"href":"https:\/\/www.riformaremilano.polimi.it\/index.php?rest_route=%2Fwp%2Fv2%2Fcomments&post=3664"}],"version-history":[{"count":15,"href":"https:\/\/www.riformaremilano.polimi.it\/index.php?rest_route=\/wp\/v2\/pages\/3664\/revisions"}],"predecessor-version":[{"id":3768,"href":"https:\/\/www.riformaremilano.polimi.it\/index.php?rest_route=\/wp\/v2\/pages\/3664\/revisions\/3768"}],"wp:attachment":[{"href":"https:\/\/www.riformaremilano.polimi.it\/index.php?rest_route=%2Fwp%2Fv2%2Fmedia&parent=3664"}],"curies":[{"name":"wp","href":"https:\/\/api.w.org\/{rel}","templated":true}]}}