{"id":3624,"date":"2019-04-28T07:30:51","date_gmt":"2019-04-28T07:30:51","guid":{"rendered":"http:\/\/www.riformaremilano.polimi.it\/?page_id=3624"},"modified":"2019-05-28T08:16:59","modified_gmt":"2019-05-28T08:16:59","slug":"laboratorio-tematico-laurent-salomon-elena-fontanella-2","status":"publish","type":"page","link":"https:\/\/www.riformaremilano.polimi.it\/?page_id=3624","title":{"rendered":"Laboratorio Tematico | Laurent Salomon, Elena Fontanella"},"content":{"rendered":"<p><strong>Laboratorio Tematico<\/strong><br \/>\n&#8220;Racconto e razionalit\u00e0 nel progetto Architettonico&#8221;<br \/>\n<a href=\"https:\/\/www11.ceda.polimi.it\/schedaincarico\/schedaincarico\/controller\/scheda_pubblica\/SchedaPublic.do?&amp;evn_default=evento&amp;c_classe=692800&amp;__pj0=0&amp;__pj1=03916c6d19245ef594ec7bcf815aed99\" target=\"_blank\" rel=\"noopener noreferrer\">Laurent Salomon, Elena Fontanella<\/a><\/p>\n<p>IT\/<\/p>\n<p align=\"justify\">Cosa significa oggi <em>Ri-formare<\/em> gli ambiti periferici di Milano? E&#8217; una questione che riguarda la ricostruzione di ci\u00f2 che costituisce la virt\u00f9 socializzante della citt\u00e0, o si tratta di cadere in un tropismo metropolitano? La metropoli, questa fantasia di scala terrritoriale, all&#8217;opposto della sua denominazione di &#8220;madre della citt\u00e0&#8221;, \u00e8 in ultima analisi solo il bambino sordo a ci\u00f2 che produce il benessere di coloro che la abitano? Nel 1970, Bruno Zevi ha definito il concetto di &#8220;<em>urbatettura<\/em>&#8221; per &#8220;reintegrare l&#8217;urbanistica e l&#8217;architettura&#8221;. In questo si \u00e8 unito alla posizione di J\u00fcrgen Habermas, che considerava la modernit\u00e0 come &#8220;un progetto incompiuto&#8221;.<br \/>\nE&#8217; in questo spirito che gli studenti di questo laboratorio hanno lavorato. Nei progetti elaborati, di cui \u00e8 qui restituita una sezione degli esiti, la citt\u00e0 \u00e8 proposta come una forma architettonicamente caratterizzata: il valore &#8220;urbano&#8221; del terreno assegnato non \u00e8 tanto un dato di partenza quanto un obiettivo da raggiungere. Inoltre, nel caso della &#8220;Goccia&#8221;, l&#8217;isolamento che caratterizza quest&#8217;area non ha bisogno di una ulteriore frammentazione interna, che declinerebbe su piccola scala l&#8217;handicap di limiti difficili da superare che gi\u00e0 lo connota.<br \/>\nPer realizzare questo studio, da un lato ogni gruppo ha sviluppato una narrazione collettiva, progressista e specifica del sito del progetto, dall&#8217;altro ha scelto un &#8220;tema architettonico&#8221; che potesse fornire a priori una base efficace per la trascrizione del racconto. Questo &#8220;tema&#8221; \u00e8 stato esplorato simultaneamente alle scale urbane e domestiche, per rafforzare la coerenza del progetto.<br \/>\nQuesta esperienza ha evidenziato la capacit\u00e0 del &#8220;tema architettonico&#8221; di esprimersi in modo molto diverso a seconda dell&#8217;oggetto che lo cattura, assumendo come oggetto del lavoro pedagogico la trasformazione della narrazione in architettura, e non la narrazione in s\u00e9. Questo approccio educativo multiscalare ha lo scopo di mostrare agli studenti le infinite possibilit\u00e0 di reinvenzione del linguaggio architettonico, a partire dalle sue componenti elementari. L&#8217;ambizione \u00e8 quella di restituire all&#8217;architettura il suo ruolo di catalizzatore sociale, ritrovando il potere di trascendere le necessit\u00e0 per offrire luoghi di realizzazione umana, avvicinandosi a quello che Martin Heidegger ha definito &#8220;il Regno del luogo&#8221;.<\/p>\n<p>&nbsp;<\/p>\n<p><a href=\"http:\/\/www.riformaremilano.polimi.it\/wp-content\/uploads\/2019\/04\/Alessandro-Bellaro-Marco-Bonsembiante.jpg\"><img loading=\"lazy\" decoding=\"async\" class=\"aligncenter wp-image-3632 size-large\" src=\"http:\/\/www.riformaremilano.polimi.it\/wp-content\/uploads\/2019\/04\/Alessandro-Bellaro-Marco-Bonsembiante-1024x723.jpg\" alt=\"\" width=\"1024\" height=\"723\" srcset=\"https:\/\/www.riformaremilano.polimi.it\/wp-content\/uploads\/2019\/04\/Alessandro-Bellaro-Marco-Bonsembiante-1024x723.jpg 1024w, https:\/\/www.riformaremilano.polimi.it\/wp-content\/uploads\/2019\/04\/Alessandro-Bellaro-Marco-Bonsembiante-300x212.jpg 300w, https:\/\/www.riformaremilano.polimi.it\/wp-content\/uploads\/2019\/04\/Alessandro-Bellaro-Marco-Bonsembiante-768x543.jpg 768w\" sizes=\"auto, (max-width: 1024px) 100vw, 1024px\" \/><\/a>Tav.1<br \/>\nStudenti: Alessandro Bellaro, Marco Bonsembiante<\/p>\n<p><a href=\"http:\/\/www.riformaremilano.polimi.it\/wp-content\/uploads\/2019\/04\/Domenico-Di-Loreto-Riccardo-Favaretto.jpg\"><img loading=\"lazy\" decoding=\"async\" class=\"aligncenter wp-image-3635 size-large\" src=\"http:\/\/www.riformaremilano.polimi.it\/wp-content\/uploads\/2019\/04\/Domenico-Di-Loreto-Riccardo-Favaretto-1024x723.jpg\" alt=\"\" width=\"1024\" height=\"723\" srcset=\"https:\/\/www.riformaremilano.polimi.it\/wp-content\/uploads\/2019\/04\/Domenico-Di-Loreto-Riccardo-Favaretto-1024x723.jpg 1024w, https:\/\/www.riformaremilano.polimi.it\/wp-content\/uploads\/2019\/04\/Domenico-Di-Loreto-Riccardo-Favaretto-300x212.jpg 300w, https:\/\/www.riformaremilano.polimi.it\/wp-content\/uploads\/2019\/04\/Domenico-Di-Loreto-Riccardo-Favaretto-768x543.jpg 768w\" sizes=\"auto, (max-width: 1024px) 100vw, 1024px\" \/><\/a>Tav.2<br \/>\nStudenti: Domenica Di Loreto, Riccardo Favaretto<\/p>\n<p><a href=\"http:\/\/www.riformaremilano.polimi.it\/wp-content\/uploads\/2019\/04\/ELISA-GUARNIERI_STEFANO-TREMOLADA_.jpg\"><img loading=\"lazy\" decoding=\"async\" class=\"aligncenter wp-image-3638 size-large\" src=\"http:\/\/www.riformaremilano.polimi.it\/wp-content\/uploads\/2019\/04\/ELISA-GUARNIERI_STEFANO-TREMOLADA_-1024x723.jpg\" alt=\"\" width=\"1024\" height=\"723\" srcset=\"https:\/\/www.riformaremilano.polimi.it\/wp-content\/uploads\/2019\/04\/ELISA-GUARNIERI_STEFANO-TREMOLADA_-1024x723.jpg 1024w, https:\/\/www.riformaremilano.polimi.it\/wp-content\/uploads\/2019\/04\/ELISA-GUARNIERI_STEFANO-TREMOLADA_-300x212.jpg 300w, https:\/\/www.riformaremilano.polimi.it\/wp-content\/uploads\/2019\/04\/ELISA-GUARNIERI_STEFANO-TREMOLADA_-768x543.jpg 768w\" sizes=\"auto, (max-width: 1024px) 100vw, 1024px\" \/><\/a>Tav.3<br \/>\nStudenti: Elisa Guarnieri, Stefano Tremolada<\/p>\n<p><a href=\"http:\/\/www.riformaremilano.polimi.it\/wp-content\/uploads\/2019\/04\/Laura-Farina-Andrea-Deponti.jpg\"><img loading=\"lazy\" decoding=\"async\" class=\"aligncenter wp-image-3641 size-large\" src=\"http:\/\/www.riformaremilano.polimi.it\/wp-content\/uploads\/2019\/04\/Laura-Farina-Andrea-Deponti-1024x723.jpg\" alt=\"\" width=\"1024\" height=\"723\" srcset=\"https:\/\/www.riformaremilano.polimi.it\/wp-content\/uploads\/2019\/04\/Laura-Farina-Andrea-Deponti-1024x723.jpg 1024w, https:\/\/www.riformaremilano.polimi.it\/wp-content\/uploads\/2019\/04\/Laura-Farina-Andrea-Deponti-300x212.jpg 300w, https:\/\/www.riformaremilano.polimi.it\/wp-content\/uploads\/2019\/04\/Laura-Farina-Andrea-Deponti-768x543.jpg 768w\" sizes=\"auto, (max-width: 1024px) 100vw, 1024px\" \/><\/a>Tav.4<br \/>\nStudenti: Laura Farina, Andrea Deponti<\/p>\n<p><a href=\"http:\/\/www.riformaremilano.polimi.it\/wp-content\/uploads\/2019\/04\/Lucia-Giordano-Margherita-Pane.jpg\"><img loading=\"lazy\" decoding=\"async\" class=\"aligncenter wp-image-3642 size-large\" src=\"http:\/\/www.riformaremilano.polimi.it\/wp-content\/uploads\/2019\/04\/Lucia-Giordano-Margherita-Pane-1024x729.jpg\" alt=\"\" width=\"1024\" height=\"729\" srcset=\"https:\/\/www.riformaremilano.polimi.it\/wp-content\/uploads\/2019\/04\/Lucia-Giordano-Margherita-Pane-1024x729.jpg 1024w, https:\/\/www.riformaremilano.polimi.it\/wp-content\/uploads\/2019\/04\/Lucia-Giordano-Margherita-Pane-300x213.jpg 300w, https:\/\/www.riformaremilano.polimi.it\/wp-content\/uploads\/2019\/04\/Lucia-Giordano-Margherita-Pane-768x546.jpg 768w\" sizes=\"auto, (max-width: 1024px) 100vw, 1024px\" \/><\/a>Tav.5<br \/>\nStudenti: Lucia Giordano, Margherita Pane<\/p>\n<p><a href=\"http:\/\/www.riformaremilano.polimi.it\/wp-content\/uploads\/2019\/04\/Martina-Pozzi-Stefano-Ranza.jpg\"><img loading=\"lazy\" decoding=\"async\" class=\"aligncenter wp-image-3644 size-large\" src=\"http:\/\/www.riformaremilano.polimi.it\/wp-content\/uploads\/2019\/04\/Martina-Pozzi-Stefano-Ranza-1024x723.jpg\" alt=\"\" width=\"1024\" height=\"723\" srcset=\"https:\/\/www.riformaremilano.polimi.it\/wp-content\/uploads\/2019\/04\/Martina-Pozzi-Stefano-Ranza-1024x723.jpg 1024w, https:\/\/www.riformaremilano.polimi.it\/wp-content\/uploads\/2019\/04\/Martina-Pozzi-Stefano-Ranza-300x212.jpg 300w, https:\/\/www.riformaremilano.polimi.it\/wp-content\/uploads\/2019\/04\/Martina-Pozzi-Stefano-Ranza-768x543.jpg 768w\" sizes=\"auto, (max-width: 1024px) 100vw, 1024px\" \/><\/a>Tav.6<br \/>\nStudenti: Martina Pozzi, Stefano Ranza<\/p>\n<p><a href=\"http:\/\/www.riformaremilano.polimi.it\/wp-content\/uploads\/2019\/04\/Ryutaro-Furukawa-Claudio-Sberna.jpg\"><img loading=\"lazy\" decoding=\"async\" class=\"aligncenter wp-image-3646 size-large\" src=\"http:\/\/www.riformaremilano.polimi.it\/wp-content\/uploads\/2019\/04\/Ryutaro-Furukawa-Claudio-Sberna-1024x723.jpg\" alt=\"\" width=\"1024\" height=\"723\" srcset=\"https:\/\/www.riformaremilano.polimi.it\/wp-content\/uploads\/2019\/04\/Ryutaro-Furukawa-Claudio-Sberna-1024x723.jpg 1024w, https:\/\/www.riformaremilano.polimi.it\/wp-content\/uploads\/2019\/04\/Ryutaro-Furukawa-Claudio-Sberna-300x212.jpg 300w, https:\/\/www.riformaremilano.polimi.it\/wp-content\/uploads\/2019\/04\/Ryutaro-Furukawa-Claudio-Sberna-768x543.jpg 768w\" sizes=\"auto, (max-width: 1024px) 100vw, 1024px\" \/><\/a>Tav.7<br \/>\nStudenti: Ryutaro Furukawa, Claudio Sberna<\/p>\n<p><a href=\"http:\/\/www.riformaremilano.polimi.it\/wp-content\/uploads\/2019\/04\/stefano-Di-zazzo-Giada-Giovinazzi-Maria-Romana-Vicari.jpg\"><img loading=\"lazy\" decoding=\"async\" class=\"aligncenter wp-image-3648 size-large\" src=\"http:\/\/www.riformaremilano.polimi.it\/wp-content\/uploads\/2019\/04\/stefano-Di-zazzo-Giada-Giovinazzi-Maria-Romana-Vicari-1024x723.jpg\" alt=\"\" width=\"1024\" height=\"723\" srcset=\"https:\/\/www.riformaremilano.polimi.it\/wp-content\/uploads\/2019\/04\/stefano-Di-zazzo-Giada-Giovinazzi-Maria-Romana-Vicari-1024x723.jpg 1024w, https:\/\/www.riformaremilano.polimi.it\/wp-content\/uploads\/2019\/04\/stefano-Di-zazzo-Giada-Giovinazzi-Maria-Romana-Vicari-300x212.jpg 300w, https:\/\/www.riformaremilano.polimi.it\/wp-content\/uploads\/2019\/04\/stefano-Di-zazzo-Giada-Giovinazzi-Maria-Romana-Vicari-768x543.jpg 768w\" sizes=\"auto, (max-width: 1024px) 100vw, 1024px\" \/><\/a>Tav.8<br \/>\nStudenti: Stefano Di Zazzo, Giada Giovinazzi, Maria Romana Vicari<\/p>\n","protected":false},"excerpt":{"rendered":"<p>Laboratorio Tematico &#8220;Racconto e razionalit\u00e0 nel progetto Architettonico&#8221; Laurent Salomon, Elena Fontanella IT\/ Cosa significa&#8230;<\/p>\n","protected":false},"author":5,"featured_media":0,"parent":0,"menu_order":0,"comment_status":"closed","ping_status":"closed","template":"","meta":{"footnotes":""},"class_list":["post-3624","page","type-page","status-publish","hentry"],"_links":{"self":[{"href":"https:\/\/www.riformaremilano.polimi.it\/index.php?rest_route=\/wp\/v2\/pages\/3624","targetHints":{"allow":["GET"]}}],"collection":[{"href":"https:\/\/www.riformaremilano.polimi.it\/index.php?rest_route=\/wp\/v2\/pages"}],"about":[{"href":"https:\/\/www.riformaremilano.polimi.it\/index.php?rest_route=\/wp\/v2\/types\/page"}],"author":[{"embeddable":true,"href":"https:\/\/www.riformaremilano.polimi.it\/index.php?rest_route=\/wp\/v2\/users\/5"}],"replies":[{"embeddable":true,"href":"https:\/\/www.riformaremilano.polimi.it\/index.php?rest_route=%2Fwp%2Fv2%2Fcomments&post=3624"}],"version-history":[{"count":28,"href":"https:\/\/www.riformaremilano.polimi.it\/index.php?rest_route=\/wp\/v2\/pages\/3624\/revisions"}],"predecessor-version":[{"id":3773,"href":"https:\/\/www.riformaremilano.polimi.it\/index.php?rest_route=\/wp\/v2\/pages\/3624\/revisions\/3773"}],"wp:attachment":[{"href":"https:\/\/www.riformaremilano.polimi.it\/index.php?rest_route=%2Fwp%2Fv2%2Fmedia&parent=3624"}],"curies":[{"name":"wp","href":"https:\/\/api.w.org\/{rel}","templated":true}]}}