{"id":3593,"date":"2019-04-22T10:00:13","date_gmt":"2019-04-22T10:00:13","guid":{"rendered":"http:\/\/www.riformaremilano.polimi.it\/?page_id=3593"},"modified":"2019-04-22T10:15:56","modified_gmt":"2019-04-22T10:15:56","slug":"laboratorio-di-progettazione-architettonica-lucchini-danesi-di-martino","status":"publish","type":"page","link":"https:\/\/www.riformaremilano.polimi.it\/?page_id=3593","title":{"rendered":"Laboratorio di Progettazione Architettonica | Lucchini, Danesi, Di Martino"},"content":{"rendered":"<p><strong>Laboratorio di Progettazione Architettonica<\/strong><\/p>\n<p><a href=\"https:\/\/www11.ceda.polimi.it\/schedaincarico\/schedaincarico\/controller\/scheda_pubblica\/SchedaPublic.do?&amp;evn_default=evento&amp;c_classe=692716&amp;__pj0=0&amp;__pj1=e5511bf9ad617f8d00dbc19d90d2ce60\" target=\"_blank\" rel=\"noopener noreferrer\">Marco Lucchini, Francesca Danesi, Vivana Di Martino<\/a><\/p>\n<p>IT\/<\/p>\n<p align=\"justify\">Il laboratorio ha affrontato il tema delle grandi trasformazioni urbane proponendo un\u2019esperienza di progetto in un\u2019area della periferia milanese ubicata in viale Ortles nel quadrante sud est della citt\u00e0, a breve distanza dallo scalo di Porta Romana. Si tratta di un luogo della ex periferia industriale, caratterizzato da un tessuto misto, in cui oggi si stanno localizzando funzioni centrali di prestigio legate all\u2019arte e alla moda (Fondazione Prada), nonch\u00e9 alla residenza destinata alle fasce pi\u00f9 abbienti del mercato (progetto Symbiosis di Citterio-Viel e partner). Resistono per\u00f2 alcune isole di marginalit\u00e0, fra cui il centro di accoglienza pubblico \u201cE. Jannacci\u201d, e frammenti del tessuto insediativo residenziale. L\u2019area quindi presenta delle contraddizioni e sembra essere sospesa tra due anime diverse della citt\u00e0, una \u201cinclusiva\u201d l\u2019altra \u201cesclusiva\u201d, che attualmente convivono grazie a dei recinti che le separano e le distanziano. Il tema di progetto, sviluppato sia alla scala insediativa che a quella dello spazio architettonico e domestico, ha avuto quindi come obiettivo principale il superamento dei confini fisici e simbolici e la progettazione di spazi inclusivi e democratici, stimolando una riflessione critica e maturando una consapevolezza intorno ad alcuni ambiti problematici che, in diversi modi, attraversano la progettazione e la pianificazione contemporanea, per giungere a soluzioni progettuali in grado di affrontarne la complessit\u00e0.<\/p>\n<p align=\"justify\">ENG\/<\/p>\n<p align=\"justify\">The course aims to provide students with skills to deal with contemporary urban redevelopment issues. The project area is located in Viale Ortles, within a peripheral neighbourhood in the southern-east context of Milan, near to Porta Romana rail yard. Historically, it was a manufacturing neighbourhood characterised by mixed urban tissue. Nowadays, new high profile functions related to arts and fashion (Fondazione Prada) or luxury residential uses (Symbiosis project by Citterio-Viel &amp; partners)\u00a0 are taking place. Facing with this gradual transformation process of the whole context, some residual fragments of the original residential tissue, and some social activities like the &#8220;E. Jannacci&#8221; public shelter, are still surviving. Therefore the area presents strong contradictions, and it is split between two different characters, the &#8220;inclusive&#8221; one and the &#8220;exclusive&#8221; one on the other side. Their coexistence is possible due to the presence of different kind of fences that provide separation and distances. Overcoming these physical and symbolic boundaries represents the first goal for the redevelopment of the area. The different projects have been developed from the urban scale to the architectural one, aiming to provide new inclusive and democratic spaces for contemporary living and to test new solutions facing complexity.<\/p>\n<p align=\"justify\"><a href=\"http:\/\/www.riformaremilano.polimi.it\/?p=2831\" target=\"_blank\" rel=\"noopener noreferrer\"><strong>A.3 Via Ortlese 36 (Ex Montecatini)<\/strong><\/a><a href=\"http:\/\/www.riformaremilano.polimi.it\/wp-content\/uploads\/2019\/04\/TAV-MOSTRA-LAB-dragged-1.jpg\"><img loading=\"lazy\" decoding=\"async\" class=\"aligncenter wp-image-3596 size-full\" src=\"http:\/\/www.riformaremilano.polimi.it\/wp-content\/uploads\/2019\/04\/TAV-MOSTRA-LAB-dragged-1.jpg\" alt=\"\" width=\"4967\" height=\"4967\" \/><\/a>Tav.1<\/p>\n<p align=\"justify\">Studenti: M. Andreoletti, A. Aparicio, L. Avolio, A. Gallino, C. Gutierrez, Buga F., Cappellini L., Casali F., Coccioni A., F. Kolman, D. La Rocca, A. Mutti, A. Radice, A. Zubani.<\/p>\n<p align=\"justify\"><a href=\"http:\/\/www.riformaremilano.polimi.it\/wp-content\/uploads\/2019\/04\/TAV-MOSTRA-LAB-dragged-2.jpg\"><img loading=\"lazy\" decoding=\"async\" class=\"aligncenter wp-image-3597 size-full\" src=\"http:\/\/www.riformaremilano.polimi.it\/wp-content\/uploads\/2019\/04\/TAV-MOSTRA-LAB-dragged-2.jpg\" alt=\"\" width=\"4967\" height=\"4967\" \/><\/a>Tav.1<\/p>\n<p align=\"justify\">Studenti: A. Arcese, S. Merlo, F. Montigelli, I. Perillo, H. Sanad, S. Di Mauro, M. Disar\u00f2, R. Ravazzano, A. Rivero<\/p>\n<p align=\"justify\"><a href=\"http:\/\/www.riformaremilano.polimi.it\/wp-content\/uploads\/2019\/04\/TAV-MOSTRA-LAB-dragged-3.jpg\"><img loading=\"lazy\" decoding=\"async\" class=\"aligncenter wp-image-3598 size-full\" src=\"http:\/\/www.riformaremilano.polimi.it\/wp-content\/uploads\/2019\/04\/TAV-MOSTRA-LAB-dragged-3.jpg\" alt=\"\" width=\"4967\" height=\"4967\" \/><\/a>Tav.1<\/p>\n<p align=\"justify\">Studenti: S. Austrup, F. Castaldi, K. Kiroglu, C. Marchesi,G. Veronese, D. Vicario, I. Boffi, G. Camardo, F. Maino, M. Marmolejo, M. Rubio, A. Spreafico, T. Desinde<\/p>\n<p align=\"justify\"><a href=\"http:\/\/www.riformaremilano.polimi.it\/wp-content\/uploads\/2019\/04\/TAV-MOSTRA-LAB-dragged.jpg\"><img loading=\"lazy\" decoding=\"async\" class=\"aligncenter wp-image-3599 size-full\" src=\"http:\/\/www.riformaremilano.polimi.it\/wp-content\/uploads\/2019\/04\/TAV-MOSTRA-LAB-dragged.jpg\" alt=\"\" width=\"4967\" height=\"4967\" \/><\/a>Tav.1<\/p>\n<p align=\"justify\">Studente: M. Colombo, F. Coppolino, T. Desinde, A. Spreafico, G. Verdi, M. Addamiano, C. Cris\u00e0, L. Dander, N. Gaia, S. Airaghi, E. Arenella, C. Carai, E. Carretto<\/p>\n","protected":false},"excerpt":{"rendered":"<p>Laboratorio di Progettazione Architettonica Marco Lucchini, Francesca Danesi, Vivana Di Martino IT\/ Il laboratorio ha&#8230;<\/p>\n","protected":false},"author":2,"featured_media":0,"parent":0,"menu_order":0,"comment_status":"closed","ping_status":"closed","template":"","meta":{"footnotes":""},"class_list":["post-3593","page","type-page","status-publish","hentry"],"_links":{"self":[{"href":"https:\/\/www.riformaremilano.polimi.it\/index.php?rest_route=\/wp\/v2\/pages\/3593","targetHints":{"allow":["GET"]}}],"collection":[{"href":"https:\/\/www.riformaremilano.polimi.it\/index.php?rest_route=\/wp\/v2\/pages"}],"about":[{"href":"https:\/\/www.riformaremilano.polimi.it\/index.php?rest_route=\/wp\/v2\/types\/page"}],"author":[{"embeddable":true,"href":"https:\/\/www.riformaremilano.polimi.it\/index.php?rest_route=\/wp\/v2\/users\/2"}],"replies":[{"embeddable":true,"href":"https:\/\/www.riformaremilano.polimi.it\/index.php?rest_route=%2Fwp%2Fv2%2Fcomments&post=3593"}],"version-history":[{"count":7,"href":"https:\/\/www.riformaremilano.polimi.it\/index.php?rest_route=\/wp\/v2\/pages\/3593\/revisions"}],"predecessor-version":[{"id":3604,"href":"https:\/\/www.riformaremilano.polimi.it\/index.php?rest_route=\/wp\/v2\/pages\/3593\/revisions\/3604"}],"wp:attachment":[{"href":"https:\/\/www.riformaremilano.polimi.it\/index.php?rest_route=%2Fwp%2Fv2%2Fmedia&parent=3593"}],"curies":[{"name":"wp","href":"https:\/\/api.w.org\/{rel}","templated":true}]}}