{"id":3579,"date":"2019-04-22T09:26:41","date_gmt":"2019-04-22T09:26:41","guid":{"rendered":"http:\/\/www.riformaremilano.polimi.it\/?page_id=3579"},"modified":"2019-06-25T07:25:03","modified_gmt":"2019-06-25T07:25:03","slug":"architectural-design-studio-rocca-bianconi-molteni","status":"publish","type":"page","link":"https:\/\/www.riformaremilano.polimi.it\/?page_id=3579","title":{"rendered":"Architectural Design Studio | Rocca, Bianconi, Molteni"},"content":{"rendered":"<p><strong>Architectural Design Studio<\/strong><\/p>\n<p><a href=\"https:\/\/www11.ceda.polimi.it\/schedaincarico\/schedaincarico\/controller\/scheda_pubblica\/SchedaPublic.do?&amp;evn_default=evento&amp;c_classe=687933&amp;__pj0=0&amp;__pj1=fc493c2d1ba07310d168e1f8eb306d8d\" target=\"_blank\" rel=\"noopener noreferrer\">Alessandro Rocca, Marco Bianconi, Enrico Molteni<\/a><\/p>\n<p>Tutors:\u00a0Giuseppe Vallelonga, Francesca Zanotto<\/p>\n<p>IT\/<\/p>\n<p align=\"justify\">Il laboratorio si concentra sul progetto di un&#8217;architettura complessa che ospita molteplici attivit\u00e0, come un centro civico per la cultura, l\u2019intrattenimento e il tempo libero, con infrastrutture urbane e spazi pubblici all&#8217;aperto, situata nel lotto libero dell&#8217;ex area industriale Montecatini in viale Ortles.<br \/>\nPartendo da una serie di linee guida autoprodotte, i team degli studenti procedono con la progettazione architettonica dei nuovi edifici e degli spazi aperti, affrontano temi legati all&#8217;organizzazione interna ed esterna di spazi e ambienti, alla produzione dell\u2019immagine architettonica, agli aspetti distributivi, strutturali e tecnologici che trovano il loro significato sintetico nella parola &#8220;Tipologia&#8221;. Abbiamo usato edifici e progetti esistenti, nonch\u00e9 proposte passate e presenti, per definire una serie di principi chiave che possano guidare il pensiero relativo alla progettazione degli spazi e degli edifici.<br \/>\nIl laboratorio \u00e8 guidato da due linee operative principali: una \u00e8 l&#8217;elaborazione continua e paziente del progetto architettonico; la seconda \u00e8 costituita da una serie di esercizi di progettazione ex tempore in cui gli studenti elaborano una proposta istantanea, in 4 ore, su una questione specifica del loro progetto. In diversi momenti, hanno fatto proposte istantanee per questi argomenti: spazi esterni, sezione principale, vista assonometrica, facciata, struttura, interni, ornamento. Questi esercizi hanno aiutato a focalizzare meglio gli aspetti pi\u00f9 rilevanti dei loro progetti, portandoli a prendere una decisione chiara e definitiva sui punti in grado di orientare e qualificare l&#8217;intero progetto.<\/p>\n<p>ENG\/<\/p>\n<p align=\"justify\">Our design studio focuses on the project of a complex architecture hosting multiple activities, such as a civic and cultural center, commercial and leisure entertainment, urban infrastructure and outdoor public spaces, located in the vacant lot of the former Montecatini industrial area in viale Ortles.<br \/>\nStarting from self-produced set of guidelines, students&#8217; teams move on and elaborate the architectural design of the new building(s) and spaces. In this phase, we address themes related to the internal and external organization of spaces and environments, image, technological aspects, and other aspects that find their synthetic meaning in the word \u2018Typology\u2019. We will use existing buildings and projects, as well as past and present proposals, to define a number of key principles that will guide the thinking related to the design of spaces; the layout, and the image of the building(s).<br \/>\nStudio is driven through two principal lines: one is the continuous and patient elaboration of the architectural project; the second one is made of a series of short term design exercises where students elaborate instant proposal, made in 4 hours, about a specific topic of their project. In different moments, they did instant proposals for these topics: outdoor spaces, main section, axonometric view, facade, structure, interiors, ornament. These exercises helped in better focusing on the more relevant aspects of their projects, demanding a clear decision about points capable of orienting and qualifying the entire design.<\/p>\n<p align=\"justify\"><a href=\"http:\/\/www.riformaremilano.polimi.it\/?p=2831\" target=\"_blank\" rel=\"noopener noreferrer\"><strong>A.3 Via Ortlese 36 (Ex Montecatini)<\/strong><\/a><\/p>\n<p align=\"justify\"><a href=\"http:\/\/www.riformaremilano.polimi.it\/wp-content\/uploads\/2019\/04\/Assonometrie.jpg\"><img loading=\"lazy\" decoding=\"async\" class=\"aligncenter wp-image-3583 size-full\" src=\"http:\/\/www.riformaremilano.polimi.it\/wp-content\/uploads\/2019\/04\/Assonometrie.jpg\" alt=\"\" width=\"3508\" height=\"4967\" srcset=\"https:\/\/www.riformaremilano.polimi.it\/wp-content\/uploads\/2019\/04\/Assonometrie.jpg 3508w, https:\/\/www.riformaremilano.polimi.it\/wp-content\/uploads\/2019\/04\/Assonometrie-212x300.jpg 212w, https:\/\/www.riformaremilano.polimi.it\/wp-content\/uploads\/2019\/04\/Assonometrie-768x1087.jpg 768w, https:\/\/www.riformaremilano.polimi.it\/wp-content\/uploads\/2019\/04\/Assonometrie-723x1024.jpg 723w\" sizes=\"auto, (max-width: 3508px) 100vw, 3508px\" \/><\/a>Tav.1 : Assonometrie<\/p>\n<p align=\"justify\"><a href=\"http:\/\/www.riformaremilano.polimi.it\/wp-content\/uploads\/2019\/04\/Fac\u2560\u00baades.jpg\"><img loading=\"lazy\" decoding=\"async\" class=\"aligncenter wp-image-3584 size-full\" src=\"http:\/\/www.riformaremilano.polimi.it\/wp-content\/uploads\/2019\/04\/Fac\u2560\u00baades.jpg\" alt=\"\" width=\"3508\" height=\"4967\" srcset=\"https:\/\/www.riformaremilano.polimi.it\/wp-content\/uploads\/2019\/04\/Fac\u2560\u00baades.jpg 3508w, https:\/\/www.riformaremilano.polimi.it\/wp-content\/uploads\/2019\/04\/Fac\u2560\u00baades-212x300.jpg 212w, https:\/\/www.riformaremilano.polimi.it\/wp-content\/uploads\/2019\/04\/Fac\u2560\u00baades-768x1087.jpg 768w, https:\/\/www.riformaremilano.polimi.it\/wp-content\/uploads\/2019\/04\/Fac\u2560\u00baades-723x1024.jpg 723w\" sizes=\"auto, (max-width: 3508px) 100vw, 3508px\" \/><\/a>Tav.2: Elevation<\/p>\n<p align=\"justify\"><a href=\"http:\/\/www.riformaremilano.polimi.it\/wp-content\/uploads\/2019\/04\/Interior.jpg\"><img loading=\"lazy\" decoding=\"async\" class=\"aligncenter wp-image-3585 size-full\" src=\"http:\/\/www.riformaremilano.polimi.it\/wp-content\/uploads\/2019\/04\/Interior.jpg\" alt=\"\" width=\"4184\" height=\"4967\" srcset=\"https:\/\/www.riformaremilano.polimi.it\/wp-content\/uploads\/2019\/04\/Interior.jpg 4184w, https:\/\/www.riformaremilano.polimi.it\/wp-content\/uploads\/2019\/04\/Interior-253x300.jpg 253w, https:\/\/www.riformaremilano.polimi.it\/wp-content\/uploads\/2019\/04\/Interior-768x912.jpg 768w, https:\/\/www.riformaremilano.polimi.it\/wp-content\/uploads\/2019\/04\/Interior-863x1024.jpg 863w\" sizes=\"auto, (max-width: 4184px) 100vw, 4184px\" \/><\/a>Tav.3: Interiors<\/p>\n<p align=\"justify\"><a href=\"http:\/\/www.riformaremilano.polimi.it\/wp-content\/uploads\/2019\/04\/Ornament.jpg\"><img loading=\"lazy\" decoding=\"async\" class=\"aligncenter wp-image-3586 size-full\" src=\"http:\/\/www.riformaremilano.polimi.it\/wp-content\/uploads\/2019\/04\/Ornament.jpg\" alt=\"\" width=\"3508\" height=\"4967\" srcset=\"https:\/\/www.riformaremilano.polimi.it\/wp-content\/uploads\/2019\/04\/Ornament.jpg 3508w, https:\/\/www.riformaremilano.polimi.it\/wp-content\/uploads\/2019\/04\/Ornament-212x300.jpg 212w, https:\/\/www.riformaremilano.polimi.it\/wp-content\/uploads\/2019\/04\/Ornament-768x1087.jpg 768w, https:\/\/www.riformaremilano.polimi.it\/wp-content\/uploads\/2019\/04\/Ornament-723x1024.jpg 723w\" sizes=\"auto, (max-width: 3508px) 100vw, 3508px\" \/><\/a><\/p>\n<p align=\"justify\">Tav.4: Ornament<\/p>\n<p align=\"justify\"><a href=\"http:\/\/www.riformaremilano.polimi.it\/wp-content\/uploads\/2019\/04\/Outdoor.jpg\"><img loading=\"lazy\" decoding=\"async\" class=\"aligncenter wp-image-3587 size-full\" src=\"http:\/\/www.riformaremilano.polimi.it\/wp-content\/uploads\/2019\/04\/Outdoor.jpg\" alt=\"\" width=\"3508\" height=\"4967\" srcset=\"https:\/\/www.riformaremilano.polimi.it\/wp-content\/uploads\/2019\/04\/Outdoor.jpg 3508w, https:\/\/www.riformaremilano.polimi.it\/wp-content\/uploads\/2019\/04\/Outdoor-212x300.jpg 212w, https:\/\/www.riformaremilano.polimi.it\/wp-content\/uploads\/2019\/04\/Outdoor-768x1087.jpg 768w, https:\/\/www.riformaremilano.polimi.it\/wp-content\/uploads\/2019\/04\/Outdoor-723x1024.jpg 723w\" sizes=\"auto, (max-width: 3508px) 100vw, 3508px\" \/><\/a>Tav.5: Outdoor<\/p>\n<p align=\"justify\"><a href=\"http:\/\/www.riformaremilano.polimi.it\/wp-content\/uploads\/2019\/04\/Palladio.jpg\"><img loading=\"lazy\" decoding=\"async\" class=\"aligncenter wp-image-3588 size-full\" src=\"http:\/\/www.riformaremilano.polimi.it\/wp-content\/uploads\/2019\/04\/Palladio.jpg\" alt=\"\" width=\"3509\" height=\"4967\" srcset=\"https:\/\/www.riformaremilano.polimi.it\/wp-content\/uploads\/2019\/04\/Palladio.jpg 3509w, https:\/\/www.riformaremilano.polimi.it\/wp-content\/uploads\/2019\/04\/Palladio-212x300.jpg 212w, https:\/\/www.riformaremilano.polimi.it\/wp-content\/uploads\/2019\/04\/Palladio-768x1087.jpg 768w, https:\/\/www.riformaremilano.polimi.it\/wp-content\/uploads\/2019\/04\/Palladio-723x1024.jpg 723w\" sizes=\"auto, (max-width: 3509px) 100vw, 3509px\" \/><\/a>Tav.6: Palladio<\/p>\n<p align=\"justify\"><a href=\"http:\/\/www.riformaremilano.polimi.it\/wp-content\/uploads\/2019\/04\/Sections.jpg\"><img loading=\"lazy\" decoding=\"async\" class=\"aligncenter wp-image-3589 size-full\" src=\"http:\/\/www.riformaremilano.polimi.it\/wp-content\/uploads\/2019\/04\/Sections.jpg\" alt=\"\" width=\"3508\" height=\"4967\" srcset=\"https:\/\/www.riformaremilano.polimi.it\/wp-content\/uploads\/2019\/04\/Sections.jpg 3508w, https:\/\/www.riformaremilano.polimi.it\/wp-content\/uploads\/2019\/04\/Sections-212x300.jpg 212w, https:\/\/www.riformaremilano.polimi.it\/wp-content\/uploads\/2019\/04\/Sections-768x1087.jpg 768w, https:\/\/www.riformaremilano.polimi.it\/wp-content\/uploads\/2019\/04\/Sections-723x1024.jpg 723w\" sizes=\"auto, (max-width: 3508px) 100vw, 3508px\" \/><\/a>Tav.7: Sections<\/p>\n<p align=\"justify\"><a href=\"http:\/\/www.riformaremilano.polimi.it\/wp-content\/uploads\/2019\/04\/Structures.jpg\"><img loading=\"lazy\" decoding=\"async\" class=\"aligncenter wp-image-3590 size-full\" src=\"http:\/\/www.riformaremilano.polimi.it\/wp-content\/uploads\/2019\/04\/Structures.jpg\" alt=\"\" width=\"3496\" height=\"4967\" srcset=\"https:\/\/www.riformaremilano.polimi.it\/wp-content\/uploads\/2019\/04\/Structures.jpg 3496w, https:\/\/www.riformaremilano.polimi.it\/wp-content\/uploads\/2019\/04\/Structures-211x300.jpg 211w, https:\/\/www.riformaremilano.polimi.it\/wp-content\/uploads\/2019\/04\/Structures-768x1091.jpg 768w, https:\/\/www.riformaremilano.polimi.it\/wp-content\/uploads\/2019\/04\/Structures-721x1024.jpg 721w\" sizes=\"auto, (max-width: 3496px) 100vw, 3496px\" \/><\/a>Tav.8: Structures<\/p>\n<p align=\"justify\">\n<p align=\"justify\">\n","protected":false},"excerpt":{"rendered":"<p>Architectural Design Studio Alessandro Rocca, Marco Bianconi, Enrico Molteni Tutors:\u00a0Giuseppe Vallelonga, Francesca Zanotto IT\/ Il&#8230;<\/p>\n","protected":false},"author":2,"featured_media":0,"parent":0,"menu_order":0,"comment_status":"closed","ping_status":"closed","template":"","meta":{"footnotes":""},"class_list":["post-3579","page","type-page","status-publish","hentry"],"_links":{"self":[{"href":"https:\/\/www.riformaremilano.polimi.it\/index.php?rest_route=\/wp\/v2\/pages\/3579","targetHints":{"allow":["GET"]}}],"collection":[{"href":"https:\/\/www.riformaremilano.polimi.it\/index.php?rest_route=\/wp\/v2\/pages"}],"about":[{"href":"https:\/\/www.riformaremilano.polimi.it\/index.php?rest_route=\/wp\/v2\/types\/page"}],"author":[{"embeddable":true,"href":"https:\/\/www.riformaremilano.polimi.it\/index.php?rest_route=\/wp\/v2\/users\/2"}],"replies":[{"embeddable":true,"href":"https:\/\/www.riformaremilano.polimi.it\/index.php?rest_route=%2Fwp%2Fv2%2Fcomments&post=3579"}],"version-history":[{"count":6,"href":"https:\/\/www.riformaremilano.polimi.it\/index.php?rest_route=\/wp\/v2\/pages\/3579\/revisions"}],"predecessor-version":[{"id":3814,"href":"https:\/\/www.riformaremilano.polimi.it\/index.php?rest_route=\/wp\/v2\/pages\/3579\/revisions\/3814"}],"wp:attachment":[{"href":"https:\/\/www.riformaremilano.polimi.it\/index.php?rest_route=%2Fwp%2Fv2%2Fmedia&parent=3579"}],"curies":[{"name":"wp","href":"https:\/\/api.w.org\/{rel}","templated":true}]}}