{"id":3554,"date":"2019-04-22T08:53:57","date_gmt":"2019-04-22T08:53:57","guid":{"rendered":"http:\/\/www.riformaremilano.polimi.it\/?page_id=3554"},"modified":"2019-04-22T08:59:24","modified_gmt":"2019-04-22T08:59:24","slug":"urban-plans-studio-arcidiacono-di-vita-2","status":"publish","type":"page","link":"https:\/\/www.riformaremilano.polimi.it\/?page_id=3554","title":{"rendered":"Urban Plans Studio| Arcidiacono, Di Vita"},"content":{"rendered":"<p><strong>Urban Plans Studio<\/strong><\/p>\n<p><a href=\"https:\/\/www11.ceda.polimi.it\/schedaincarico\/schedaincarico\/controller\/scheda_pubblica\/SchedaPublic.do?&amp;evn_default=evento&amp;c_classe=687513&amp;__pj0=0&amp;__pj1=ac8ec0cbde1ca32949a7df0584f3d50c\" target=\"_blank\" rel=\"noopener noreferrer\">Andrea Arcidiacono, Stefano Di Vita<\/a><\/p>\n<p>IT\/<\/p>\n<p align=\"justify\">L&#8217;obiettivo del corso \u201cUrban Plans Studio\u201d \u00e8 quello di fornire agli studenti le competenze per comprendere e interpretare i caratteri della citt\u00e0 contemporanea e per affrontare le principali questioni con cui la pianificazione urbana oggi \u00e8 chiamata a confrontarsi, quali ad esempio: fornire le condizioni per una nuova qualit\u00e0 della vita urbana; rigenerare i tessuti storici e moderni della citt\u00e0 esistente; valorizzare e preservare le risorse naturali, le funzionalit\u00e0 dei suoli e degli ecosistemi; aumentare le prestazioni ambientali ed ecologiche degli spazi aperti al fine di creare le condizioni per un progetto urbano resiliente e adattivo, in grado di rispondere alle pressioni del cambiamento climatico; soddisfare le esigenze legate al vivere contemporaneo e all\u2019economia urbana. Assumendo questi come obiettivi principali, il corso ha affrontato il progetto della citt\u00e0 contemporanea proponendo un approccio multiscalare. Da un lato, attraverso gli strumenti propri della pianificazione urbana gli studenti sono stati chiamati ad elaborare uno scenario generale per i due ambiti di progetto, uno schema territoriale attraverso cui definire le priorit\u00e0 strategiche e le linee guida per lo sviluppo del territorio. Durante la fase successiva del Laboratorio, le strategie e le disposizioni sviluppate alla scala territoriale sono state implementate alla scala del progetto urbano, verificandone l&#8217;adeguatezza e la coerenza con le caratteristiche del contesto nei suoi aspetti morfologici, funzionali, ambientali e sociali.<\/p>\n<p align=\"justify\">ENG\/<\/p>\n<p align=\"justify\">The aim of the Urban Plans Studio is to provide students with skills to understand and interpret the characters of the contemporary city, and to tackle with the main contemporary issues of urban planning: providing the conditions for a new quality of urban living; regenerating and efficiently retrofitting the tissues of the built city, both in its historical identity and in recent urban fabrics; enhancing and preserving natural resources, first soil and ecosystem functionalities that it expresses; increasing environmental and ecological performance of open spaces, in order to create the conditions for a resilient and adaptive urban design, capable of responding to the pressures of climate change and providing some possible responses to the contemporary forms of urban living and economies. Assuming these main goals, the course addresses the contemporary city project through updated tools of urban planning and design. On one hand, the urban plan defines an overall scenario, setting a medium-long spatial scheme and indicating the strategic priorities and performance guidelines for territorial development. On the other hand, the plan strategies and provisions are implemented, and they take shape on the urban scale. Besides, the urban design verifies the adequacy and consistency of the planning strategies and rules, with the characteristics of the urban context in its morphological, functional, environmental and social aspects.<\/p>\n<p align=\"justify\"><a href=\"http:\/\/www.riformaremilano.polimi.it\/?p=2798\" target=\"_blank\" rel=\"noopener noreferrer\"><strong>I.2 Bovisa<\/strong><\/a><\/p>\n<p align=\"justify\"><a href=\"http:\/\/www.riformaremilano.polimi.it\/wp-content\/uploads\/2019\/04\/EN_RI-FORMARE-PERIFERIE_-Layout_02.jpg\"><img loading=\"lazy\" decoding=\"async\" class=\"aligncenter wp-image-3558 size-full\" src=\"http:\/\/www.riformaremilano.polimi.it\/wp-content\/uploads\/2019\/04\/EN_RI-FORMARE-PERIFERIE_-Layout_02.jpg\" alt=\"\" width=\"4967\" height=\"7022\" \/><\/a>Tav.1<\/p>\n<p align=\"justify\">Studenti: Mahdi Arkak, Claudia Arriaga, Yalda Golmakani, Andrea Zambrano<\/p>\n<p align=\"justify\"><a href=\"http:\/\/www.riformaremilano.polimi.it\/wp-content\/uploads\/2019\/04\/EN_RI-FORMARE-PERIFERIE_-Layout_04.jpg\"><img loading=\"lazy\" decoding=\"async\" class=\"aligncenter wp-image-3559 size-full\" src=\"http:\/\/www.riformaremilano.polimi.it\/wp-content\/uploads\/2019\/04\/EN_RI-FORMARE-PERIFERIE_-Layout_04.jpg\" alt=\"\" width=\"4967\" height=\"7022\" \/><\/a>Tav.1<\/p>\n<p align=\"justify\">Studenti: Dafni Chantzi, Lelia Chabaud, Francesca Mazza, Iro Minaretzi, Anastasia Dimitra Papaiosif.<\/p>\n","protected":false},"excerpt":{"rendered":"<p>Urban Plans Studio Andrea Arcidiacono, Stefano Di Vita IT\/ L&#8217;obiettivo del corso \u201cUrban Plans Studio\u201d&#8230;<\/p>\n","protected":false},"author":2,"featured_media":0,"parent":0,"menu_order":0,"comment_status":"closed","ping_status":"closed","template":"","meta":{"footnotes":""},"class_list":["post-3554","page","type-page","status-publish","hentry"],"_links":{"self":[{"href":"https:\/\/www.riformaremilano.polimi.it\/index.php?rest_route=\/wp\/v2\/pages\/3554","targetHints":{"allow":["GET"]}}],"collection":[{"href":"https:\/\/www.riformaremilano.polimi.it\/index.php?rest_route=\/wp\/v2\/pages"}],"about":[{"href":"https:\/\/www.riformaremilano.polimi.it\/index.php?rest_route=\/wp\/v2\/types\/page"}],"author":[{"embeddable":true,"href":"https:\/\/www.riformaremilano.polimi.it\/index.php?rest_route=\/wp\/v2\/users\/2"}],"replies":[{"embeddable":true,"href":"https:\/\/www.riformaremilano.polimi.it\/index.php?rest_route=%2Fwp%2Fv2%2Fcomments&post=3554"}],"version-history":[{"count":4,"href":"https:\/\/www.riformaremilano.polimi.it\/index.php?rest_route=\/wp\/v2\/pages\/3554\/revisions"}],"predecessor-version":[{"id":3561,"href":"https:\/\/www.riformaremilano.polimi.it\/index.php?rest_route=\/wp\/v2\/pages\/3554\/revisions\/3561"}],"wp:attachment":[{"href":"https:\/\/www.riformaremilano.polimi.it\/index.php?rest_route=%2Fwp%2Fv2%2Fmedia&parent=3554"}],"curies":[{"name":"wp","href":"https:\/\/api.w.org\/{rel}","templated":true}]}}