{"id":3518,"date":"2019-04-16T10:05:29","date_gmt":"2019-04-16T10:05:29","guid":{"rendered":"http:\/\/www.riformaremilano.polimi.it\/?page_id=3518"},"modified":"2019-04-16T10:10:08","modified_gmt":"2019-04-16T10:10:08","slug":"urban-design-studio-pogliani-fior-2","status":"publish","type":"page","link":"https:\/\/www.riformaremilano.polimi.it\/?page_id=3518","title":{"rendered":"Urban Design Studio| Pogliani, Fior"},"content":{"rendered":"<p><strong>Urban Design Studio<\/strong><br \/>\n<a href=\"https:\/\/www11.ceda.polimi.it\/schedaincarico\/schedaincarico\/controller\/scheda_pubblica\/SchedaPublic.do?&amp;evn_default=evento&amp;c_classe=687786&amp;__pj0=0&amp;__pj1=54d2ee077e6c5103daf8f910a6ff4f8a\" target=\"_blank\" rel=\"noopener\">Laura Pogliani, Marika Fior<\/a><\/p>\n<p>IT\/<\/p>\n<p align=\"justify\">Il titolo del Laboratorio \u00e8 \u201cCome rigenerare la periferia? Migliorando lo spazio pubblico\u201d. Lo scopo dell\u2019attivit\u00e0 \u00e8 fornire un\u2019introduzione alle diverse scale della progettazione urbana, attraverso lo sviluppo di: analisi critiche e interpretative dell\u2019ambito di intervento; tecniche e strumenti per il disegno di soluzioni coerenti con il contesto insediativo; valutazioni delle pratiche urbanistiche da diversi punti di osservazione.<br \/>\nNel lavoro \u00e8 stata assegnata priorit\u00e0 all\u2019individuazione di processi e soluzioni per migliorare la qualit\u00e0 urbana che tengano conto di:<\/p>\n<p>-la tutela dei caratteri naturali, degli spazi aperti, delle aree verdi e delle risorse agricole;<br \/>\n-la rigenerazione del contesto insediativo, attraverso il progetto fisico e la dimensione regolativa dello spazio insediativo;<br \/>\n-il ridisegno dello spazio pubblico e delle infrastrutture, considerate nella loro dimensione fisica e relazionale.<\/p>\n<p>I casi studio indagati dagli studenti sono due aree di Milano nelle quali la citt\u00e0 inizia a presentarsi pi\u00f9 porosa e gli spazi aperti sono pi\u00f9 evidenti:<\/p>\n<p>-via Rombon\/Lambrate, per una riqualificazione delle aree di fronte alla stazione, il miglioramento della funzionalit\u00e0 dei servizi pubblici e del mercato comunale dismesso, lo sviluppo di connessioni ambientali fino al fiume Lambro;<br \/>\n-Ronchetto sul Naviglio, per il ridisegno del paesaggio periurbano e la valorizzazione degli ambiti agricoli; l\u2019attraversamento del Naviglio Grande e della ferrovia; la connessione con il futuro parco lineare di San Cristoforo e il progetto di un nuovo comparto insediativo ad alta accessibilit\u00e0.<\/p>\n<p align=\"justify\">I 9 gruppi di studenti hanno elaborato progetti in grado di valorizzare la messa in rete di percorsi e spazi pubblici, integrati nel sistema della mobilit\u00e0 locale e generale, con un\u2019attenzione alla percorrenza lenta; il potenziamento degli spazi aperti e dei corridoi ecologici, offrendo anche l\u2019inserimento di funzioni coerenti con la dimensione temporale degli usi.<\/p>\n<p align=\"justify\">ENG\/<\/p>\n<p align=\"justify\">The title of the Urban Design Studio is \u201cHow to regenerate our periphery? Improving the public space\u201d. It aims to provide a comprehensive introduction to the various scales of the Urban Design: critical analysis and interpretation of the context; techniques and tools to design solutions coherent with the location; evaluation of practices under different points of view. Our priority is to increase the quality of the urban living through an adaptive design aimed at:<\/p>\n<p>-The preservation of the natural resources, the open spaces, the green areas and the rural heritage;<br \/>\n-The regeneration of the built environment, involving the spatial design and the regulatory aspects;<br \/>\n-The redesign of the public space and infrastructures, defined as a physical and relational space.<\/p>\n<p>During the first semester we proposed two contexts where the compact city begins to become much more porous and the open spaces much more present:<\/p>\n<p>-The area of Via Rombon\/Lambrate (redevelopment of space in front of the station, the enhancement of public facilities and the market, the connections with Lambro River)<br \/>\n-The area of Ronchetto sul Naviglio (periurban landscapes and agricultural resources; crossing the Naviglio Grande and the railway; connecting the future San Cristoforo Park to a new neighbourhood with a high accessibility).<\/p>\n<p align=\"justify\">The 9 student\u2019s groups developed projects in one of the two areas. They carried out a proposal for a public spaces network related to the mobility and accessibility framework; open spaces and ecological corridors; walkability; functions and timing uses.<\/p>\n<p align=\"justify\"><a href=\"http:\/\/www.riformaremilano.polimi.it\/?p=2788\" target=\"_blank\" rel=\"noopener\">B.3 RONCHETTO SUL NAVIGLIO, PIAZZA TIRANA E STAZIONE SAN CRISTOFORO<\/a><\/p>\n<p align=\"justify\"><a href=\"http:\/\/www.riformaremilano.polimi.it\/wp-content\/uploads\/2019\/04\/GR9_primo-poster.jpg\"><img loading=\"lazy\" decoding=\"async\" class=\"aligncenter wp-image-3521 size-full\" src=\"http:\/\/www.riformaremilano.polimi.it\/wp-content\/uploads\/2019\/04\/GR9_primo-poster.jpg\" alt=\"\" width=\"4967\" height=\"7022\" \/><\/a>Tav.1<\/p>\n<p align=\"justify\">Studenti: Giancoralo Argenzio, Angela Diaz, Abdel Mahdy, Laura Santa, Santiago Jidy<\/p>\n","protected":false},"excerpt":{"rendered":"<p>Urban Design Studio Laura Pogliani, Marika Fior IT\/ Il titolo del Laboratorio \u00e8 \u201cCome rigenerare&#8230;<\/p>\n","protected":false},"author":2,"featured_media":0,"parent":0,"menu_order":0,"comment_status":"closed","ping_status":"closed","template":"","meta":{"footnotes":""},"class_list":["post-3518","page","type-page","status-publish","hentry"],"_links":{"self":[{"href":"https:\/\/www.riformaremilano.polimi.it\/index.php?rest_route=\/wp\/v2\/pages\/3518","targetHints":{"allow":["GET"]}}],"collection":[{"href":"https:\/\/www.riformaremilano.polimi.it\/index.php?rest_route=\/wp\/v2\/pages"}],"about":[{"href":"https:\/\/www.riformaremilano.polimi.it\/index.php?rest_route=\/wp\/v2\/types\/page"}],"author":[{"embeddable":true,"href":"https:\/\/www.riformaremilano.polimi.it\/index.php?rest_route=\/wp\/v2\/users\/2"}],"replies":[{"embeddable":true,"href":"https:\/\/www.riformaremilano.polimi.it\/index.php?rest_route=%2Fwp%2Fv2%2Fcomments&post=3518"}],"version-history":[{"count":4,"href":"https:\/\/www.riformaremilano.polimi.it\/index.php?rest_route=\/wp\/v2\/pages\/3518\/revisions"}],"predecessor-version":[{"id":3523,"href":"https:\/\/www.riformaremilano.polimi.it\/index.php?rest_route=\/wp\/v2\/pages\/3518\/revisions\/3523"}],"wp:attachment":[{"href":"https:\/\/www.riformaremilano.polimi.it\/index.php?rest_route=%2Fwp%2Fv2%2Fmedia&parent=3518"}],"curies":[{"name":"wp","href":"https:\/\/api.w.org\/{rel}","templated":true}]}}