{"id":3414,"date":"2019-04-09T10:31:48","date_gmt":"2019-04-09T10:31:48","guid":{"rendered":"http:\/\/www.riformaremilano.polimi.it\/?page_id=3414"},"modified":"2019-04-09T13:14:44","modified_gmt":"2019-04-09T13:14:44","slug":"laboratorio-di-progettazione-3-guidarini-bassoli","status":"publish","type":"page","link":"https:\/\/www.riformaremilano.polimi.it\/?page_id=3414","title":{"rendered":"Laboratorio di Progettazione 3| Guidarini, Bassoli"},"content":{"rendered":"<p><strong>Laboratorio di Progettazione 3<\/strong><\/p>\n<p><a href=\"https:\/\/www11.ceda.polimi.it\/schedaincarico\/schedaincarico\/controller\/scheda_pubblica\/SchedaPublic.do?&amp;evn_default=evento&amp;c_classe=687024&amp;__pj0=0&amp;__pj1=5a2dca75c3d86b66bcb28255bafa20b0\" target=\"_blank\" rel=\"noopener\">Stefano Guidarini, Caterina Bassoli<\/a><\/p>\n<p>IT\/<\/p>\n<p align=\"justify\">L\u2019area d\u2019intervento, lungo Viale Monza, \u00e8 attualmente occupata da un mercato comunale in disuso. Il contesto urbano \u00e8 caratterizzato da un tessuto misto residenziale e commerciale, recentemente interessato da un processo di riqualificazione legato all\u2019area a nord di piazzale Loreto (NOLO). Presenze importanti sono anche il Naviglio della Martesana e il giardino di Villa Finzi. La superficie dell\u2019area \u00e8 di circa 970 mq.<br \/>\nIl tema del Laboratorio \u00e8 quello di sottolineare una possibile vocazione d\u2019interesse pubblico dell\u2019area, legata alla realt\u00e0 del quotidiano. I progetti hanno quindi interpretato questo tema come l\u2019occasione per introdurre lungo Viale Monza un\u2019eccezione costituita da un luogo dello \u201cstare\u201d, che in alcuni casi si \u00e8 configurato come uno spazio aperto o porticato che permette di espandere la vita urbana all\u2019interno dell\u2019isolato. Non sono state assegnate \u201cfunzioni\u201d, n\u00e9 volumetrie precise. Infatti, compito degli studenti \u00e8 stato anche quello di lavorare sulla flessibilit\u00e0 e sulla polivalenza d\u2019uso degli spazi e di elaborare un programma funzionale articolato e coerente con il continuo divenire della citt\u00e0. Il Laboratorio si \u00e8 posto l\u2019obiettivo principale di dare agli studenti una consapevolezza urbana, per comprendere che la citt\u00e0 e il territorio sono \u201cdepositi di progetti\u201d che si avvicendano nel tempo, quasi sempre secondo relazioni di discontinuit\u00e0 con gli assetti precedenti. E\u2019 stata data una particolare importanza anche al problema della logica costruttiva, intesa come insieme di coerenze logiche tra spazio, linguaggio, distribuzione, tecnologia e strutture, contro l\u2019arbitrariet\u00e0 della forma.<\/p>\n<p align=\"justify\">ENG\/<\/p>\n<p align=\"justify\">The area of intervention, along Viale Monza, is currently occupied by a municipal market in disuse. The Urban context is characterized by a mixed residential and commercial fabric, recently affected by a process of requalification linked to the northen area of <em>\u201cPiazzale Loreto\u201d <\/em>(NOLO). Important Presences are also the <em>\u201cNaviglio della Martesana\u201d<\/em> and the garden of <em>\u201cVilla Finzi\u201d. <\/em>The surface area is about 970 sq. m.<br \/>\nThe theme of the Workshop is to underline a possible vocation of public interest in the area, linked to the reality of everyday life. The projects have therefore interpreted this theme as an opportunity to introduce along <em>\u201cViale Monza\u201d<\/em> an exception constituted by a place of &#8220;stay&#8221;, which in some cases has been configured as an open space or porch that allows to expand urban life inside the block. No &#8220;functions&#8221; or precise volumetries have been assigned.<br \/>\nIn Fact, the students&#8217; task was also to work on the flexibility and versatility of the use of spaces and to develop a functional program articulated and coherent with the continuous becoming of the city. The Laboratory has set itself the main objective of giving students an urban awareness, to understand that the city and the Territory are &#8220;project deposits&#8221; that alternate over time, almost always according to relationships of discontinuity with the present social configuration. A particular importance has been given also to the problem of constructive logic, understood as a set of logical coherencies between space, language, distribution, technology and structures, against the arbitrariness of form.<\/p>\n<p align=\"justify\"><a href=\"http:\/\/www.riformaremilano.polimi.it\/?p=2846\" target=\"_blank\" rel=\"noopener\">D.1 MERCATO COMUNALE GORLA<\/a><\/p>\n<p align=\"justify\"><a href=\"http:\/\/www.riformaremilano.polimi.it\/wp-content\/uploads\/2019\/04\/bassoli.jpg\"><img loading=\"lazy\" decoding=\"async\" class=\"aligncenter wp-image-3421 size-full\" src=\"http:\/\/www.riformaremilano.polimi.it\/wp-content\/uploads\/2019\/04\/bassoli.jpg\" alt=\"\" width=\"3179\" height=\"3179\" srcset=\"https:\/\/www.riformaremilano.polimi.it\/wp-content\/uploads\/2019\/04\/bassoli.jpg 3179w, https:\/\/www.riformaremilano.polimi.it\/wp-content\/uploads\/2019\/04\/bassoli-80x80.jpg 80w, https:\/\/www.riformaremilano.polimi.it\/wp-content\/uploads\/2019\/04\/bassoli-300x300.jpg 300w, https:\/\/www.riformaremilano.polimi.it\/wp-content\/uploads\/2019\/04\/bassoli-768x768.jpg 768w, https:\/\/www.riformaremilano.polimi.it\/wp-content\/uploads\/2019\/04\/bassoli-1024x1024.jpg 1024w\" sizes=\"auto, (max-width: 3179px) 100vw, 3179px\" \/><\/a>Tav.1<\/p>\n<p align=\"justify\">Students: Gianfranco Gabriele Amaya, Klaus Begeja, Emanuel Brenpong, Bianca Balzini, Sara Bardini, Anna Berardi, Marta Casiraghi, Silvia Castelnuovo,\u00a0 \u00a0 \u00a0 Ilaria Congiu, Greta Carapanelli, Andrea Poles, Federico Quaroni, Beatrice Basile, Federico Caraglia, Simona Mirani, Marta Valentino, Marco Vicini, Gafita Lia Oana, Federico Ghezzi, Francesco Rivano, Giorgia Rondena, Camilla Sala, Chiara Simonelli, Caterina Calenzani, Martina Trombino, Benedetta Vaghi, Davide Busatto, Vivana Caruso, Chiara Fioretto, Lucia Logiurato, Elisabetta Maggiore, Giordana Petrucci, Davide D&#8217;Aloia, Chiara Nevioni, Mauro Alessio Rimoldi.<\/p>\n<p align=\"justify\"><a href=\"http:\/\/www.riformaremilano.polimi.it\/wp-content\/uploads\/2019\/04\/bassoli2.jpg\"><img loading=\"lazy\" decoding=\"async\" class=\"aligncenter wp-image-3423 size-full\" src=\"http:\/\/www.riformaremilano.polimi.it\/wp-content\/uploads\/2019\/04\/bassoli2.jpg\" alt=\"\" width=\"3179\" height=\"3179\" srcset=\"https:\/\/www.riformaremilano.polimi.it\/wp-content\/uploads\/2019\/04\/bassoli2.jpg 3179w, https:\/\/www.riformaremilano.polimi.it\/wp-content\/uploads\/2019\/04\/bassoli2-80x80.jpg 80w, https:\/\/www.riformaremilano.polimi.it\/wp-content\/uploads\/2019\/04\/bassoli2-300x300.jpg 300w, https:\/\/www.riformaremilano.polimi.it\/wp-content\/uploads\/2019\/04\/bassoli2-768x768.jpg 768w, https:\/\/www.riformaremilano.polimi.it\/wp-content\/uploads\/2019\/04\/bassoli2-1024x1024.jpg 1024w\" sizes=\"auto, (max-width: 3179px) 100vw, 3179px\" \/><\/a><\/p>\n<p align=\"justify\">Tav.1<\/p>\n<p align=\"justify\">Studenti:<\/p>\n<p align=\"justify\"><a href=\"http:\/\/www.riformaremilano.polimi.it\/wp-content\/uploads\/2019\/04\/bassoli3.jpg\"><img loading=\"lazy\" decoding=\"async\" class=\"aligncenter wp-image-3424 size-full\" src=\"http:\/\/www.riformaremilano.polimi.it\/wp-content\/uploads\/2019\/04\/bassoli3.jpg\" alt=\"\" width=\"3179\" height=\"3179\" srcset=\"https:\/\/www.riformaremilano.polimi.it\/wp-content\/uploads\/2019\/04\/bassoli3.jpg 3179w, https:\/\/www.riformaremilano.polimi.it\/wp-content\/uploads\/2019\/04\/bassoli3-80x80.jpg 80w, https:\/\/www.riformaremilano.polimi.it\/wp-content\/uploads\/2019\/04\/bassoli3-300x300.jpg 300w, https:\/\/www.riformaremilano.polimi.it\/wp-content\/uploads\/2019\/04\/bassoli3-768x768.jpg 768w, https:\/\/www.riformaremilano.polimi.it\/wp-content\/uploads\/2019\/04\/bassoli3-1024x1024.jpg 1024w\" sizes=\"auto, (max-width: 3179px) 100vw, 3179px\" \/><\/a><\/p>\n<p align=\"justify\">Tav.1<\/p>\n<p align=\"justify\">Studenti:<\/p>\n<p align=\"justify\"><a href=\"http:\/\/www.riformaremilano.polimi.it\/wp-content\/uploads\/2019\/04\/bassoli4.jpg\"><img loading=\"lazy\" decoding=\"async\" class=\"aligncenter wp-image-3425 size-full\" src=\"http:\/\/www.riformaremilano.polimi.it\/wp-content\/uploads\/2019\/04\/bassoli4.jpg\" alt=\"\" width=\"3179\" height=\"3179\" srcset=\"https:\/\/www.riformaremilano.polimi.it\/wp-content\/uploads\/2019\/04\/bassoli4.jpg 3179w, https:\/\/www.riformaremilano.polimi.it\/wp-content\/uploads\/2019\/04\/bassoli4-80x80.jpg 80w, https:\/\/www.riformaremilano.polimi.it\/wp-content\/uploads\/2019\/04\/bassoli4-300x300.jpg 300w, https:\/\/www.riformaremilano.polimi.it\/wp-content\/uploads\/2019\/04\/bassoli4-768x768.jpg 768w, https:\/\/www.riformaremilano.polimi.it\/wp-content\/uploads\/2019\/04\/bassoli4-1024x1024.jpg 1024w\" sizes=\"auto, (max-width: 3179px) 100vw, 3179px\" \/><\/a><\/p>\n<p align=\"justify\">Tav.1<\/p>\n<p align=\"justify\">Studenti:<\/p>\n","protected":false},"excerpt":{"rendered":"<p>Laboratorio di Progettazione 3 Stefano Guidarini, Caterina Bassoli IT\/ L\u2019area d\u2019intervento, lungo Viale Monza, \u00e8&#8230;<\/p>\n","protected":false},"author":2,"featured_media":0,"parent":0,"menu_order":0,"comment_status":"closed","ping_status":"closed","template":"","meta":{"footnotes":""},"class_list":["post-3414","page","type-page","status-publish","hentry"],"_links":{"self":[{"href":"https:\/\/www.riformaremilano.polimi.it\/index.php?rest_route=\/wp\/v2\/pages\/3414","targetHints":{"allow":["GET"]}}],"collection":[{"href":"https:\/\/www.riformaremilano.polimi.it\/index.php?rest_route=\/wp\/v2\/pages"}],"about":[{"href":"https:\/\/www.riformaremilano.polimi.it\/index.php?rest_route=\/wp\/v2\/types\/page"}],"author":[{"embeddable":true,"href":"https:\/\/www.riformaremilano.polimi.it\/index.php?rest_route=\/wp\/v2\/users\/2"}],"replies":[{"embeddable":true,"href":"https:\/\/www.riformaremilano.polimi.it\/index.php?rest_route=%2Fwp%2Fv2%2Fcomments&post=3414"}],"version-history":[{"count":10,"href":"https:\/\/www.riformaremilano.polimi.it\/index.php?rest_route=\/wp\/v2\/pages\/3414\/revisions"}],"predecessor-version":[{"id":3429,"href":"https:\/\/www.riformaremilano.polimi.it\/index.php?rest_route=\/wp\/v2\/pages\/3414\/revisions\/3429"}],"wp:attachment":[{"href":"https:\/\/www.riformaremilano.polimi.it\/index.php?rest_route=%2Fwp%2Fv2%2Fmedia&parent=3414"}],"curies":[{"name":"wp","href":"https:\/\/api.w.org\/{rel}","templated":true}]}}