{"id":2858,"date":"2018-07-03T17:34:31","date_gmt":"2018-07-03T17:34:31","guid":{"rendered":"http:\/\/www.riformaremilano.polimi.it\/?page_id=2858"},"modified":"2019-04-09T14:30:11","modified_gmt":"2019-04-09T14:30:11","slug":"2018-2019-periferie","status":"publish","type":"page","link":"https:\/\/www.riformaremilano.polimi.it\/?page_id=2858","title":{"rendered":"Ri-formare Periferie"},"content":{"rendered":"<p><img loading=\"lazy\" decoding=\"async\" class=\"alignnone wp-image-2872 size-full\" src=\"http:\/\/www.riformaremilano.polimi.it\/wp-content\/uploads\/2018\/06\/logo-rid.png\" alt=\"\" width=\"640\" height=\"360\" srcset=\"https:\/\/www.riformaremilano.polimi.it\/wp-content\/uploads\/2018\/06\/logo-rid.png 640w, https:\/\/www.riformaremilano.polimi.it\/wp-content\/uploads\/2018\/06\/logo-rid-300x169.png 300w\" sizes=\"auto, (max-width: 640px) 100vw, 640px\" \/><\/p>\n<p align=\"justify\">La questione delle periferie \u00e8 un tema di ampio respiro, che investe Milano e molti ambiti della Citt\u00e0 Metropolitana: la Scuola di Architettura Urbanistica Ingegneria delle Costruzioni (AUIC) da sempre luogo di elaborazione e sperimentazione progettuale sui temi della citt\u00e0 \u2013 intende approfondire \u00a0traiettorie di ricerca e di esplorazione progettuale in grado di misurarsi con la complessit\u00e0, articolazione e potenzialit\u00e0 degli ambiti pi\u00f9 problematici e irrisolti delle periferie nel territorio metropolitano milanese.<\/p>\n<p align=\"justify\">Con l\u2019obiettivo di proseguire e rinnovare l\u2019esperienza di collaborazione gi\u00e0 condotta tra il 2013 e il 2017 con il progetto \u201cRi-formare Milano. Progetti per aree ed edifici in stato di abbandono\u201d, la Scuola AUIC propone un confronto su tali temi in collaborazione con le Amministrazioni del Comune e della Citt\u00e0 metropolitana, il Dipartimento DAStU, il Dipartimento ABC, Polisocial, l\u2019Ordine degli Architetti, Pianificatori, Paesaggisti e Conservatori della Provincia di Milano, la Triennale di Milano, il Centro Sperimentale di Cinematografia &#8211; Sede Lombardia.<\/p>\n<p align=\"justify\">Per il triennio accademico 2018-19, 2019-20, 2020-21 verr\u00e0 proposta agli studenti e ai docenti una piattaforma di sperimentazione didattica innovativa finalizzata ad affrontare la questione delle periferie sul terreno del progetto e dell\u2019approfondimento della ricerca su tali contesti secondo un approccio multidisciplinare e integrato.<\/p>\n<p><strong>Comitato Scientifico<br \/>\n<\/strong>Ilaria Valente, Gabriele Pasqui, Francesca Cognetti, Filippo Orsini, Laura Pogliani <span style=\"font-size: 10px;\">(Politecnico di Milano \u2013 Scuola AUIC, DAStU)<\/span><br \/>\nSimona Collarini, Anna Prat <span style=\"font-size: 10px;\">(Comune di Milano)<\/span><br \/>\nIsabella Susi Botto <span style=\"font-size: 10px;\">(Citt\u00e0 metropolitana di Milano)<\/span><br \/>\nPaolo Mazzoleni, Corinna Morandi <span style=\"font-size: 10px;\">(Ordine degli Architetti PPC della Provincia di Milano)<\/span><br \/>\nStefano Boeri <span style=\"font-size: 10px;\">(Triennale di Milano)<\/span><br \/>\nBartolomeo Corsini, Maurizio Nichetti <span style=\"font-size: 10px;\">(Centro Sperimentale di Cinematografia &#8211; Sede Lombardia)<br \/>\n<\/span><br \/>\n<strong>Coordinamento tecnico<br \/>\n<\/strong>Laura Pogliani, Filippo Orsini, Elena Fontanella <span style=\"font-size: 10px;\">(Politecnico di Milano \u2013 Scuola AUIC, DAStU)<\/span><br \/>\nFrancesca Cognetti, Ida Castelnuovo <span style=\"font-size: 10px;\">(Politecnico di Milano, Polisocial)<\/span><br \/>\nDaniela Giannoccaro <span style=\"font-size: 10px;\">(Politecnico di Milano, MaudLab)<\/span><br \/>\ncon:<br \/>\nGiovanni Gualdrini, Gaia Meacci, Filippo Oppimitti, Jessika Ronchi <span style=\"font-size: 10px;\">(tirocinio post-laurea, Politecnico di Milano)<br \/>\n<\/span><\/p>\n","protected":false},"excerpt":{"rendered":"<p>La questione delle periferie \u00e8 un tema di ampio respiro, che investe Milano e molti&#8230;<\/p>\n","protected":false},"author":2,"featured_media":0,"parent":0,"menu_order":0,"comment_status":"closed","ping_status":"closed","template":"","meta":{"footnotes":""},"class_list":["post-2858","page","type-page","status-publish","hentry"],"_links":{"self":[{"href":"https:\/\/www.riformaremilano.polimi.it\/index.php?rest_route=\/wp\/v2\/pages\/2858","targetHints":{"allow":["GET"]}}],"collection":[{"href":"https:\/\/www.riformaremilano.polimi.it\/index.php?rest_route=\/wp\/v2\/pages"}],"about":[{"href":"https:\/\/www.riformaremilano.polimi.it\/index.php?rest_route=\/wp\/v2\/types\/page"}],"author":[{"embeddable":true,"href":"https:\/\/www.riformaremilano.polimi.it\/index.php?rest_route=\/wp\/v2\/users\/2"}],"replies":[{"embeddable":true,"href":"https:\/\/www.riformaremilano.polimi.it\/index.php?rest_route=%2Fwp%2Fv2%2Fcomments&post=2858"}],"version-history":[{"count":36,"href":"https:\/\/www.riformaremilano.polimi.it\/index.php?rest_route=\/wp\/v2\/pages\/2858\/revisions"}],"predecessor-version":[{"id":3441,"href":"https:\/\/www.riformaremilano.polimi.it\/index.php?rest_route=\/wp\/v2\/pages\/2858\/revisions\/3441"}],"wp:attachment":[{"href":"https:\/\/www.riformaremilano.polimi.it\/index.php?rest_route=%2Fwp%2Fv2%2Fmedia&parent=2858"}],"curies":[{"name":"wp","href":"https:\/\/api.w.org\/{rel}","templated":true}]}}