{"id":163,"date":"2015-04-17T10:24:23","date_gmt":"2015-04-17T10:24:23","guid":{"rendered":"http:\/\/www.riformaremilano.polimi.it\/?page_id=163"},"modified":"2017-06-01T14:56:31","modified_gmt":"2017-06-01T14:56:31","slug":"ri-formare-milano-scuola-di-architettura-e-societa-1828-marzo-2014","status":"publish","type":"page","link":"https:\/\/www.riformaremilano.polimi.it\/?page_id=163","title":{"rendered":"Ri-formare Milano | Scuola di Architettura e Societ\u00e0 | 18 &#8211; 28 marzo 2014"},"content":{"rendered":"<p><strong>18-28 marzo 2014<br \/>\nRi-formare Milano<br \/>\n<\/strong>Spazio Mostre Guido Nardi, Scuola di Architettura e Societ\u00e0, Politecnico di Milano<\/p>\n<p>a cura di<br \/>\nBarbara Coppetti, Corinna Morandi<\/p>\n<p><a href=\"http:\/\/www.riformaremilano.polimi.it\/wp-content\/uploads\/2015\/04\/9.jpg\"><img loading=\"lazy\" decoding=\"async\" class=\"alignnone size-large wp-image-371\" src=\"http:\/\/www.riformaremilano.polimi.it\/wp-content\/uploads\/2015\/04\/9-1024x1024.jpg\" alt=\"9\" width=\"1024\" height=\"1024\" srcset=\"https:\/\/www.riformaremilano.polimi.it\/wp-content\/uploads\/2015\/04\/9-1024x1024.jpg 1024w, https:\/\/www.riformaremilano.polimi.it\/wp-content\/uploads\/2015\/04\/9-150x150.jpg 150w, https:\/\/www.riformaremilano.polimi.it\/wp-content\/uploads\/2015\/04\/9-300x300.jpg 300w\" sizes=\"auto, (max-width: 1024px) 100vw, 1024px\" \/><\/a><\/p>\n<p align=\"justify\">La mostra ha presentato una selezione dei primi lavori realizzati dagli studenti dei corsi e laboratori che hanno aderito al progetto Ri-formare Milano.\u00a0L\u2019adesione da parte dei docenti, tra cui alcuni visiting professors, \u00e8 stata molto consistente (22 tra laboratori e corsi) e significativa per la variet\u00e0 degli approcci progettuali e delle tecniche adottate e per la diversit\u00e0 delle scale e delle dimensioni dei progetti. Gli studenti hanno esplorato situazioni urbane diverse, dalla zona semicentrale consolidata alla periferia orientale dove la dismissione industriale, le infrastrutture e i progetti incompleti determinano situazioni di vuoti urbani e di degrado che influiscono negativamente sulla vivibilit\u00e0 di ampi contesti.<\/p>\n<p align=\"justify\">Questa prima mostra, curata da Barbara Coppetti, ha avuto un seguito con la presentazione dei progetti sviluppati nel secondo semestre. Gli esiti di questa prima fase e le prospettive di ulteriore sviluppo del progetto Ri-formare Milano sono stati presentati e commentati in un incontro, sempre presso lo Spazio Mostre della Scuola di Architettura e Societ\u00e0, tenutosi il giorno 26 marzo 2014, con la partecipazione del Vice Sindaco e Assessore all\u2019Urbanistica, Edilizia Privata e Agricoltura Ada Lucia De Cesaris del Comune di Milano, di Giuseppina Sordi Direttore centrale Sviluppo del Territorio, di Paolo Mazzoleni Presidente della Commissione Paesaggio e di Ennio Brion, imprenditore.<\/p>\n<p><a href=\"http:\/\/www.riformaremilano.polimi.it\/wp-content\/uploads\/2015\/04\/1.jpg\"><img loading=\"lazy\" decoding=\"async\" class=\"alignnone size-large wp-image-365\" src=\"http:\/\/www.riformaremilano.polimi.it\/wp-content\/uploads\/2015\/04\/1-1024x1024.jpg\" alt=\"1\" width=\"1024\" height=\"1024\" srcset=\"https:\/\/www.riformaremilano.polimi.it\/wp-content\/uploads\/2015\/04\/1-1024x1024.jpg 1024w, https:\/\/www.riformaremilano.polimi.it\/wp-content\/uploads\/2015\/04\/1-150x150.jpg 150w, https:\/\/www.riformaremilano.polimi.it\/wp-content\/uploads\/2015\/04\/1-300x300.jpg 300w\" sizes=\"auto, (max-width: 1024px) 100vw, 1024px\" \/><\/a><a href=\"http:\/\/www.riformaremilano.polimi.it\/wp-content\/uploads\/2015\/04\/2.jpg\"><img loading=\"lazy\" decoding=\"async\" class=\"alignnone size-large wp-image-366\" src=\"http:\/\/www.riformaremilano.polimi.it\/wp-content\/uploads\/2015\/04\/2-1024x1024.jpg\" alt=\"2\" width=\"1024\" height=\"1024\" srcset=\"https:\/\/www.riformaremilano.polimi.it\/wp-content\/uploads\/2015\/04\/2-1024x1024.jpg 1024w, https:\/\/www.riformaremilano.polimi.it\/wp-content\/uploads\/2015\/04\/2-150x150.jpg 150w, https:\/\/www.riformaremilano.polimi.it\/wp-content\/uploads\/2015\/04\/2-300x300.jpg 300w\" sizes=\"auto, (max-width: 1024px) 100vw, 1024px\" \/><\/a><a href=\"http:\/\/www.riformaremilano.polimi.it\/wp-content\/uploads\/2015\/04\/5.jpg\"><img loading=\"lazy\" decoding=\"async\" class=\"alignnone size-large wp-image-367\" src=\"http:\/\/www.riformaremilano.polimi.it\/wp-content\/uploads\/2015\/04\/5-1024x1024.jpg\" alt=\"5\" width=\"1024\" height=\"1024\" srcset=\"https:\/\/www.riformaremilano.polimi.it\/wp-content\/uploads\/2015\/04\/5-1024x1024.jpg 1024w, https:\/\/www.riformaremilano.polimi.it\/wp-content\/uploads\/2015\/04\/5-150x150.jpg 150w, https:\/\/www.riformaremilano.polimi.it\/wp-content\/uploads\/2015\/04\/5-300x300.jpg 300w\" sizes=\"auto, (max-width: 1024px) 100vw, 1024px\" \/><\/a><a href=\"http:\/\/www.riformaremilano.polimi.it\/wp-content\/uploads\/2015\/04\/6.jpg\"><img loading=\"lazy\" decoding=\"async\" class=\"alignnone size-large wp-image-368\" src=\"http:\/\/www.riformaremilano.polimi.it\/wp-content\/uploads\/2015\/04\/6-1024x1024.jpg\" alt=\"6\" width=\"1024\" height=\"1024\" srcset=\"https:\/\/www.riformaremilano.polimi.it\/wp-content\/uploads\/2015\/04\/6-1024x1024.jpg 1024w, https:\/\/www.riformaremilano.polimi.it\/wp-content\/uploads\/2015\/04\/6-150x150.jpg 150w, https:\/\/www.riformaremilano.polimi.it\/wp-content\/uploads\/2015\/04\/6-300x300.jpg 300w\" sizes=\"auto, (max-width: 1024px) 100vw, 1024px\" \/><\/a><a href=\"http:\/\/www.riformaremilano.polimi.it\/wp-content\/uploads\/2015\/04\/7.jpg\"><img loading=\"lazy\" decoding=\"async\" class=\"alignnone size-large wp-image-369\" src=\"http:\/\/www.riformaremilano.polimi.it\/wp-content\/uploads\/2015\/04\/7-1024x1024.jpg\" alt=\"7\" width=\"1024\" height=\"1024\" srcset=\"https:\/\/www.riformaremilano.polimi.it\/wp-content\/uploads\/2015\/04\/7-1024x1024.jpg 1024w, https:\/\/www.riformaremilano.polimi.it\/wp-content\/uploads\/2015\/04\/7-150x150.jpg 150w, https:\/\/www.riformaremilano.polimi.it\/wp-content\/uploads\/2015\/04\/7-300x300.jpg 300w\" sizes=\"auto, (max-width: 1024px) 100vw, 1024px\" \/><\/a><a href=\"http:\/\/www.riformaremilano.polimi.it\/wp-content\/uploads\/2015\/04\/8.jpg\"><img loading=\"lazy\" decoding=\"async\" class=\"alignnone size-large wp-image-370\" src=\"http:\/\/www.riformaremilano.polimi.it\/wp-content\/uploads\/2015\/04\/8-1024x1024.jpg\" alt=\"8\" width=\"1024\" height=\"1024\" srcset=\"https:\/\/www.riformaremilano.polimi.it\/wp-content\/uploads\/2015\/04\/8-1024x1024.jpg 1024w, https:\/\/www.riformaremilano.polimi.it\/wp-content\/uploads\/2015\/04\/8-150x150.jpg 150w, https:\/\/www.riformaremilano.polimi.it\/wp-content\/uploads\/2015\/04\/8-300x300.jpg 300w\" sizes=\"auto, (max-width: 1024px) 100vw, 1024px\" \/><\/a><a href=\"http:\/\/www.riformaremilano.polimi.it\/wp-content\/uploads\/2015\/04\/otto.jpg\"><img loading=\"lazy\" decoding=\"async\" class=\"alignnone size-large wp-image-381\" src=\"http:\/\/www.riformaremilano.polimi.it\/wp-content\/uploads\/2015\/04\/otto-1024x1024.jpg\" alt=\"otto\" width=\"1024\" height=\"1024\" srcset=\"https:\/\/www.riformaremilano.polimi.it\/wp-content\/uploads\/2015\/04\/otto-1024x1024.jpg 1024w, https:\/\/www.riformaremilano.polimi.it\/wp-content\/uploads\/2015\/04\/otto-150x150.jpg 150w, https:\/\/www.riformaremilano.polimi.it\/wp-content\/uploads\/2015\/04\/otto-300x300.jpg 300w\" sizes=\"auto, (max-width: 1024px) 100vw, 1024px\" \/><\/a><a href=\"http:\/\/www.riformaremilano.polimi.it\/wp-content\/uploads\/2015\/04\/10.jpg\"><img loading=\"lazy\" decoding=\"async\" class=\"alignnone size-large wp-image-372\" src=\"http:\/\/www.riformaremilano.polimi.it\/wp-content\/uploads\/2015\/04\/10-1024x1024.jpg\" alt=\"10\" width=\"1024\" height=\"1024\" srcset=\"https:\/\/www.riformaremilano.polimi.it\/wp-content\/uploads\/2015\/04\/10-1024x1024.jpg 1024w, https:\/\/www.riformaremilano.polimi.it\/wp-content\/uploads\/2015\/04\/10-150x150.jpg 150w, https:\/\/www.riformaremilano.polimi.it\/wp-content\/uploads\/2015\/04\/10-300x300.jpg 300w\" sizes=\"auto, (max-width: 1024px) 100vw, 1024px\" \/><\/a> <a href=\"http:\/\/www.riformaremilano.polimi.it\/wp-content\/uploads\/2015\/04\/11.jpg\"><img loading=\"lazy\" decoding=\"async\" class=\"alignnone size-large wp-image-373\" src=\"http:\/\/www.riformaremilano.polimi.it\/wp-content\/uploads\/2015\/04\/11-1024x1024.jpg\" alt=\"11\" width=\"1024\" height=\"1024\" srcset=\"https:\/\/www.riformaremilano.polimi.it\/wp-content\/uploads\/2015\/04\/11-1024x1024.jpg 1024w, https:\/\/www.riformaremilano.polimi.it\/wp-content\/uploads\/2015\/04\/11-150x150.jpg 150w, https:\/\/www.riformaremilano.polimi.it\/wp-content\/uploads\/2015\/04\/11-300x300.jpg 300w\" sizes=\"auto, (max-width: 1024px) 100vw, 1024px\" \/><\/a> <a href=\"http:\/\/www.riformaremilano.polimi.it\/wp-content\/uploads\/2015\/04\/12.jpg\"><img loading=\"lazy\" decoding=\"async\" class=\"alignnone size-large wp-image-374\" src=\"http:\/\/www.riformaremilano.polimi.it\/wp-content\/uploads\/2015\/04\/12-1024x1024.jpg\" alt=\"12\" width=\"1024\" height=\"1024\" srcset=\"https:\/\/www.riformaremilano.polimi.it\/wp-content\/uploads\/2015\/04\/12-1024x1024.jpg 1024w, https:\/\/www.riformaremilano.polimi.it\/wp-content\/uploads\/2015\/04\/12-150x150.jpg 150w, https:\/\/www.riformaremilano.polimi.it\/wp-content\/uploads\/2015\/04\/12-300x300.jpg 300w\" sizes=\"auto, (max-width: 1024px) 100vw, 1024px\" \/><\/a> <a href=\"http:\/\/www.riformaremilano.polimi.it\/wp-content\/uploads\/2015\/04\/13.jpg\"><img loading=\"lazy\" decoding=\"async\" class=\"alignnone size-large wp-image-375\" src=\"http:\/\/www.riformaremilano.polimi.it\/wp-content\/uploads\/2015\/04\/13-1024x1024.jpg\" alt=\"13\" width=\"1024\" height=\"1024\" srcset=\"https:\/\/www.riformaremilano.polimi.it\/wp-content\/uploads\/2015\/04\/13-1024x1024.jpg 1024w, https:\/\/www.riformaremilano.polimi.it\/wp-content\/uploads\/2015\/04\/13-150x150.jpg 150w, https:\/\/www.riformaremilano.polimi.it\/wp-content\/uploads\/2015\/04\/13-300x300.jpg 300w\" sizes=\"auto, (max-width: 1024px) 100vw, 1024px\" \/><\/a> <a href=\"http:\/\/www.riformaremilano.polimi.it\/wp-content\/uploads\/2015\/04\/14.jpg\"><img loading=\"lazy\" decoding=\"async\" class=\"alignnone size-large wp-image-376\" src=\"http:\/\/www.riformaremilano.polimi.it\/wp-content\/uploads\/2015\/04\/14-1024x1024.jpg\" alt=\"14\" width=\"1024\" height=\"1024\" srcset=\"https:\/\/www.riformaremilano.polimi.it\/wp-content\/uploads\/2015\/04\/14-1024x1024.jpg 1024w, https:\/\/www.riformaremilano.polimi.it\/wp-content\/uploads\/2015\/04\/14-150x150.jpg 150w, https:\/\/www.riformaremilano.polimi.it\/wp-content\/uploads\/2015\/04\/14-300x300.jpg 300w\" sizes=\"auto, (max-width: 1024px) 100vw, 1024px\" \/><\/a> <a href=\"http:\/\/www.riformaremilano.polimi.it\/wp-content\/uploads\/2015\/04\/15.jpg\"><img loading=\"lazy\" decoding=\"async\" class=\"alignnone size-large wp-image-377\" src=\"http:\/\/www.riformaremilano.polimi.it\/wp-content\/uploads\/2015\/04\/15-1024x1024.jpg\" alt=\"15\" width=\"1024\" height=\"1024\" srcset=\"https:\/\/www.riformaremilano.polimi.it\/wp-content\/uploads\/2015\/04\/15-1024x1024.jpg 1024w, https:\/\/www.riformaremilano.polimi.it\/wp-content\/uploads\/2015\/04\/15-150x150.jpg 150w, https:\/\/www.riformaremilano.polimi.it\/wp-content\/uploads\/2015\/04\/15-300x300.jpg 300w\" sizes=\"auto, (max-width: 1024px) 100vw, 1024px\" \/><\/a> <a href=\"http:\/\/www.riformaremilano.polimi.it\/wp-content\/uploads\/2015\/04\/16.jpg\"><img loading=\"lazy\" decoding=\"async\" class=\"alignnone size-large wp-image-378\" src=\"http:\/\/www.riformaremilano.polimi.it\/wp-content\/uploads\/2015\/04\/16-1024x1024.jpg\" alt=\"16\" width=\"1024\" height=\"1024\" srcset=\"https:\/\/www.riformaremilano.polimi.it\/wp-content\/uploads\/2015\/04\/16-1024x1024.jpg 1024w, https:\/\/www.riformaremilano.polimi.it\/wp-content\/uploads\/2015\/04\/16-150x150.jpg 150w, https:\/\/www.riformaremilano.polimi.it\/wp-content\/uploads\/2015\/04\/16-300x300.jpg 300w\" sizes=\"auto, (max-width: 1024px) 100vw, 1024px\" \/><\/a><\/p>\n<p>Photo: Martina Sogni<\/p>\n<p>&nbsp;<\/p>\n<p><strong>Credits\u00a0<\/strong><\/p>\n<p>Ri-formare Milano<br \/>\n<em>Re-forming Milan<\/em><\/p>\n<p align=\"justify\">Esposizione dei risultati della prima fase di sperimentazione e ricerca progettuale condotta nei laboratori e corsi della Scuola di Architettura e Societ\u00e0 del Politecnico di Milano in collaborazione con l\u2019Assessorato all\u2019Urbanistica, Edilizia Privata, Agricoltura del Comune di Milano.<\/p>\n<p align=\"justify\"><em>Exhibition of the results of the first phase of design experimentation and research developed by design studios and courses of the School of Architecture and Society of the Polytechnic of Milan in cooperation with the Department\u00a0<\/em><em>of Urban Planning, Private Construction and Agriculture of the Municipality of Milan.<\/em><\/p>\n<p><strong>Organizzata da<\/strong> \/<em> Organized by<\/em><br \/>\nPolitecnico di Milano &#8211; Scuola di Architettura e Societ\u00e0<\/p>\n<p><strong>In collaborazione con<\/strong> \/ <em>In collaboration with<\/em><br \/>\nComune di Milano &#8211; Assessorato all\u2019Urbanistica, Edilizia Privata, Agricoltura<\/p>\n<p><strong>Con il contributo scientifico di<\/strong> \/ <em>With the scientific collaboration of<\/em><br \/>\nPolitecnico di Milano &#8211;\u00a0DAStU &#8211; Dipartimento di Architettura e Studi Urbani<br \/>\nRicerca MIUR &#8211; PRIN 2010 &#8211; Re-Cycle Italy (U.R. Politecnico di Milano)<br \/>\nTemporiuso &#8211; Politecnico di Milano<\/p>\n<p><strong>Mostra a cura di<\/strong> \/<em> Exhibition curated by<\/em><br \/>\nBarbara Coppetti,\u00a0Corinna Morandi<br \/>\nCon la collaborazione di \/<em> In collaboration with<\/em><br \/>\nGiulia Setti, Martina Sogni<\/p>\n<p><a href=\"http:\/\/www.riformaremilano.polimi.it\/wp-content\/uploads\/2015\/04\/LOCANDINA-MOSTRA_WEB.jpg\"><img loading=\"lazy\" decoding=\"async\" class=\"alignnone wp-image-402 size-large\" src=\"http:\/\/www.riformaremilano.polimi.it\/wp-content\/uploads\/2015\/04\/LOCANDINA-MOSTRA_WEB-1024x202.jpg\" alt=\"LOCANDINA-MOSTRA_WEB\" width=\"1024\" height=\"202\" srcset=\"https:\/\/www.riformaremilano.polimi.it\/wp-content\/uploads\/2015\/04\/LOCANDINA-MOSTRA_WEB-1024x202.jpg 1024w, https:\/\/www.riformaremilano.polimi.it\/wp-content\/uploads\/2015\/04\/LOCANDINA-MOSTRA_WEB-300x59.jpg 300w\" sizes=\"auto, (max-width: 1024px) 100vw, 1024px\" \/><\/a><\/p>\n","protected":false},"excerpt":{"rendered":"<p>18-28 marzo 2014 Ri-formare Milano Spazio Mostre Guido Nardi, Scuola di Architettura e Societ\u00e0, Politecnico&#8230;<\/p>\n","protected":false},"author":2,"featured_media":0,"parent":0,"menu_order":0,"comment_status":"closed","ping_status":"open","template":"","meta":{"footnotes":""},"class_list":["post-163","page","type-page","status-publish","hentry"],"_links":{"self":[{"href":"https:\/\/www.riformaremilano.polimi.it\/index.php?rest_route=\/wp\/v2\/pages\/163","targetHints":{"allow":["GET"]}}],"collection":[{"href":"https:\/\/www.riformaremilano.polimi.it\/index.php?rest_route=\/wp\/v2\/pages"}],"about":[{"href":"https:\/\/www.riformaremilano.polimi.it\/index.php?rest_route=\/wp\/v2\/types\/page"}],"author":[{"embeddable":true,"href":"https:\/\/www.riformaremilano.polimi.it\/index.php?rest_route=\/wp\/v2\/users\/2"}],"replies":[{"embeddable":true,"href":"https:\/\/www.riformaremilano.polimi.it\/index.php?rest_route=%2Fwp%2Fv2%2Fcomments&post=163"}],"version-history":[{"count":11,"href":"https:\/\/www.riformaremilano.polimi.it\/index.php?rest_route=\/wp\/v2\/pages\/163\/revisions"}],"predecessor-version":[{"id":2592,"href":"https:\/\/www.riformaremilano.polimi.it\/index.php?rest_route=\/wp\/v2\/pages\/163\/revisions\/2592"}],"wp:attachment":[{"href":"https:\/\/www.riformaremilano.polimi.it\/index.php?rest_route=%2Fwp%2Fv2%2Fmedia&parent=163"}],"curies":[{"name":"wp","href":"https:\/\/api.w.org\/{rel}","templated":true}]}}