{"id":1533,"date":"2016-01-30T00:39:54","date_gmt":"2016-01-30T00:39:54","guid":{"rendered":"http:\/\/www.riformaremilano.polimi.it\/?page_id=1533"},"modified":"2016-01-30T00:40:56","modified_gmt":"2016-01-30T00:40:56","slug":"tesi-di-laurea-magistrale-pierini-isastia","status":"publish","type":"page","link":"https:\/\/www.riformaremilano.polimi.it\/?page_id=1533","title":{"rendered":"Tesi di Laurea Magistrale | Pierini, Isastia"},"content":{"rendered":"<p><strong>8. <a href=\"http:\/\/www.riformaremilano.polimi.it\/?p=97\">VIA LAMARMOR<\/a><\/strong><a href=\"http:\/\/www.riformaremilano.polimi.it\/?p=97\"><strong>A &#8211; VIA ORTI<\/strong><\/a> &#8211; INTERNO URBANO ABBANDONATO<\/p>\n<p><strong>Tesi di Laurea Magistrale &#8211;\u00a0Mauro Davide Savino<\/strong><br \/>\nRelatore:\u00a0Orsina Simona Pierini<br \/>\nCorrelatore:\u00a0Alessandro\u00a0Isastia<\/p>\n<p><a href=\"http:\/\/www.riformaremilano.polimi.it\/wp-content\/uploads\/2016\/01\/9b-via-lamarmora.jpg\"><img loading=\"lazy\" decoding=\"async\" class=\"alignleft size-full wp-image-1534\" src=\"http:\/\/www.riformaremilano.polimi.it\/wp-content\/uploads\/2016\/01\/9b-via-lamarmora.jpg\" alt=\"9b---via-lamarmora\" width=\"2000\" height=\"2000\" srcset=\"https:\/\/www.riformaremilano.polimi.it\/wp-content\/uploads\/2016\/01\/9b-via-lamarmora.jpg 2000w, https:\/\/www.riformaremilano.polimi.it\/wp-content\/uploads\/2016\/01\/9b-via-lamarmora-80x80.jpg 80w, https:\/\/www.riformaremilano.polimi.it\/wp-content\/uploads\/2016\/01\/9b-via-lamarmora-300x300.jpg 300w, https:\/\/www.riformaremilano.polimi.it\/wp-content\/uploads\/2016\/01\/9b-via-lamarmora-1024x1024.jpg 1024w\" sizes=\"auto, (max-width: 2000px) 100vw, 2000px\" \/><\/a><\/p>\n<p>Il lavoro svolto risponde alla richiesta del Comune di Milano di costruire e\/o riqualificare diverse aree del comune.\u00a0La tesi che si presenta approfondisce il tema della residenza-lavoro articolata nella sua complessit\u00e0 compositiva tramite differenti soluzioni architettoniche e secondo le tre parole chiave residenza\/lavoro, funzionalit\u00e0 ed estetica.\u00a0Il progetto prevede la demolizione dell\u2019edificato preesistente e la ricostruzione del fronte di via Lamarmora con un nuovo edificio. Il corpo di fabbrica articola la parte principalmente adibita ad uffici a piano terra e all&#8217;interrato; ogni modulo \u00e8 composto da un grande spazio che \u00e8 possibile suddividere in due tramite delle pareti mobili. Il primo piano \u00e8 servito da una strada in quota posta sul fronte cittadino, che viene utilizzata per l&#8217;ingresso delle residenze duplex e dei piccoli studi privati annessi all&#8217;abitazione. L&#8217;utilizzo del ballatoio permette di disimpegnare in modo intelligente tutto l&#8217;edificio di lunghezza 97m e di garantire l&#8217;ingresso autonomo per le piccole cellule lavorative. Il piano dell&#8217;attico presenta un taglio dato dal corridoio a cielo aperto che identifica a sud le residenze e a nord gli atelier. Sul piano e\u0300 presente anche una zona espositiva che i proprietari dei laboratori possono sfruttare per presentare le proprie opere.\u00a0L\u2019alzato su via Lamarmora aggetta sulla strada, intento accentuato dalla scansione dei \u201cblocchi\u201d con rivestimento in legno che sormontano il ballatoio. Questo espediente volumetrico serve anche per scandire il prospetto che sarebbe altrimenti di notevole lunghezza, ulteriormente articolato nel punto in cui il fronte intercetta della via Micca: qui il piano terra si piega per definire l&#8217;ingresso al bar ristorante, cambiando di conseguenza il prospetto tanto all\u2019esterno che all\u2019interno.<\/p>\n","protected":false},"excerpt":{"rendered":"<p>8. VIA LAMARMORA &#8211; VIA ORTI &#8211; INTERNO URBANO ABBANDONATO Tesi di Laurea Magistrale &#8211;\u00a0Mauro&#8230;<\/p>\n","protected":false},"author":2,"featured_media":0,"parent":0,"menu_order":0,"comment_status":"closed","ping_status":"open","template":"","meta":{"footnotes":""},"class_list":["post-1533","page","type-page","status-publish","hentry"],"_links":{"self":[{"href":"https:\/\/www.riformaremilano.polimi.it\/index.php?rest_route=\/wp\/v2\/pages\/1533","targetHints":{"allow":["GET"]}}],"collection":[{"href":"https:\/\/www.riformaremilano.polimi.it\/index.php?rest_route=\/wp\/v2\/pages"}],"about":[{"href":"https:\/\/www.riformaremilano.polimi.it\/index.php?rest_route=\/wp\/v2\/types\/page"}],"author":[{"embeddable":true,"href":"https:\/\/www.riformaremilano.polimi.it\/index.php?rest_route=\/wp\/v2\/users\/2"}],"replies":[{"embeddable":true,"href":"https:\/\/www.riformaremilano.polimi.it\/index.php?rest_route=%2Fwp%2Fv2%2Fcomments&post=1533"}],"version-history":[{"count":1,"href":"https:\/\/www.riformaremilano.polimi.it\/index.php?rest_route=\/wp\/v2\/pages\/1533\/revisions"}],"predecessor-version":[{"id":1535,"href":"https:\/\/www.riformaremilano.polimi.it\/index.php?rest_route=\/wp\/v2\/pages\/1533\/revisions\/1535"}],"wp:attachment":[{"href":"https:\/\/www.riformaremilano.polimi.it\/index.php?rest_route=%2Fwp%2Fv2%2Fmedia&parent=1533"}],"curies":[{"name":"wp","href":"https:\/\/api.w.org\/{rel}","templated":true}]}}