{"id":1491,"date":"2016-01-29T23:51:58","date_gmt":"2016-01-29T23:51:58","guid":{"rendered":"http:\/\/www.riformaremilano.polimi.it\/?page_id=1491"},"modified":"2016-01-29T23:51:58","modified_gmt":"2016-01-29T23:51:58","slug":"tesi-di-laurea-magistrale-rizzi-gatti","status":"publish","type":"page","link":"https:\/\/www.riformaremilano.polimi.it\/?page_id=1491","title":{"rendered":"Tesi di Laurea Magistrale | Rizzi, Gatti"},"content":{"rendered":"<p><strong>5.\u00a0<a href=\"http:\/\/www.riformaremilano.polimi.it\/?p=106\">EX CINEMA MAESTOSO<\/a><\/strong> \u2013 OBSOLESCENZA DELLA SCENA URBANA<\/p>\n<p><strong>Tesi di Laurea Magistrale &#8211;\u00a0Antonio Cinquegrana, Silvia Diodato, Silvia Pozzi<\/strong><br \/>\nRelatore:\u00a0Roberto Rizzi<br \/>\nCorrelatore:\u00a0Luisa Gatti<\/p>\n<p><a href=\"http:\/\/www.riformaremilano.polimi.it\/wp-content\/uploads\/2016\/01\/14b-maestoso.jpg\"><img loading=\"lazy\" decoding=\"async\" class=\"alignleft size-full wp-image-1492\" src=\"http:\/\/www.riformaremilano.polimi.it\/wp-content\/uploads\/2016\/01\/14b-maestoso.jpg\" alt=\"14b---maestoso\" width=\"2000\" height=\"2000\" srcset=\"https:\/\/www.riformaremilano.polimi.it\/wp-content\/uploads\/2016\/01\/14b-maestoso.jpg 2000w, https:\/\/www.riformaremilano.polimi.it\/wp-content\/uploads\/2016\/01\/14b-maestoso-80x80.jpg 80w, https:\/\/www.riformaremilano.polimi.it\/wp-content\/uploads\/2016\/01\/14b-maestoso-300x300.jpg 300w, https:\/\/www.riformaremilano.polimi.it\/wp-content\/uploads\/2016\/01\/14b-maestoso-1024x1024.jpg 1024w\" sizes=\"auto, (max-width: 2000px) 100vw, 2000px\" \/><\/a>L\u2019ambito d\u2019interesse \u00e8 l\u2019ex cinema Maestoso in Piazzale Lodi a Milano.\u00a0Protagonista del progetto \u00e8 il Microteatro: le performance avvengono simultaneamente in stanze di 15 mq, per 15\u00a0minuti, per 15 spettatori e si ripetono durante l\u2019arco della serata. Il volume della sala \u00e8 svuotato e ogni nuovo elemento\u00a0si posiziona sul suo perimetro affacciandosi sulla piazza coperta. Le stanze del Microteatro seguono la variazione di\u00a0un modulo; si pongono a ridosso della parete longitudinale della sala con affaccio da entrambi i fronti e disegnando\u00a0una nuova facciata. La torre scenica \u00e8 suddivisa in sei piani che ospitano camerini per attori, palco, laboratorio di\u00a0scenografia, piano espositivo e uffici. Dal piano espositivo si snoda un percorso che copre l\u2019intera lunghezza del\u00a0secondo lato longitudinale, che unisce attraverso delle pedane a quote decrescenti il vecchio volume d\u2019ingresso e\u00a0quello del bar, posizionandosi frontalmente alla parete del Microteatro. Il volume d\u2019ingresso consente l\u2019accesso alla\u00a0piazza interna e l\u2019arrivo alle pedane sopraelevate attraverso le vecchie scalinate monumentali, riconvertite a bar. Il\u00a0cortile \u00e8 chiuso da un involucro di vetro ed \u00e8 trasformato in ristorante. Nel vecchio bar Italia \u00e8 inserito un volume a torre\u00a0pensato per dare un nuovo fronte all\u2019edificio, cos\u00ec da relazionarsi in modo pi\u00f9 deciso anche con gli altri edifici che\u00a0affacciano sul piazzale e romperne il carattere monolitico e introverso. La nuova torre ospita un ostello e degli\u00a0appartamenti, destinati alle compagnie di attori che si alternano nella struttura. Di particolare rilievo nel progetto \u00e8 la\u00a0rivalutazione del percorso ciclo-pedonale interno all\u2019isolato che si prefigge di ricucire servizi di quartiere, passando per\u00a0il nuovo MicroMaestoso e concludendosi in Piazzale Lodi. Il progetto dunque si prefigge dei precisi obiettivi: esaltare\u00a0il carattere urbano ed extra-urbano dell\u2019edificio, proporre una nuova tipologia teatrale innovativa e pi\u00f9 accessibile dal\u00a0pubblico, una forma di rappresentazione che si sta diffondendo con grande velocit\u00e0 in molti paesi europei,\u00a0approfondire e perfezionare le necessit\u00e0 proprie di una struttura come il Microteatro, rendere collaboranti e dare un\u00a0preciso carattere architettonico ai singoli elementi che compongono questo sistema complesso.<\/p>\n","protected":false},"excerpt":{"rendered":"<p>5.\u00a0EX CINEMA MAESTOSO \u2013 OBSOLESCENZA DELLA SCENA URBANA Tesi di Laurea Magistrale &#8211;\u00a0Antonio Cinquegrana, Silvia&#8230;<\/p>\n","protected":false},"author":2,"featured_media":0,"parent":0,"menu_order":0,"comment_status":"closed","ping_status":"open","template":"","meta":{"footnotes":""},"class_list":["post-1491","page","type-page","status-publish","hentry"],"_links":{"self":[{"href":"https:\/\/www.riformaremilano.polimi.it\/index.php?rest_route=\/wp\/v2\/pages\/1491","targetHints":{"allow":["GET"]}}],"collection":[{"href":"https:\/\/www.riformaremilano.polimi.it\/index.php?rest_route=\/wp\/v2\/pages"}],"about":[{"href":"https:\/\/www.riformaremilano.polimi.it\/index.php?rest_route=\/wp\/v2\/types\/page"}],"author":[{"embeddable":true,"href":"https:\/\/www.riformaremilano.polimi.it\/index.php?rest_route=\/wp\/v2\/users\/2"}],"replies":[{"embeddable":true,"href":"https:\/\/www.riformaremilano.polimi.it\/index.php?rest_route=%2Fwp%2Fv2%2Fcomments&post=1491"}],"version-history":[{"count":1,"href":"https:\/\/www.riformaremilano.polimi.it\/index.php?rest_route=\/wp\/v2\/pages\/1491\/revisions"}],"predecessor-version":[{"id":1493,"href":"https:\/\/www.riformaremilano.polimi.it\/index.php?rest_route=\/wp\/v2\/pages\/1491\/revisions\/1493"}],"wp:attachment":[{"href":"https:\/\/www.riformaremilano.polimi.it\/index.php?rest_route=%2Fwp%2Fv2%2Fmedia&parent=1491"}],"curies":[{"name":"wp","href":"https:\/\/api.w.org\/{rel}","templated":true}]}}