{"id":1485,"date":"2016-01-29T23:44:31","date_gmt":"2016-01-29T23:44:31","guid":{"rendered":"http:\/\/www.riformaremilano.polimi.it\/?page_id=1485"},"modified":"2016-02-19T10:18:27","modified_gmt":"2016-02-19T10:18:27","slug":"tesi-di-laurea-magistrale-valente-bricocoli","status":"publish","type":"page","link":"https:\/\/www.riformaremilano.polimi.it\/?page_id=1485","title":{"rendered":"Tesi di Laurea Magistrale | Valente, Bricocoli"},"content":{"rendered":"<p><strong>5.\u00a0<a href=\"http:\/\/www.riformaremilano.polimi.it\/?p=106\">EX CINEMA MAESTOSO<\/a><\/strong> \u2013 OBSOLESCENZA DELLA SCENA URBANA<\/p>\n<p><strong>Tesi di Laurea Magistrale &#8211; Francesca Berni<\/strong><br \/>\nRelatore:\u00a0Ilaria Valente<br \/>\nCorrelatore: Massimo Bricocoli<\/p>\n<p><a href=\"http:\/\/www.riformaremilano.polimi.it\/wp-content\/uploads\/2016\/01\/14a-maestoso.jpg\"><img loading=\"lazy\" decoding=\"async\" class=\"alignleft size-full wp-image-1488\" src=\"http:\/\/www.riformaremilano.polimi.it\/wp-content\/uploads\/2016\/01\/14a-maestoso.jpg\" alt=\"14a---maestoso\" width=\"2000\" height=\"2000\" srcset=\"https:\/\/www.riformaremilano.polimi.it\/wp-content\/uploads\/2016\/01\/14a-maestoso.jpg 2000w, https:\/\/www.riformaremilano.polimi.it\/wp-content\/uploads\/2016\/01\/14a-maestoso-80x80.jpg 80w, https:\/\/www.riformaremilano.polimi.it\/wp-content\/uploads\/2016\/01\/14a-maestoso-300x300.jpg 300w, https:\/\/www.riformaremilano.polimi.it\/wp-content\/uploads\/2016\/01\/14a-maestoso-1024x1024.jpg 1024w\" sizes=\"auto, (max-width: 2000px) 100vw, 2000px\" \/><\/a><\/p>\n<p>L\u2019ex-cinema Maestoso si protende verso Piazzale Lodi e si fa testimone silenzioso dello scorrere simultaneo di parti di citt\u00e0. Il programma interpreta il continuo scorrere dei flussi e si fa incubatore: scatola che intercetta, raccoglie, mescola, combina, sperimenta. La danza e il video sono le due pratiche scelte per articolare questo brano di citt\u00e0. Luogo della citt\u00e0 e luogo della rappresentazione stanno assieme, mettendo in discussione la tradizionale concezione dello spazio teatrale e del suo rapporto con l\u2019urbano. Il progetto interviene nel costruito, sottraendo parti, addizionandone di nuove. Nasce da un movimento contrapposto di linee e di spazi che inviluppano l\u2019esistente convergendo in un doppio fuoco centrale: la sala ellittica della rappresentazione e delle arti performative. Tutte le campate dei due muri preesistenti sono permeabili in un rapporto di continuit\u00e0 e di osmosi fra il \u2018dentro\u2019 e il \u2018fuori\u2019 del recinto. La piattaforma urbana che si viene a determinare \u00e8 qui intesa come punto di partenza per il decollo della rampa all\u2019esterno e per il piano della sala, all\u2019interno. Un campo di forze in movimento : \u00e8 lo spazio ellittico in cui si avvitano e si placano le spirali contrapposte della genesi del progetto; \u00e8 il grande palco sospeso per la pratica della danza. Lo spazio \u00e8 simmetrico ed il piano non ha angoli per realizzare una forma fluida e continua, sensibile alla variazione della luce naturale regolata anche da un sistema di tende soprastanti. Esiste un\u2019interiorit\u00e0 dentro il complesso ed un\u2019esteriorit\u00e0 intermedia: queste due dimensioni cercano di essere governate da un unico movimento generativo che \u00e8 quello dell\u2019inviluppo. Cos\u00ec come interiorit\u00e0 ed esteriorit\u00e0 si oppongono ma al contempo abitano la stessa sintassi, cos\u00ec \u00e8 vera la contrapposizione\/coincidenza tra lo spazio del teatro (rappresentazione) e lo spazio urbano (citt\u00e0). L\u2019archivio sfrutta un altro genere di preesistenza, quella del vuoto longitudinale, alto e stretto affacciato su Viale Umbria. La parete \/archivio \u00e8 servita da un nodo distributivo costituito da servizi e sistemi di risalita attraverso cui confluisce nello spazio retrostante la sala. Con la copertura infine si ha, di nuovo, una doppia percezione dello spazio: all\u2019esterno \u00e8 un volume sospeso e compatto, all\u2019interno \u00e8 un piano tagliato e frastagliato in scaglie che scattano all\u2019interno accogliendo e al contempo tamponando l\u2019arrivo della luce.<\/p>\n","protected":false},"excerpt":{"rendered":"<p>5.\u00a0EX CINEMA MAESTOSO \u2013 OBSOLESCENZA DELLA SCENA URBANA Tesi di Laurea Magistrale &#8211; Francesca Berni&#8230;<\/p>\n","protected":false},"author":2,"featured_media":0,"parent":0,"menu_order":0,"comment_status":"closed","ping_status":"open","template":"","meta":{"footnotes":""},"class_list":["post-1485","page","type-page","status-publish","hentry"],"_links":{"self":[{"href":"https:\/\/www.riformaremilano.polimi.it\/index.php?rest_route=\/wp\/v2\/pages\/1485","targetHints":{"allow":["GET"]}}],"collection":[{"href":"https:\/\/www.riformaremilano.polimi.it\/index.php?rest_route=\/wp\/v2\/pages"}],"about":[{"href":"https:\/\/www.riformaremilano.polimi.it\/index.php?rest_route=\/wp\/v2\/types\/page"}],"author":[{"embeddable":true,"href":"https:\/\/www.riformaremilano.polimi.it\/index.php?rest_route=\/wp\/v2\/users\/2"}],"replies":[{"embeddable":true,"href":"https:\/\/www.riformaremilano.polimi.it\/index.php?rest_route=%2Fwp%2Fv2%2Fcomments&post=1485"}],"version-history":[{"count":2,"href":"https:\/\/www.riformaremilano.polimi.it\/index.php?rest_route=\/wp\/v2\/pages\/1485\/revisions"}],"predecessor-version":[{"id":1731,"href":"https:\/\/www.riformaremilano.polimi.it\/index.php?rest_route=\/wp\/v2\/pages\/1485\/revisions\/1731"}],"wp:attachment":[{"href":"https:\/\/www.riformaremilano.polimi.it\/index.php?rest_route=%2Fwp%2Fv2%2Fmedia&parent=1485"}],"curies":[{"name":"wp","href":"https:\/\/api.w.org\/{rel}","templated":true}]}}